{"id":1679,"date":"2022-02-02T10:20:21","date_gmt":"2022-02-02T09:20:21","guid":{"rendered":"https:\/\/katholm-gods.dk\/katholm-goetter\/"},"modified":"2026-04-23T14:17:16","modified_gmt":"2026-04-23T12:17:16","slug":"katholm-goetter","status":"publish","type":"page","link":"https:\/\/katholm-gods.dk\/de\/","title":{"rendered":"Katholm Gut"},"content":{"rendered":"\t\t<div data-elementor-type=\"wp-page\" data-elementor-id=\"1679\" class=\"elementor elementor-1679 elementor-19\" data-elementor-post-type=\"page\">\n\t\t\t\t<div class=\"elementor-element elementor-element-2195d4a e-con-full e-flex e-con e-parent\" data-id=\"2195d4a\" data-element_type=\"container\" data-e-type=\"container\" data-settings=\"{&quot;background_background&quot;:&quot;video&quot;,&quot;background_play_on_mobile&quot;:&quot;yes&quot;,&quot;background_video_link&quot;:&quot;https:\\\/\\\/vimeo.com\\\/716340009\\\/a1f41d439a &quot;,&quot;jet_parallax_layout_list&quot;:[]}\">\n\t\t<div class=\"elementor-background-video-container\">\n\t\t\t\t\t\t\t<div class=\"elementor-background-video-embed\" role=\"presentation\"><\/div>\n\t\t\t\t\t\t<\/div>\t\t<div class=\"elementor-element elementor-element-ba033e4 elementor-widget-tablet__width-inherit elementor-widget elementor-widget-heading\" data-id=\"ba033e4\" data-element_type=\"widget\" data-e-type=\"widget\" data-widget_type=\"heading.default\">\n\t\t\t\t\t<h1 class=\"elementor-heading-title elementor-size-default\">Willkommen bei<br> Katholm Estate<\/h1>\t\t\t\t<\/div>\n\t\t<div class=\"elementor-element elementor-element-313fc0e e-grid e-con-full e-con e-child\" data-id=\"313fc0e\" data-element_type=\"container\" data-e-type=\"container\" data-settings=\"{&quot;jet_parallax_layout_list&quot;:[]}\">\n\t\t\t\t<a class=\"elementor-element elementor-element-115c6e9 e-con e-atomic-element e-flexbox-base e-115c6e9-dbb7d3c Blur_box\" data-id=\"115c6e9\" data-element_type=\"e-flexbox\" data-e-type=\"e-flexbox\" data-interaction-id=\"115c6e9\" data-e-type=\"e-flexbox\" data-id=\"115c6e9\" href=\"https:\/\/katholm-gods.dk\/udlejning\/\" target=\"_self\">\n\t\t\t\t<div class=\"elementor-element elementor-element-bb0a65b elementor-view-default elementor-widget elementor-widget-icon\" data-id=\"bb0a65b\" data-element_type=\"widget\" data-e-type=\"widget\" data-widget_type=\"icon.default\">\n\t\t\t\t\t\t\t<div class=\"elementor-icon-wrapper\">\n\t\t\t<div class=\"elementor-icon\">\n\t\t\t<svg aria-hidden=\"true\" class=\"e-font-icon-svg e-fas-home\" viewBox=\"0 0 576 512\" xmlns=\"http:\/\/www.w3.org\/2000\/svg\"><path d=\"M280.37 148.26L96 300.11V464a16 16 0 0 0 16 16l112.06-.29a16 16 0 0 0 15.92-16V368a16 16 0 0 1 16-16h64a16 16 0 0 1 16 16v95.64a16 16 0 0 0 16 16.05L464 480a16 16 0 0 0 16-16V300L295.67 148.26a12.19 12.19 0 0 0-15.3 0zM571.6 251.47L488 182.56V44.05a12 12 0 0 0-12-12h-56a12 12 0 0 0-12 12v72.61L318.47 43a48 48 0 0 0-61 0L4.34 251.47a12 12 0 0 0-1.6 16.9l25.5 31A12 12 0 0 0 45.15 301l235.22-193.74a12.19 12.19 0 0 1 15.3 0L530.9 301a12 12 0 0 0 16.9-1.6l25.5-31a12 12 0 0 0-1.7-16.93z\"><\/path><\/svg>\t\t\t<\/div>\n\t\t<\/div>\n\t\t\t\t\t\t<\/div>\n\t\t\t\t\t\t\t<h2 \n\t\tdata-interaction-id=\"1204d16\" \n\t\tclass=\"hvid_tekst e-1204d16-aa35901 e-heading-base\" \n\t\t \n\t\tdata-e-type=\"widget\" data-id=\"1204d16\"\n\t>\n\t\n\t\t\tVermietung\n\t\t<\/h2>\n\t\t\t\t\t\t\t\t<p class=\"hvid_tekst e-c9afd0e-a1af704 e-paragraph-base\" data-interaction-id=\"c9afd0e\"  data-e-type=\"widget\" data-id=\"c9afd0e\">\n\t\t\t\t\t\t\t\tKatholm Estate verf\u00fcgt \u00fcber eine Reihe von Immobilien, die als Ferienh\u00e4user oder Ganzjahreswohnungen vermietet werden.\n\t\t\t\t\t<\/p>\n\t\t\t\t<\/a>\n\t\t\t\t<a class=\"elementor-element elementor-element-137f163 e-con e-atomic-element e-flexbox-base e-137f163-6846aa7 Blur_box\" data-id=\"137f163\" data-element_type=\"e-flexbox\" data-e-type=\"e-flexbox\" data-interaction-id=\"137f163\" data-e-type=\"e-flexbox\" data-id=\"137f163\" href=\"https:\/\/katholm-gods.dk\/landbrug-skovbrug-jagt\/\" target=\"_self\">\n\t\t\t\t<div class=\"elementor-element elementor-element-32a5c6c elementor-view-default elementor-widget elementor-widget-icon\" data-id=\"32a5c6c\" data-element_type=\"widget\" data-e-type=\"widget\" data-widget_type=\"icon.default\">\n\t\t\t\t\t\t\t<div class=\"elementor-icon-wrapper\">\n\t\t\t<div class=\"elementor-icon\">\n\t\t\t<svg aria-hidden=\"true\" class=\"e-font-icon-svg e-fas-tree\" viewBox=\"0 0 384 512\" xmlns=\"http:\/\/www.w3.org\/2000\/svg\"><path d=\"M378.31 378.49L298.42 288h30.63c9.01 0 16.98-5 20.78-13.06 3.8-8.04 2.55-17.26-3.28-24.05L268.42 160h28.89c9.1 0 17.3-5.35 20.86-13.61 3.52-8.13 1.86-17.59-4.24-24.08L203.66 4.83c-6.03-6.45-17.28-6.45-23.32 0L70.06 122.31c-6.1 6.49-7.75 15.95-4.24 24.08C69.38 154.65 77.59 160 86.69 160h28.89l-78.14 90.91c-5.81 6.78-7.06 15.99-3.27 24.04C37.97 283 45.93 288 54.95 288h30.63L5.69 378.49c-6 6.79-7.36 16.09-3.56 24.26 3.75 8.05 12 13.25 21.01 13.25H160v24.45l-30.29 48.4c-5.32 10.64 2.42 23.16 14.31 23.16h95.96c11.89 0 19.63-12.52 14.31-23.16L224 440.45V416h136.86c9.01 0 17.26-5.2 21.01-13.25 3.8-8.17 2.44-17.47-3.56-24.26z\"><\/path><\/svg>\t\t\t<\/div>\n\t\t<\/div>\n\t\t\t\t\t\t<\/div>\n\t\t\t\t\t\t\t<h2 \n\t\tdata-interaction-id=\"93bf76e\" \n\t\tclass=\"hvid_tekst e-93bf76e-49c720c e-heading-base\" \n\t\t \n\t\tdata-e-type=\"widget\" data-id=\"93bf76e\"\n\t>\n\t\n\t\t\tForstwirtschaft und Landwirtschaft\n\t\t<\/h2>\n\t\t\t\t\t\t\t\t<p class=\"hvid_tekst e-53f34e6-141dce2 e-paragraph-base\" data-interaction-id=\"53f34e6\"  data-e-type=\"widget\" data-id=\"53f34e6\">\n\t\t\t\t\t\t\t\tDas Weingut umfasst insgesamt 1170 Hektar. Davon 520 ha Landwirtschaft und 650 ha Forstwirtschaft.\n\t\t\t\t\t<\/p>\n\t\t\t\t<\/a>\n\t\t\t\t<a class=\"elementor-element elementor-element-02459cc e-con e-atomic-element e-flexbox-base e-02459cc-6b564ae Blur_box\" data-id=\"02459cc\" data-element_type=\"e-flexbox\" data-e-type=\"e-flexbox\" data-interaction-id=\"02459cc\" data-e-type=\"e-flexbox\" data-id=\"02459cc\" href=\"https:\/\/katholm-gods.dk\/historie\/\" target=\"_self\">\n\t\t\t\t<div class=\"elementor-element elementor-element-2a217ad elementor-view-default elementor-widget elementor-widget-icon\" data-id=\"2a217ad\" data-element_type=\"widget\" data-e-type=\"widget\" data-widget_type=\"icon.default\">\n\t\t\t\t\t\t\t<div class=\"elementor-icon-wrapper\">\n\t\t\t<div class=\"elementor-icon\">\n\t\t\t<svg aria-hidden=\"true\" class=\"e-font-icon-svg e-fas-book\" viewBox=\"0 0 448 512\" xmlns=\"http:\/\/www.w3.org\/2000\/svg\"><path d=\"M448 360V24c0-13.3-10.7-24-24-24H96C43 0 0 43 0 96v320c0 53 43 96 96 96h328c13.3 0 24-10.7 24-24v-16c0-7.5-3.5-14.3-8.9-18.7-4.2-15.4-4.2-59.3 0-74.7 5.4-4.3 8.9-11.1 8.9-18.6zM128 134c0-3.3 2.7-6 6-6h212c3.3 0 6 2.7 6 6v20c0 3.3-2.7 6-6 6H134c-3.3 0-6-2.7-6-6v-20zm0 64c0-3.3 2.7-6 6-6h212c3.3 0 6 2.7 6 6v20c0 3.3-2.7 6-6 6H134c-3.3 0-6-2.7-6-6v-20zm253.4 250H96c-17.7 0-32-14.3-32-32 0-17.6 14.4-32 32-32h285.4c-1.9 17.1-1.9 46.9 0 64z\"><\/path><\/svg>\t\t\t<\/div>\n\t\t<\/div>\n\t\t\t\t\t\t<\/div>\n\t\t\t\t\t\t\t<h2 \n\t\tdata-interaction-id=\"a03cd4e\" \n\t\tclass=\"hvid_tekst e-a03cd4e-918695e e-heading-base\" \n\t\t \n\t\tdata-e-type=\"widget\" data-id=\"a03cd4e\"\n\t>\n\t\n\t\t\tGeschichte\n\t\t<\/h2>\n\t\t\t\t\t\t\t\t<p class=\"hvid_tekst e-ee4a591-cea7ed4 e-paragraph-base\" data-interaction-id=\"ee4a591\"  data-e-type=\"widget\" data-id=\"ee4a591\">\n\t\t\t\t\t\t\t\tMit seinen zwei asymmetrischen Seitenfl\u00fcgeln, T\u00fcrmen und Ausl\u00e4ufern ist Katholm eine bemerkenswerte Renaissanceanlage. \n\t\t\t\t\t<\/p>\n\t\t\t\t<\/a>\n\t\t\t\t<\/div>\n\t\t\t\t<\/div>\n\t\t<div class=\"elementor-element elementor-element-267dded e-flex e-con-boxed e-con e-parent\" data-id=\"267dded\" data-element_type=\"container\" data-e-type=\"container\" data-settings=\"{&quot;jet_parallax_layout_list&quot;:[]}\">\n\t\t\t\t\t<div class=\"e-con-inner\">\n\t\t\t\t<div class=\"elementor-element elementor-element-f73ad4f elementor-widget__width-initial elementor-widget-tablet__width-inherit elementor-widget elementor-widget-image\" data-id=\"f73ad4f\" data-element_type=\"widget\" data-e-type=\"widget\" data-widget_type=\"image.default\">\n\t\t\t\t\t\t\t\t\t\t\t\t\t\t\t<img fetchpriority=\"high\" decoding=\"async\" width=\"1200\" height=\"800\" src=\"https:\/\/katholm-gods.dk\/wp-content\/uploads\/2022\/02\/Front10.jpg\" class=\"attachment-2048x2048 size-2048x2048 wp-image-910\" alt=\"\" srcset=\"https:\/\/katholm-gods.dk\/wp-content\/uploads\/2022\/02\/Front10.jpg 1200w, https:\/\/katholm-gods.dk\/wp-content\/uploads\/2022\/02\/Front10-300x200.jpg 300w, https:\/\/katholm-gods.dk\/wp-content\/uploads\/2022\/02\/Front10-1024x683.jpg 1024w, https:\/\/katholm-gods.dk\/wp-content\/uploads\/2022\/02\/Front10-768x512.jpg 768w\" sizes=\"(max-width: 1200px) 100vw, 1200px\" \/>\t\t\t\t\t\t\t\t\t\t\t\t\t\t\t<\/div>\n\t\t<div class=\"elementor-element elementor-element-00f4cfe e-con-full e-flex e-con e-child\" data-id=\"00f4cfe\" data-element_type=\"container\" data-e-type=\"container\" data-settings=\"{&quot;jet_parallax_layout_list&quot;:[]}\">\n\t\t\t\t<div class=\"elementor-element elementor-element-7a3f331 elementor-widget elementor-widget-heading\" data-id=\"7a3f331\" data-element_type=\"widget\" data-e-type=\"widget\" data-widget_type=\"heading.default\">\n\t\t\t\t\t<h2 class=\"elementor-heading-title elementor-size-default\">Katholm Gut<\/h2>\t\t\t\t<\/div>\n\t\t\t\t<div class=\"elementor-element elementor-element-0d6e2ce elementor-widget elementor-widget-text-editor\" data-id=\"0d6e2ce\" data-element_type=\"widget\" data-e-type=\"widget\" data-widget_type=\"text-editor.default\">\n\t\t\t\t\t\t\t\t\t<p>Das Anwesen Katholm Gods umfasst etwa 1.200 Hektar Land, das gleichm\u00e4\u00dfig zwischen Wald- und landwirtschaftlichen Fl\u00e4chen aufgeteilt ist. Das Anwesen wird derzeit von dem Ehepaar Marie Therese und Nikolaj Klein gef\u00fchrt. Das Hauptgeb\u00e4ude dient als privater Wohnsitz der Familie, w\u00e4hrend die umliegenden, zum Anwesen geh\u00f6renden Immobilien ganzj\u00e4hrig vermietet werden.<\/p>\t\t\t\t\t\t\t\t<\/div>\n\t\t\t\t<div class=\"elementor-element elementor-element-d94b8aa elementor-widget elementor-widget-button\" data-id=\"d94b8aa\" data-element_type=\"widget\" data-e-type=\"widget\" data-widget_type=\"button.default\">\n\t\t\t\t\t\t\t\t\t\t<a class=\"elementor-button elementor-button-link elementor-size-sm elementor-animation-bob\" href=\"https:\/\/katholm-gods.dk\/de\/geschichte\/\">\n\t\t\t\t\t\t<span class=\"elementor-button-content-wrapper\">\n\t\t\t\t\t\t\t\t\t<span class=\"elementor-button-text\">Weiterlesen<\/span>\n\t\t\t\t\t<\/span>\n\t\t\t\t\t<\/a>\n\t\t\t\t\t\t\t\t<\/div>\n\t\t\t\t<\/div>\n\t\t\t\t\t<\/div>\n\t\t\t\t<\/div>\n\t\t<div class=\"elementor-element elementor-element-bab3bde e-con-full e-flex e-con e-parent\" data-id=\"bab3bde\" data-element_type=\"container\" data-e-type=\"container\" data-settings=\"{&quot;jet_parallax_layout_list&quot;:[]}\">\n\t\t\t\t\t\t\t<div class=\"elementor-element elementor-element-0u7w5fd e-con e-atomic-element e-flexbox-base e-c8f247a-d963309\" data-id=\"0u7w5fd\" data-element_type=\"e-flexbox\" data-e-type=\"e-flexbox\" data-interaction-id=\"c8f247a\" data-e-type=\"e-flexbox\" data-id=\"0u7w5fd\">\n\t\t\t\t\t\t\t\n\t\t<img class=\"e-image-base e-cd66a10-7fe1d33\" \n\t\t\t\t\tdata-interaction-id=\"cd66a10\" \n\t\t \n\t\t data-e-type=\"widget\" data-id=\"01wpssh\"\n\t\t\t\t\t\t\t\t\tid=\"128\"\n\t\t\t\t\t\t\t\t\t\t\t\tsrc=\"https:\/\/katholm-gods.dk\/wp-content\/uploads\/2022\/02\/Front10.jpg\"\n\t\t\t\t\t\t\t\t\t\t\t\twidth=\"1200\"\n\t\t\t\t\t\t\t\t\t\t\t\theight=\"800\"\n\t\t\t\t\t\t\t\t\t\t\t\tsrcset=\"https:\/\/katholm-gods.dk\/wp-content\/uploads\/2022\/02\/Front10.jpg 1200w, https:\/\/katholm-gods.dk\/wp-content\/uploads\/2022\/02\/Front10-300x200.jpg 300w, https:\/\/katholm-gods.dk\/wp-content\/uploads\/2022\/02\/Front10-1024x683.jpg 1024w, https:\/\/katholm-gods.dk\/wp-content\/uploads\/2022\/02\/Front10-768x512.jpg 768w\"\n\t\t\t\t\t\t\t\t\t\t\t\talt=\"\"\n\t\t\t\t\t\t\/>\n\t\t\t\t\t<div class=\"elementor-element elementor-element-06sjqal e-con e-atomic-element e-flexbox-base e-dd9ab89-ead58b1\" data-id=\"06sjqal\" data-element_type=\"e-flexbox\" data-e-type=\"e-flexbox\" data-interaction-id=\"dd9ab89\" data-e-type=\"e-flexbox\" data-id=\"06sjqal\">\n\t\t\t\t\t\t\t\t<span class=\"Title_tag e-paragraph-base\" data-interaction-id=\"726d749\"  data-e-type=\"widget\" data-id=\"0fdj0b3\">\n\t\t\t\t\t\t\t\tom Katholm Gods\n\t\t\t\t\t<\/span>\n\t\t\t\t\t\t\t<h2 \n\t\tdata-interaction-id=\"68bc841\" \n\t\tclass=\"e-68bc841-4a9a022 e-heading-base\" \n\t\t \n\t\tdata-e-type=\"widget\" data-id=\"0yjgvu8\"\n\t>\n\t\n\t\t\tKatholm Gods ligger lidt syd for Grenaa i \u00c5ls\u00f8 Sogn i Norddjurs Kommune p\u00e5 Djursland. \n\t\t<\/h2>\n\t\t\t\t\t\t\t\t<p class=\"e-edbcb0e-cd4aa85 e-paragraph-base\" data-interaction-id=\"edbcb0e\"  data-e-type=\"widget\" data-id=\"1isl585\">\n\t\t\t\t\t\t\t\tKatholm Gods omfatter ca. 1.200 hektar jord, ligeligt fordelt mellem skov og landbrugsarealer.<br><br>Godset drives i dag af \u00e6gteparret Marie Therese og Nikolaj Klein. <br><br>Hovedbygningen tjener som familiens private bolig, mens de omkringliggende ejendomme tilh\u00f8rende godset udlejes p\u00e5 hel\u00e5rsbasis.\n\t\t\t\t\t<\/p>\n\t\t\t\t\t    \t            <a\n            href=\"https:\/\/katholm-gods.dk\/historie\/\" target=\"_self\"\n            class=\"primary_btn e-button-base\"\n            data-interaction-id=\"bed15b6\"\n             data-e-type=\"widget\" data-id=\"1slxaj5\"\n        >\n            L\u00e6s mere\n        <\/a>\n    \t\t\t\t<\/div>\n\t\t\t\t<\/div>\n\t\t\n\t\t\t\t<\/div>\n\t\t<div class=\"elementor-element elementor-element-1412714 e-flex e-con-boxed e-con e-parent\" data-id=\"1412714\" data-element_type=\"container\" data-e-type=\"container\" data-settings=\"{&quot;jet_parallax_layout_list&quot;:[]}\">\n\t\t\t\t\t<div class=\"e-con-inner\">\n\t\t\t\t<div class=\"elementor-element elementor-element-5d827fb elementor-widget__width-initial elementor-widget-tablet__width-inherit elementor-widget elementor-widget-heading\" data-id=\"5d827fb\" data-element_type=\"widget\" data-e-type=\"widget\" data-widget_type=\"heading.default\">\n\t\t\t\t\t<h2 class=\"elementor-heading-title elementor-size-default\">Katholm Estate liegt etwas s\u00fcdlich von Grenaa in der Gemeinde \u00c5ls\u00f8 in der Gemeinde Norddjurs auf Djursland. <\/h2>\t\t\t\t<\/div>\n\t\t\t\t\t<\/div>\n\t\t\t\t<\/div>\n\t\t<div class=\"elementor-element elementor-element-99a9a57 e-con-full e-flex e-con e-parent\" data-id=\"99a9a57\" data-element_type=\"container\" data-e-type=\"container\" data-settings=\"{&quot;background_background&quot;:&quot;classic&quot;,&quot;background_motion_fx_motion_fx_scrolling&quot;:&quot;yes&quot;,&quot;background_motion_fx_scale_effect&quot;:&quot;yes&quot;,&quot;background_motion_fx_scale_speed&quot;:{&quot;unit&quot;:&quot;px&quot;,&quot;size&quot;:3,&quot;sizes&quot;:[]},&quot;jet_parallax_layout_list&quot;:[],&quot;background_motion_fx_scale_direction&quot;:&quot;out-in&quot;,&quot;background_motion_fx_scale_range&quot;:{&quot;unit&quot;:&quot;%&quot;,&quot;size&quot;:&quot;&quot;,&quot;sizes&quot;:{&quot;start&quot;:20,&quot;end&quot;:80}},&quot;background_motion_fx_devices&quot;:[&quot;desktop&quot;,&quot;tablet&quot;,&quot;mobile&quot;]}\">\n\t\t\t\t<\/div>\n\t\t<div class=\"elementor-element elementor-element-e9eded1 e-flex e-con-boxed e-con e-parent\" data-id=\"e9eded1\" data-element_type=\"container\" data-e-type=\"container\" data-settings=\"{&quot;jet_parallax_layout_list&quot;:[]}\">\n\t\t\t\t\t<div class=\"e-con-inner\">\n\t\t\t\t<div class=\"elementor-element elementor-element-5272dd2 elementor-widget__width-initial elementor-widget-mobile__width-inherit elementor-widget elementor-widget-image\" data-id=\"5272dd2\" data-element_type=\"widget\" data-e-type=\"widget\" data-settings=\"{&quot;motion_fx_motion_fx_scrolling&quot;:&quot;yes&quot;,&quot;motion_fx_translateY_effect&quot;:&quot;yes&quot;,&quot;motion_fx_translateY_speed&quot;:{&quot;unit&quot;:&quot;px&quot;,&quot;size&quot;:3,&quot;sizes&quot;:[]},&quot;motion_fx_range&quot;:&quot;viewport&quot;,&quot;motion_fx_translateY_affectedRange&quot;:{&quot;unit&quot;:&quot;%&quot;,&quot;size&quot;:&quot;&quot;,&quot;sizes&quot;:{&quot;start&quot;:0,&quot;end&quot;:100}},&quot;motion_fx_devices&quot;:[&quot;desktop&quot;,&quot;tablet&quot;,&quot;mobile&quot;]}\" data-widget_type=\"image.default\">\n\t\t\t\t\t\t\t\t\t\t\t\t\t\t\t<img decoding=\"async\" width=\"768\" height=\"1024\" src=\"https:\/\/katholm-gods.dk\/wp-content\/uploads\/2022\/02\/Stander-scaled-1-768x1024.jpg\" class=\"attachment-large size-large wp-image-916\" alt=\"\" srcset=\"https:\/\/katholm-gods.dk\/wp-content\/uploads\/2022\/02\/Stander-scaled-1-768x1024.jpg 768w, https:\/\/katholm-gods.dk\/wp-content\/uploads\/2022\/02\/Stander-scaled-1-225x300.jpg 225w, https:\/\/katholm-gods.dk\/wp-content\/uploads\/2022\/02\/Stander-scaled-1-1152x1536.jpg 1152w, https:\/\/katholm-gods.dk\/wp-content\/uploads\/2022\/02\/Stander-scaled-1-1536x2048.jpg 1536w, https:\/\/katholm-gods.dk\/wp-content\/uploads\/2022\/02\/Stander-scaled-1.jpg 1920w\" sizes=\"(max-width: 768px) 100vw, 768px\" \/>\t\t\t\t\t\t\t\t\t\t\t\t\t\t\t<\/div>\n\t\t<div class=\"elementor-element elementor-element-50f29ca e-con-full e-flex e-con e-child\" data-id=\"50f29ca\" data-element_type=\"container\" data-e-type=\"container\" data-settings=\"{&quot;jet_parallax_layout_list&quot;:[]}\">\n\t\t\t\t<div class=\"elementor-element elementor-element-e53e0ca elementor-widget elementor-widget-heading\" data-id=\"e53e0ca\" data-element_type=\"widget\" data-e-type=\"widget\" data-widget_type=\"heading.default\">\n\t\t\t\t\t<h2 class=\"elementor-heading-title elementor-size-default\">Forstwirtschaft und Landwirtschaft auf Katholm Estate<\/h2>\t\t\t\t<\/div>\n\t\t\t\t<div class=\"elementor-element elementor-element-d8f6b2d elementor-widget elementor-widget-text-editor\" data-id=\"d8f6b2d\" data-element_type=\"widget\" data-e-type=\"widget\" data-widget_type=\"text-editor.default\">\n\t\t\t\t\t\t\t\t\t<p>Das Weingut umfasst insgesamt 1170 Hektar. Davon 520 ha Landwirtschaft und 650 ha Forstwirtschaft. Die Produktion konzentriert sich auf die traditionelle konventionelle Pflanzenz\u00fcchtungsproduktion.<\/p><p>Die Forstwirtschaft betr\u00e4gt ca. 650 Hektar inklusive Heide und Strand.<\/p><p>Forstwirtschaft besteht zu 70 % aus Nadelholz. Der restliche Teil sind Laubb\u00e4ume, Weihnachtsb\u00e4ume und Ziergr\u00fcn.<\/p>\t\t\t\t\t\t\t\t<\/div>\n\t\t\t\t<div class=\"elementor-element elementor-element-0673338 elementor-widget elementor-widget-button\" data-id=\"0673338\" data-element_type=\"widget\" data-e-type=\"widget\" data-widget_type=\"button.default\">\n\t\t\t\t\t\t\t\t\t\t<a class=\"elementor-button elementor-button-link elementor-size-sm elementor-animation-bob\" href=\"https:\/\/katholm-gods.dk\/de\/landwirtschaft-forstwirtschaft-jagd\/\">\n\t\t\t\t\t\t<span class=\"elementor-button-content-wrapper\">\n\t\t\t\t\t\t\t\t\t<span class=\"elementor-button-text\">Weiterlesen<\/span>\n\t\t\t\t\t<\/span>\n\t\t\t\t\t<\/a>\n\t\t\t\t\t\t\t\t<\/div>\n\t\t\t\t<div class=\"elementor-element elementor-element-d5966d9 elementor-widget elementor-widget-image\" data-id=\"d5966d9\" data-element_type=\"widget\" data-e-type=\"widget\" data-widget_type=\"image.default\">\n\t\t\t\t\t\t\t\t\t\t\t\t\t\t\t<img decoding=\"async\" width=\"800\" height=\"388\" src=\"https:\/\/katholm-gods.dk\/wp-content\/uploads\/2022\/02\/IMG_5379-scaled-1-1024x497.jpg\" class=\"attachment-large size-large wp-image-914\" alt=\"\" srcset=\"https:\/\/katholm-gods.dk\/wp-content\/uploads\/2022\/02\/IMG_5379-scaled-1-1024x497.jpg 1024w, https:\/\/katholm-gods.dk\/wp-content\/uploads\/2022\/02\/IMG_5379-scaled-1-300x146.jpg 300w, https:\/\/katholm-gods.dk\/wp-content\/uploads\/2022\/02\/IMG_5379-scaled-1-768x373.jpg 768w, https:\/\/katholm-gods.dk\/wp-content\/uploads\/2022\/02\/IMG_5379-scaled-1-1536x746.jpg 1536w, https:\/\/katholm-gods.dk\/wp-content\/uploads\/2022\/02\/IMG_5379-scaled-1-2048x994.jpg 2048w\" sizes=\"(max-width: 800px) 100vw, 800px\" \/>\t\t\t\t\t\t\t\t\t\t\t\t\t\t\t<\/div>\n\t\t\t\t<\/div>\n\t\t\t\t\t<\/div>\n\t\t\t\t<\/div>\n\t\t\t\t<\/div>\n\t\t","protected":false},"excerpt":{"rendered":"<p>Willkommen bei Katholm Estate Vermietung Katholm Estate verf\u00fcgt \u00fcber eine Reihe von Immobilien, die als Ferienh\u00e4user oder Ganzjahreswohnungen vermietet werden. Forstwirtschaft und Landwirtschaft Das Weingut umfasst insgesamt 1170 Hektar. Davon 520 ha Landwirtschaft und 650 ha Forstwirtschaft. Geschichte Mit seinen zwei asymmetrischen Seitenfl\u00fcgeln, T\u00fcrmen und Ausl\u00e4ufern ist Katholm eine bemerkenswerte Renaissanceanlage. Katholm Gut Das Anwesen [&hellip;]<\/p>\n","protected":false},"author":1,"featured_media":0,"parent":0,"menu_order":0,"comment_status":"closed","ping_status":"closed","template":"","meta":{"footnotes":""},"class_list":["post-1679","page","type-page","status-publish","hentry"],"_links":{"self":[{"href":"https:\/\/katholm-gods.dk\/de\/wp-json\/wp\/v2\/pages\/1679","targetHints":{"allow":["GET"]}}],"collection":[{"href":"https:\/\/katholm-gods.dk\/de\/wp-json\/wp\/v2\/pages"}],"about":[{"href":"https:\/\/katholm-gods.dk\/de\/wp-json\/wp\/v2\/types\/page"}],"author":[{"embeddable":true,"href":"https:\/\/katholm-gods.dk\/de\/wp-json\/wp\/v2\/users\/1"}],"replies":[{"embeddable":true,"href":"https:\/\/katholm-gods.dk\/de\/wp-json\/wp\/v2\/comments?post=1679"}],"version-history":[{"count":36,"href":"https:\/\/katholm-gods.dk\/de\/wp-json\/wp\/v2\/pages\/1679\/revisions"}],"predecessor-version":[{"id":4024,"href":"https:\/\/katholm-gods.dk\/de\/wp-json\/wp\/v2\/pages\/1679\/revisions\/4024"}],"wp:attachment":[{"href":"https:\/\/katholm-gods.dk\/de\/wp-json\/wp\/v2\/media?parent=1679"}],"curies":[{"name":"wp","href":"https:\/\/api.w.org\/{rel}","templated":true}]}}