{"id":1699,"date":"2022-03-25T12:32:52","date_gmt":"2022-03-25T11:32:52","guid":{"rendered":"https:\/\/katholm-gods.dk\/vermietung\/ganzjaehrige-haeuser\/"},"modified":"2024-01-16T14:37:16","modified_gmt":"2024-01-16T13:37:16","slug":"ganzjaehrige-haeuser","status":"publish","type":"page","link":"https:\/\/katholm-gods.dk\/de\/vermietung\/ganzjaehrige-haeuser\/","title":{"rendered":"Ganzj\u00e4hrige H\u00e4user"},"content":{"rendered":"\t\t<div data-elementor-type=\"wp-page\" data-elementor-id=\"1699\" class=\"elementor elementor-1699 elementor-417\" data-elementor-post-type=\"page\">\n\t\t\t\t\t\t<section class=\"elementor-section elementor-top-section elementor-element elementor-element-cfaadf9 elementor-section-height-min-height elementor-section-full_width elementor-section-height-default elementor-section-items-middle\" data-id=\"cfaadf9\" data-element_type=\"section\" data-e-type=\"section\" data-settings=\"{&quot;background_background&quot;:&quot;video&quot;,&quot;background_play_on_mobile&quot;:&quot;yes&quot;,&quot;background_video_link&quot;:&quot;https:\\\/\\\/katholm-gods.dk\\\/wp-content\\\/uploads\\\/2022\\\/03\\\/Skovlyst.mp4&quot;,&quot;jet_parallax_layout_list&quot;:[]}\">\n\t\t\t\t\t\t\t\t<div class=\"elementor-background-video-container\">\n\t\t\t\t\t\t\t\t\t\t\t\t\t<video class=\"elementor-background-video-hosted\" role=\"presentation\" autoplay muted playsinline loop><\/video>\n\t\t\t\t\t\t\t\t\t\t\t<\/div>\n\t\t\t\t\t\t\t\t<div class=\"elementor-container elementor-column-gap-default\">\n\t\t\t\t\t<div class=\"elementor-column elementor-col-100 elementor-top-column elementor-element elementor-element-a8aae15\" data-id=\"a8aae15\" data-element_type=\"column\" data-e-type=\"column\">\n\t\t\t<div class=\"elementor-widget-wrap elementor-element-populated\">\n\t\t\t\t\t\t<div class=\"elementor-element elementor-element-1bd6482a elementor-widget elementor-widget-heading\" data-id=\"1bd6482a\" data-element_type=\"widget\" data-e-type=\"widget\" data-widget_type=\"heading.default\">\n\t\t\t\t<div class=\"elementor-widget-container\">\n\t\t\t\t\t<h2 class=\"elementor-heading-title elementor-size-default\">Ganzj\u00e4hriges Wohnen durch <br> <i>Katholm<\/i> G\u00f6tter<\/h2>\t\t\t\t<\/div>\n\t\t\t\t<\/div>\n\t\t\t\t\t<\/div>\n\t\t<\/div>\n\t\t\t\t\t<\/div>\n\t\t<\/section>\n\t\t\t\t<section class=\"elementor-section elementor-top-section elementor-element elementor-element-e5059a1 elementor-section-full_width elementor-section-height-default elementor-section-height-default\" data-id=\"e5059a1\" data-element_type=\"section\" data-e-type=\"section\" data-settings=\"{&quot;jet_parallax_layout_list&quot;:[]}\">\n\t\t\t\t\t\t<div class=\"elementor-container elementor-column-gap-default\">\n\t\t\t\t\t<div class=\"elementor-column elementor-col-100 elementor-top-column elementor-element elementor-element-8523405\" data-id=\"8523405\" data-element_type=\"column\" data-e-type=\"column\">\n\t\t\t<div class=\"elementor-widget-wrap elementor-element-populated\">\n\t\t\t\t\t\t<div class=\"elementor-element elementor-element-89c8ffd elementor-widget elementor-widget-heading\" data-id=\"89c8ffd\" data-element_type=\"widget\" data-e-type=\"widget\" data-widget_type=\"heading.default\">\n\t\t\t\t<div class=\"elementor-widget-container\">\n\t\t\t\t\t<h2 class=\"elementor-heading-title elementor-size-default\">Katholm Gods hat eine Reihe von H\u00e4usern, die ganzj\u00e4hrig vermietet werden, alte land- und forstwirtschaftliche Arbeitsh\u00e4user \u2013 H\u00e4user, die in der N\u00e4he des Hauptgeb\u00e4udes liegen \u2013 und H\u00e4user, die im Wald liegen. Alle H\u00e4user befinden sich in landschaftlich reizvollen Gebieten und in der N\u00e4he eines der besten Str\u00e4nde D\u00e4nemarks.<br><br><br><b>Wenn es Wohnungen zu<\/b> vermieten gibt, wird dies auf dieser Seite angezeigt<\/h2>\t\t\t\t<\/div>\n\t\t\t\t<\/div>\n\t\t\t\t\t<\/div>\n\t\t<\/div>\n\t\t\t\t\t<\/div>\n\t\t<\/section>\n\t\t\t\t<section class=\"elementor-section elementor-top-section elementor-element elementor-element-367e36b7 elementor-section-full_width elementor-section-height-default elementor-section-height-default\" data-id=\"367e36b7\" data-element_type=\"section\" data-e-type=\"section\" data-settings=\"{&quot;jet_parallax_layout_list&quot;:[],&quot;background_background&quot;:&quot;classic&quot;}\">\n\t\t\t\t\t\t<div class=\"elementor-container elementor-column-gap-default\">\n\t\t\t\t\t<div class=\"elementor-column elementor-col-100 elementor-top-column elementor-element elementor-element-790f86ba\" data-id=\"790f86ba\" data-element_type=\"column\" data-e-type=\"column\">\n\t\t\t<div class=\"elementor-widget-wrap elementor-element-populated\">\n\t\t\t\t\t\t<section class=\"elementor-section elementor-inner-section elementor-element elementor-element-6b08d17d elementor-section-full_width elementor-section-height-default elementor-section-height-default\" data-id=\"6b08d17d\" data-element_type=\"section\" data-e-type=\"section\" data-settings=\"{&quot;jet_parallax_layout_list&quot;:[]}\">\n\t\t\t\t\t\t<div class=\"elementor-container elementor-column-gap-default\">\n\t\t\t\t\t<div class=\"elementor-column elementor-col-50 elementor-inner-column elementor-element elementor-element-21885cc3\" data-id=\"21885cc3\" data-element_type=\"column\" data-e-type=\"column\">\n\t\t\t<div class=\"elementor-widget-wrap elementor-element-populated\">\n\t\t\t\t\t\t<div class=\"elementor-element elementor-element-3148d9cd elementor-widget elementor-widget-heading\" data-id=\"3148d9cd\" data-element_type=\"widget\" data-e-type=\"widget\" data-widget_type=\"heading.default\">\n\t\t\t\t<div class=\"elementor-widget-container\">\n\t\t\t\t\t<h2 class=\"elementor-heading-title elementor-size-default\">M\u00f6chten Sie mehr \u00fcber die M\u00f6glichkeit des Wohnens erfahren? <br>Katholm G\u00f6tter?<\/h2>\t\t\t\t<\/div>\n\t\t\t\t<\/div>\n\t\t\t\t<div class=\"elementor-element elementor-element-7e386988 elementor-widget elementor-widget-text-editor\" data-id=\"7e386988\" data-element_type=\"widget\" data-e-type=\"widget\" data-widget_type=\"text-editor.default\">\n\t\t\t\t<div class=\"elementor-widget-container\">\n\t\t\t\t\t\t\t\t\t<p>Kontaktieren Sie Marie Therese Collet Klein unter <a href=\"mailto:katholm-gods@katholm-gods.dk\">katholm-gods@katholm-gods.dk<\/a><\/p>\n\t\t\t\t\t\t\t\t<\/div>\n\t\t\t\t<\/div>\n\t\t\t\t<div class=\"elementor-element elementor-element-364d3fe7 elementor-widget elementor-widget-button\" data-id=\"364d3fe7\" data-element_type=\"widget\" data-e-type=\"widget\" data-widget_type=\"button.default\">\n\t\t\t\t<div class=\"elementor-widget-container\">\n\t\t\t\t\t\t\t\t\t<div class=\"elementor-button-wrapper\">\n\t\t\t\t\t<a class=\"elementor-button elementor-button-link elementor-size-sm elementor-animation-bob\" href=\"https:\/\/katholm-gods.dk\/de\/kontakt\/\">\n\t\t\t\t\t\t<span class=\"elementor-button-content-wrapper\">\n\t\t\t\t\t\t\t\t\t<span class=\"elementor-button-text\">Kontakt<\/span>\n\t\t\t\t\t<\/span>\n\t\t\t\t\t<\/a>\n\t\t\t\t<\/div>\n\t\t\t\t\t\t\t\t<\/div>\n\t\t\t\t<\/div>\n\t\t\t\t\t<\/div>\n\t\t<\/div>\n\t\t\t\t<div class=\"elementor-column elementor-col-50 elementor-inner-column elementor-element elementor-element-9d8b670\" data-id=\"9d8b670\" data-element_type=\"column\" data-e-type=\"column\">\n\t\t\t<div class=\"elementor-widget-wrap elementor-element-populated\">\n\t\t\t\t\t\t<div class=\"elementor-element elementor-element-467d01eb elementor-button-align-stretch elementor-widget elementor-widget-form\" data-id=\"467d01eb\" data-element_type=\"widget\" data-e-type=\"widget\" data-settings=\"{&quot;step_next_label&quot;:&quot;N\\u00e4chste&quot;,&quot;step_previous_label&quot;:&quot;Vorhin&quot;,&quot;button_width&quot;:&quot;100&quot;,&quot;step_type&quot;:&quot;number_text&quot;,&quot;step_icon_shape&quot;:&quot;circle&quot;}\" data-widget_type=\"form.default\">\n\t\t\t\t<div class=\"elementor-widget-container\">\n\t\t\t\t\t\t\t<form class=\"elementor-form\" method=\"post\" name=\"Neue Form\" aria-label=\"Neue Form\">\n\t\t\t<input type=\"hidden\" name=\"post_id\" value=\"1699\"\/>\n\t\t\t<input type=\"hidden\" name=\"form_id\" value=\"467d01eb\"\/>\n\t\t\t<input type=\"hidden\" name=\"referer_title\" value=\"Ganzj\u00e4hrige H\u00e4user\" \/>\n\n\t\t\t\t\t\t\t<input type=\"hidden\" name=\"queried_id\" value=\"1699\"\/>\n\t\t\t\n\t\t\t<div class=\"elementor-form-fields-wrapper elementor-labels-\">\n\t\t\t\t\t\t\t\t<div class=\"elementor-field-type-text elementor-field-group elementor-column elementor-field-group-name elementor-col-50\">\n\t\t\t\t\t\t\t\t\t\t\t\t<label for=\"form-field-name\" class=\"elementor-field-label elementor-screen-only\">\n\t\t\t\t\t\t\t\tName\t\t\t\t\t\t\t<\/label>\n\t\t\t\t\t\t\t\t\t\t\t\t\t\t<input size=\"1\" type=\"text\" name=\"form_fields[name]\" id=\"form-field-name\" class=\"elementor-field elementor-size-md  elementor-field-textual\" placeholder=\"Name\">\n\t\t\t\t\t\t\t\t\t\t\t<\/div>\n\t\t\t\t\t\t\t\t<div class=\"elementor-field-type-email elementor-field-group elementor-column elementor-field-group-email elementor-col-50 elementor-field-required\">\n\t\t\t\t\t\t\t\t\t\t\t\t<label for=\"form-field-email\" class=\"elementor-field-label elementor-screen-only\">\n\t\t\t\t\t\t\t\tEmail\t\t\t\t\t\t\t<\/label>\n\t\t\t\t\t\t\t\t\t\t\t\t\t\t<input size=\"1\" type=\"email\" name=\"form_fields[email]\" id=\"form-field-email\" class=\"elementor-field elementor-size-md  elementor-field-textual\" placeholder=\"Email\" required=\"required\">\n\t\t\t\t\t\t\t\t\t\t\t<\/div>\n\t\t\t\t\t\t\t\t<div class=\"elementor-field-type-textarea elementor-field-group elementor-column elementor-field-group-message elementor-col-100\">\n\t\t\t\t\t\t\t\t\t\t\t\t<label for=\"form-field-message\" class=\"elementor-field-label elementor-screen-only\">\n\t\t\t\t\t\t\t\tBekanntmachung\t\t\t\t\t\t\t<\/label>\n\t\t\t\t\t\t<textarea class=\"elementor-field-textual elementor-field  elementor-size-md\" name=\"form_fields[message]\" id=\"form-field-message\" rows=\"4\" placeholder=\"Bekanntmachung\"><\/textarea>\t\t\t\t<\/div>\n\t\t\t\t\t\t\t\t<div class=\"elementor-field-group elementor-column elementor-field-type-submit elementor-col-100 e-form__buttons\">\n\t\t\t\t\t<button class=\"elementor-button elementor-size-sm\" type=\"submit\">\n\t\t\t\t\t\t<span class=\"elementor-button-content-wrapper\">\n\t\t\t\t\t\t\t\t\t\t\t\t\t\t\t\t\t\t\t\t\t\t<span class=\"elementor-button-text\">Nachricht senden<\/span>\n\t\t\t\t\t\t\t\t\t\t\t\t\t<\/span>\n\t\t\t\t\t<\/button>\n\t\t\t\t<\/div>\n\t\t\t<\/div>\n\t\t<\/form>\n\t\t\t\t\t\t<\/div>\n\t\t\t\t<\/div>\n\t\t\t\t\t<\/div>\n\t\t<\/div>\n\t\t\t\t\t<\/div>\n\t\t<\/section>\n\t\t\t\t\t<\/div>\n\t\t<\/div>\n\t\t\t\t\t<\/div>\n\t\t<\/section>\n\t\t\t\t<section class=\"elementor-section elementor-top-section elementor-element elementor-element-6768c5f4 elementor-section-full_width elementor-section-height-default elementor-section-height-default\" data-id=\"6768c5f4\" data-element_type=\"section\" data-e-type=\"section\" data-settings=\"{&quot;background_background&quot;:&quot;classic&quot;,&quot;jet_parallax_layout_list&quot;:[]}\">\n\t\t\t\t\t\t<div class=\"elementor-container elementor-column-gap-default\">\n\t\t\t\t\t<div class=\"elementor-column elementor-col-100 elementor-top-column elementor-element elementor-element-5809f4c6\" data-id=\"5809f4c6\" data-element_type=\"column\" data-e-type=\"column\">\n\t\t\t<div class=\"elementor-widget-wrap elementor-element-populated\">\n\t\t\t\t\t\t<div class=\"elementor-element elementor-element-4f295dc3 elementor-widget elementor-widget-heading\" data-id=\"4f295dc3\" data-element_type=\"widget\" data-e-type=\"widget\" id=\"10\" data-widget_type=\"heading.default\">\n\t\t\t\t<div class=\"elementor-widget-container\">\n\t\t\t\t\t<h2 class=\"elementor-heading-title elementor-size-default\">Galerie<\/h2>\t\t\t\t<\/div>\n\t\t\t\t<\/div>\n\t\t\t\t<div class=\"elementor-element elementor-element-7715e3a5 elementor-widget elementor-widget-gallery\" data-id=\"7715e3a5\" data-element_type=\"widget\" data-e-type=\"widget\" data-settings=\"{&quot;gallery_layout&quot;:&quot;masonry&quot;,&quot;columns_mobile&quot;:2,&quot;lazyload&quot;:&quot;yes&quot;,&quot;columns&quot;:4,&quot;columns_tablet&quot;:2,&quot;gap&quot;:{&quot;unit&quot;:&quot;px&quot;,&quot;size&quot;:10,&quot;sizes&quot;:[]},&quot;gap_laptop&quot;:{&quot;unit&quot;:&quot;px&quot;,&quot;size&quot;:10,&quot;sizes&quot;:[]},&quot;gap_tablet&quot;:{&quot;unit&quot;:&quot;px&quot;,&quot;size&quot;:10,&quot;sizes&quot;:[]},&quot;gap_mobile&quot;:{&quot;unit&quot;:&quot;px&quot;,&quot;size&quot;:10,&quot;sizes&quot;:[]},&quot;link_to&quot;:&quot;file&quot;,&quot;overlay_background&quot;:&quot;yes&quot;,&quot;content_hover_animation&quot;:&quot;fade-in&quot;}\" data-widget_type=\"gallery.default\">\n\t\t\t\t<div class=\"elementor-widget-container\">\n\t\t\t\t\t\t\t<div class=\"elementor-gallery__container\">\n\t\t\t\t\t\t\t<a class=\"e-gallery-item elementor-gallery-item elementor-animated-content\" href=\"https:\/\/katholm-gods.dk\/wp-content\/uploads\/2022\/04\/Katholm-6-Skyttehuset.jpg\" data-elementor-open-lightbox=\"yes\" data-elementor-lightbox-slideshow=\"7715e3a5\" data-elementor-lightbox-title=\"Katholm 6 Skyttehuset\" data-e-action-hash=\"#elementor-action%3Aaction%3Dlightbox%26settings%3DeyJpZCI6NzA2LCJ1cmwiOiJodHRwczpcL1wva2F0aG9sbS1nb2RzLmRrXC93cC1jb250ZW50XC91cGxvYWRzXC8yMDIyXC8wNFwvS2F0aG9sbS02LVNreXR0ZWh1c2V0LmpwZyIsInNsaWRlc2hvdyI6Ijc3MTVlM2E1In0%3D\">\n\t\t\t\t\t<div class=\"e-gallery-image elementor-gallery-item__image\" data-thumbnail=\"https:\/\/katholm-gods.dk\/wp-content\/uploads\/2022\/04\/Katholm-6-Skyttehuset.jpg\" data-width=\"1280\" data-height=\"854\" aria-label=\"\" role=\"img\" ><\/div>\n\t\t\t\t\t\t\t\t\t\t\t<div class=\"elementor-gallery-item__overlay\"><\/div>\n\t\t\t\t\t\t\t\t\t\t\t\t\t\t<\/a>\n\t\t\t\t\t\t\t<a class=\"e-gallery-item elementor-gallery-item elementor-animated-content\" href=\"https:\/\/katholm-gods.dk\/wp-content\/uploads\/2022\/05\/013d6f577ba2414636e407d69dfcde19192d12262b.jpg\" data-elementor-open-lightbox=\"yes\" data-elementor-lightbox-slideshow=\"7715e3a5\" data-elementor-lightbox-title=\"Katholm\" data-e-action-hash=\"#elementor-action%3Aaction%3Dlightbox%26settings%3DeyJpZCI6MTU3MCwidXJsIjoiaHR0cHM6XC9cL2thdGhvbG0tZ29kcy5ka1wvd3AtY29udGVudFwvdXBsb2Fkc1wvMjAyMlwvMDVcLzAxM2Q2ZjU3N2JhMjQxNDYzNmU0MDdkNjlkZmNkZTE5MTkyZDEyMjYyYi5qcGciLCJzbGlkZXNob3ciOiI3NzE1ZTNhNSJ9\">\n\t\t\t\t\t<div class=\"e-gallery-image elementor-gallery-item__image\" data-thumbnail=\"https:\/\/katholm-gods.dk\/wp-content\/uploads\/2022\/05\/013d6f577ba2414636e407d69dfcde19192d12262b.jpg\" data-width=\"2049\" data-height=\"1536\" aria-label=\"\" role=\"img\" ><\/div>\n\t\t\t\t\t\t\t\t\t\t\t<div class=\"elementor-gallery-item__overlay\"><\/div>\n\t\t\t\t\t\t\t\t\t\t\t\t\t\t<\/a>\n\t\t\t\t\t\t\t<a class=\"e-gallery-item elementor-gallery-item elementor-animated-content\" href=\"https:\/\/katholm-gods.dk\/wp-content\/uploads\/2022\/04\/Roedeled-scaled.jpg\" data-elementor-open-lightbox=\"yes\" data-elementor-lightbox-slideshow=\"7715e3a5\" data-elementor-lightbox-title=\"R\u00f8deled\" data-e-action-hash=\"#elementor-action%3Aaction%3Dlightbox%26settings%3DeyJpZCI6MTA3NiwidXJsIjoiaHR0cHM6XC9cL2thdGhvbG0tZ29kcy5ka1wvd3AtY29udGVudFwvdXBsb2Fkc1wvMjAyMlwvMDRcL1JvZWRlbGVkLXNjYWxlZC5qcGciLCJzbGlkZXNob3ciOiI3NzE1ZTNhNSJ9\">\n\t\t\t\t\t<div class=\"e-gallery-image elementor-gallery-item__image\" data-thumbnail=\"https:\/\/katholm-gods.dk\/wp-content\/uploads\/2022\/04\/Roedeled-scaled.jpg\" data-width=\"2560\" data-height=\"1441\" aria-label=\"\" role=\"img\" ><\/div>\n\t\t\t\t\t\t\t\t\t\t\t<div class=\"elementor-gallery-item__overlay\"><\/div>\n\t\t\t\t\t\t\t\t\t\t\t\t\t\t<\/a>\n\t\t\t\t\t\t\t<a class=\"e-gallery-item elementor-gallery-item elementor-animated-content\" href=\"https:\/\/katholm-gods.dk\/wp-content\/uploads\/2022\/04\/Skovfogdestedet-indkoersel-scaled.jpg\" data-elementor-open-lightbox=\"yes\" data-elementor-lightbox-slideshow=\"7715e3a5\" data-elementor-lightbox-title=\"Skovfogdestedet indk\u00f8rsel\" data-e-action-hash=\"#elementor-action%3Aaction%3Dlightbox%26settings%3DeyJpZCI6ODc3LCJ1cmwiOiJodHRwczpcL1wva2F0aG9sbS1nb2RzLmRrXC93cC1jb250ZW50XC91cGxvYWRzXC8yMDIyXC8wNFwvU2tvdmZvZ2Rlc3RlZGV0LWluZGtvZXJzZWwtc2NhbGVkLmpwZyIsInNsaWRlc2hvdyI6Ijc3MTVlM2E1In0%3D\">\n\t\t\t\t\t<div class=\"e-gallery-image elementor-gallery-item__image\" data-thumbnail=\"https:\/\/katholm-gods.dk\/wp-content\/uploads\/2022\/04\/Skovfogdestedet-indkoersel-scaled.jpg\" data-width=\"2560\" data-height=\"1920\" aria-label=\"\" role=\"img\" ><\/div>\n\t\t\t\t\t\t\t\t\t\t\t<div class=\"elementor-gallery-item__overlay\"><\/div>\n\t\t\t\t\t\t\t\t\t\t\t\t\t\t<\/a>\n\t\t\t\t\t\t\t<a class=\"e-gallery-item elementor-gallery-item elementor-animated-content\" href=\"https:\/\/katholm-gods.dk\/wp-content\/uploads\/2022\/04\/Skovfogdestedet-scaled.jpg\" data-elementor-open-lightbox=\"yes\" data-elementor-lightbox-slideshow=\"7715e3a5\" data-elementor-lightbox-title=\"Skovfogdestedet\" data-e-action-hash=\"#elementor-action%3Aaction%3Dlightbox%26settings%3DeyJpZCI6ODc4LCJ1cmwiOiJodHRwczpcL1wva2F0aG9sbS1nb2RzLmRrXC93cC1jb250ZW50XC91cGxvYWRzXC8yMDIyXC8wNFwvU2tvdmZvZ2Rlc3RlZGV0LXNjYWxlZC5qcGciLCJzbGlkZXNob3ciOiI3NzE1ZTNhNSJ9\">\n\t\t\t\t\t<div class=\"e-gallery-image elementor-gallery-item__image\" data-thumbnail=\"https:\/\/katholm-gods.dk\/wp-content\/uploads\/2022\/04\/Skovfogdestedet-scaled.jpg\" data-width=\"2560\" data-height=\"1920\" aria-label=\"\" role=\"img\" ><\/div>\n\t\t\t\t\t\t\t\t\t\t\t<div class=\"elementor-gallery-item__overlay\"><\/div>\n\t\t\t\t\t\t\t\t\t\t\t\t\t\t<\/a>\n\t\t\t\t\t\t\t<a class=\"e-gallery-item elementor-gallery-item elementor-animated-content\" href=\"https:\/\/katholm-gods.dk\/wp-content\/uploads\/2022\/04\/Katholm-2.jpg\" data-elementor-open-lightbox=\"yes\" data-elementor-lightbox-slideshow=\"7715e3a5\" data-elementor-lightbox-title=\"Katholm 2\" data-e-action-hash=\"#elementor-action%3Aaction%3Dlightbox%26settings%3DeyJpZCI6NzA1LCJ1cmwiOiJodHRwczpcL1wva2F0aG9sbS1nb2RzLmRrXC93cC1jb250ZW50XC91cGxvYWRzXC8yMDIyXC8wNFwvS2F0aG9sbS0yLmpwZyIsInNsaWRlc2hvdyI6Ijc3MTVlM2E1In0%3D\">\n\t\t\t\t\t<div class=\"e-gallery-image elementor-gallery-item__image\" data-thumbnail=\"https:\/\/katholm-gods.dk\/wp-content\/uploads\/2022\/04\/Katholm-2.jpg\" data-width=\"1296\" data-height=\"972\" aria-label=\"\" role=\"img\" ><\/div>\n\t\t\t\t\t\t\t\t\t\t\t<div class=\"elementor-gallery-item__overlay\"><\/div>\n\t\t\t\t\t\t\t\t\t\t\t\t\t\t<\/a>\n\t\t\t\t\t\t\t<a class=\"e-gallery-item elementor-gallery-item elementor-animated-content\" href=\"https:\/\/katholm-gods.dk\/wp-content\/uploads\/2022\/03\/skovlyst.png\" data-elementor-open-lightbox=\"yes\" data-elementor-lightbox-slideshow=\"7715e3a5\" data-elementor-lightbox-title=\"skovlyst\" data-e-action-hash=\"#elementor-action%3Aaction%3Dlightbox%26settings%3DeyJpZCI6MTgyLCJ1cmwiOiJodHRwczpcL1wva2F0aG9sbS1nb2RzLmRrXC93cC1jb250ZW50XC91cGxvYWRzXC8yMDIyXC8wM1wvc2tvdmx5c3QucG5nIiwic2xpZGVzaG93IjoiNzcxNWUzYTUifQ%3D%3D\">\n\t\t\t\t\t<div class=\"e-gallery-image elementor-gallery-item__image\" data-thumbnail=\"https:\/\/katholm-gods.dk\/wp-content\/uploads\/2022\/03\/skovlyst.png\" data-width=\"988\" data-height=\"1260\" aria-label=\"\" role=\"img\" ><\/div>\n\t\t\t\t\t\t\t\t\t\t\t<div class=\"elementor-gallery-item__overlay\"><\/div>\n\t\t\t\t\t\t\t\t\t\t\t\t\t\t<\/a>\n\t\t\t\t\t\t\t<a class=\"e-gallery-item elementor-gallery-item elementor-animated-content\" href=\"https:\/\/katholm-gods.dk\/wp-content\/uploads\/2022\/03\/Helaarsbolig-scaled.jpg\" data-elementor-open-lightbox=\"yes\" data-elementor-lightbox-slideshow=\"7715e3a5\" data-elementor-lightbox-title=\"Hel\u00e5rsbolig\" data-e-action-hash=\"#elementor-action%3Aaction%3Dlightbox%26settings%3DeyJpZCI6Mjk5LCJ1cmwiOiJodHRwczpcL1wva2F0aG9sbS1nb2RzLmRrXC93cC1jb250ZW50XC91cGxvYWRzXC8yMDIyXC8wM1wvSGVsYWFyc2JvbGlnLXNjYWxlZC5qcGciLCJzbGlkZXNob3ciOiI3NzE1ZTNhNSJ9\">\n\t\t\t\t\t<div class=\"e-gallery-image elementor-gallery-item__image\" data-thumbnail=\"https:\/\/katholm-gods.dk\/wp-content\/uploads\/2022\/03\/Helaarsbolig-scaled.jpg\" data-width=\"2560\" data-height=\"1920\" aria-label=\"\" role=\"img\" ><\/div>\n\t\t\t\t\t\t\t\t\t\t\t<div class=\"elementor-gallery-item__overlay\"><\/div>\n\t\t\t\t\t\t\t\t\t\t\t\t\t\t<\/a>\n\t\t\t\t\t\t\t<a class=\"e-gallery-item elementor-gallery-item elementor-animated-content\" href=\"https:\/\/katholm-gods.dk\/wp-content\/uploads\/2022\/03\/Gartnerbolig.jpg\" data-elementor-open-lightbox=\"yes\" data-elementor-lightbox-slideshow=\"7715e3a5\" data-elementor-lightbox-title=\"Gartnerbolig\" data-e-action-hash=\"#elementor-action%3Aaction%3Dlightbox%26settings%3DeyJpZCI6Mjk4LCJ1cmwiOiJodHRwczpcL1wva2F0aG9sbS1nb2RzLmRrXC93cC1jb250ZW50XC91cGxvYWRzXC8yMDIyXC8wM1wvR2FydG5lcmJvbGlnLmpwZyIsInNsaWRlc2hvdyI6Ijc3MTVlM2E1In0%3D\">\n\t\t\t\t\t<div class=\"e-gallery-image elementor-gallery-item__image\" data-thumbnail=\"https:\/\/katholm-gods.dk\/wp-content\/uploads\/2022\/03\/Gartnerbolig.jpg\" data-width=\"2016\" data-height=\"1512\" aria-label=\"\" role=\"img\" ><\/div>\n\t\t\t\t\t\t\t\t\t\t\t<div class=\"elementor-gallery-item__overlay\"><\/div>\n\t\t\t\t\t\t\t\t\t\t\t\t\t\t<\/a>\n\t\t\t\t\t\t\t<a class=\"e-gallery-item elementor-gallery-item elementor-animated-content\" href=\"https:\/\/katholm-gods.dk\/wp-content\/uploads\/2022\/03\/IMG_0102-scaled.jpg\" data-elementor-open-lightbox=\"yes\" data-elementor-lightbox-slideshow=\"7715e3a5\" data-elementor-lightbox-title=\"Herreg\u00e5rdsmilj\u00f8\" data-e-action-hash=\"#elementor-action%3Aaction%3Dlightbox%26settings%3DeyJpZCI6MzA2LCJ1cmwiOiJodHRwczpcL1wva2F0aG9sbS1nb2RzLmRrXC93cC1jb250ZW50XC91cGxvYWRzXC8yMDIyXC8wM1wvSU1HXzAxMDItc2NhbGVkLmpwZyIsInNsaWRlc2hvdyI6Ijc3MTVlM2E1In0%3D\">\n\t\t\t\t\t<div class=\"e-gallery-image elementor-gallery-item__image\" data-thumbnail=\"https:\/\/katholm-gods.dk\/wp-content\/uploads\/2022\/03\/IMG_0102-scaled.jpg\" data-width=\"2560\" data-height=\"1440\" aria-label=\"\" role=\"img\" ><\/div>\n\t\t\t\t\t\t\t\t\t\t\t<div class=\"elementor-gallery-item__overlay\"><\/div>\n\t\t\t\t\t\t\t\t\t\t\t\t\t\t<\/a>\n\t\t\t\t\t\t\t<a class=\"e-gallery-item elementor-gallery-item elementor-animated-content\" href=\"https:\/\/katholm-gods.dk\/wp-content\/uploads\/2022\/03\/IMG_0189-scaled.jpg\" data-elementor-open-lightbox=\"yes\" data-elementor-lightbox-slideshow=\"7715e3a5\" data-elementor-lightbox-title=\"Hovedbygning - herreg\u00e5rdslandskab\" data-e-action-hash=\"#elementor-action%3Aaction%3Dlightbox%26settings%3DeyJpZCI6MzEwLCJ1cmwiOiJodHRwczpcL1wva2F0aG9sbS1nb2RzLmRrXC93cC1jb250ZW50XC91cGxvYWRzXC8yMDIyXC8wM1wvSU1HXzAxODktc2NhbGVkLmpwZyIsInNsaWRlc2hvdyI6Ijc3MTVlM2E1In0%3D\">\n\t\t\t\t\t<div class=\"e-gallery-image elementor-gallery-item__image\" data-thumbnail=\"https:\/\/katholm-gods.dk\/wp-content\/uploads\/2022\/03\/IMG_0189-scaled.jpg\" data-width=\"2560\" data-height=\"1440\" aria-label=\"\" role=\"img\" ><\/div>\n\t\t\t\t\t\t\t\t\t\t\t<div class=\"elementor-gallery-item__overlay\"><\/div>\n\t\t\t\t\t\t\t\t\t\t\t\t\t\t<\/a>\n\t\t\t\t\t<\/div>\n\t\t\t\t\t<\/div>\n\t\t\t\t<\/div>\n\t\t\t\t\t<\/div>\n\t\t<\/div>\n\t\t\t\t\t<\/div>\n\t\t<\/section>\n\t\t\t\t<\/div>\n\t\t","protected":false},"excerpt":{"rendered":"<p>Ganzj\u00e4hriges Wohnen durch Katholm G\u00f6tter Katholm Gods hat eine Reihe von H\u00e4usern, die ganzj\u00e4hrig vermietet werden, alte land- und forstwirtschaftliche Arbeitsh\u00e4user \u2013 H\u00e4user, die in der N\u00e4he des Hauptgeb\u00e4udes liegen \u2013 und H\u00e4user, die im Wald liegen. Alle H\u00e4user befinden sich in landschaftlich reizvollen Gebieten und in der N\u00e4he eines der besten Str\u00e4nde D\u00e4nemarks. Wenn [&hellip;]<\/p>\n","protected":false},"author":1,"featured_media":0,"parent":1695,"menu_order":0,"comment_status":"closed","ping_status":"closed","template":"","meta":{"footnotes":""},"class_list":["post-1699","page","type-page","status-publish","hentry"],"_links":{"self":[{"href":"https:\/\/katholm-gods.dk\/de\/wp-json\/wp\/v2\/pages\/1699","targetHints":{"allow":["GET"]}}],"collection":[{"href":"https:\/\/katholm-gods.dk\/de\/wp-json\/wp\/v2\/pages"}],"about":[{"href":"https:\/\/katholm-gods.dk\/de\/wp-json\/wp\/v2\/types\/page"}],"author":[{"embeddable":true,"href":"https:\/\/katholm-gods.dk\/de\/wp-json\/wp\/v2\/users\/1"}],"replies":[{"embeddable":true,"href":"https:\/\/katholm-gods.dk\/de\/wp-json\/wp\/v2\/comments?post=1699"}],"version-history":[{"count":11,"href":"https:\/\/katholm-gods.dk\/de\/wp-json\/wp\/v2\/pages\/1699\/revisions"}],"predecessor-version":[{"id":2438,"href":"https:\/\/katholm-gods.dk\/de\/wp-json\/wp\/v2\/pages\/1699\/revisions\/2438"}],"up":[{"embeddable":true,"href":"https:\/\/katholm-gods.dk\/de\/wp-json\/wp\/v2\/pages\/1695"}],"wp:attachment":[{"href":"https:\/\/katholm-gods.dk\/de\/wp-json\/wp\/v2\/media?parent=1699"}],"curies":[{"name":"wp","href":"https:\/\/api.w.org\/{rel}","templated":true}]}}