{"id":1717,"date":"2022-02-02T10:20:50","date_gmt":"2022-02-02T09:20:50","guid":{"rendered":"https:\/\/katholm-gods.dk\/landwirtschaft\/"},"modified":"2026-04-23T14:58:29","modified_gmt":"2026-04-23T12:58:29","slug":"landwirtschaft","status":"publish","type":"page","link":"https:\/\/katholm-gods.dk\/de\/landwirtschaft-forstwirtschaft-jagd\/landwirtschaft\/","title":{"rendered":"Landwirtschaft"},"content":{"rendered":"\t\t<div data-elementor-type=\"wp-page\" data-elementor-id=\"1717\" class=\"elementor elementor-1717 elementor-24\" data-elementor-post-type=\"page\">\n\t\t\t\t<div class=\"elementor-element elementor-element-b718603 e-flex e-con-boxed e-con e-parent\" data-id=\"b718603\" data-element_type=\"container\" data-e-type=\"container\" data-settings=\"{&quot;background_background&quot;:&quot;classic&quot;,&quot;jet_parallax_layout_list&quot;:[]}\">\n\t\t\t\t\t<div class=\"e-con-inner\">\n\t\t\t\t<div class=\"elementor-element elementor-element-3eed99b elementor-widget elementor-widget-heading\" data-id=\"3eed99b\" data-element_type=\"widget\" data-e-type=\"widget\" data-widget_type=\"heading.default\">\n\t\t\t\t\t<h1 class=\"elementor-heading-title elementor-size-default\">Landwirtschaft durch<br> Gut Katholm<\/h1>\t\t\t\t<\/div>\n\t\t\t\t\t<\/div>\n\t\t\t\t<\/div>\n\t\t<div class=\"elementor-element elementor-element-d7863d2 e-flex e-con-boxed e-con e-parent\" data-id=\"d7863d2\" data-element_type=\"container\" data-e-type=\"container\" data-settings=\"{&quot;jet_parallax_layout_list&quot;:[]}\">\n\t\t\t\t\t<div class=\"e-con-inner\">\n\t\t\t\t\t\t\t<div class=\"elementor-element elementor-element-1rkhhpr e-con e-atomic-element e-flexbox-base e-cb2f69f-0de8f88 billede_tekst\" data-id=\"1rkhhpr\" data-element_type=\"e-flexbox\" data-e-type=\"e-flexbox\" data-interaction-id=\"cb2f69f\" data-e-type=\"e-flexbox\" data-id=\"1rkhhpr\">\n\t\t\t\t<div class=\"elementor-element elementor-element-1nj7108 e-con e-atomic-element e-flexbox-base e-dde0e9a-00cb34f\" data-id=\"1nj7108\" data-element_type=\"e-flexbox\" data-e-type=\"e-flexbox\" data-interaction-id=\"dde0e9a\" data-e-type=\"e-flexbox\" data-id=\"1nj7108\">\n\t\t\t\t\t\t\t<h2 \n\t\tdata-interaction-id=\"c03f34d\" \n\t\tclass=\"e-heading-base\" \n\t\t \n\t\tdata-e-type=\"widget\" data-id=\"19oz26a\"\n\t>\n\t\n\t\t\tLandbruget\n\t\t<\/h2>\n\t\t\t\t\t\t\t\t<p class=\"e-paragraph-base\" data-interaction-id=\"d4bacbd\"  data-e-type=\"widget\" data-id=\"000xf3l\">\n\t\t\t\t\t\t\t\tGodset best\u00e5r af i alt 1170 hektar. Heraf&nbsp;520 ha landbrug og&nbsp;650 ha skovbrug<br><br>Landbruget er forpagtet ud.\n\t\t\t\t\t<\/p>\n\t\t\t\t\t    \t            <a\n            href=\"https:\/\/katholm-gods.dk\/kontakt\/\" target=\"_self\"\n            class=\"g-dbf095a primary_btn e-button-base\"\n            data-interaction-id=\"73b1374\"\n             data-e-type=\"widget\" data-id=\"1ry55gg\"\n        >\n            Kontakt os for at h\u00f8re mere\n        <\/a>\n    \t\t\t\t<\/div>\n\t\t\t\t\t\t\t\n\t\t<img class=\"e-image-base e-10f3d19-3646ae9\" \n\t\t\t\t\tdata-interaction-id=\"10f3d19\" \n\t\t \n\t\t data-e-type=\"widget\" data-id=\"1bbcn3c\"\n\t\t\t\t\t\t\t\t\tid=\"1155\"\n\t\t\t\t\t\t\t\t\t\t\t\tsrc=\"https:\/\/katholm-gods.dk\/wp-content\/uploads\/2022\/04\/Mark-sol-scaled.jpg\"\n\t\t\t\t\t\t\t\t\t\t\t\twidth=\"2560\"\n\t\t\t\t\t\t\t\t\t\t\t\theight=\"1920\"\n\t\t\t\t\t\t\t\t\t\t\t\tsrcset=\"https:\/\/katholm-gods.dk\/wp-content\/uploads\/2022\/04\/Mark-sol-scaled.jpg 2560w, https:\/\/katholm-gods.dk\/wp-content\/uploads\/2022\/04\/Mark-sol-300x225.jpg 300w, https:\/\/katholm-gods.dk\/wp-content\/uploads\/2022\/04\/Mark-sol-1024x768.jpg 1024w, https:\/\/katholm-gods.dk\/wp-content\/uploads\/2022\/04\/Mark-sol-768x576.jpg 768w, https:\/\/katholm-gods.dk\/wp-content\/uploads\/2022\/04\/Mark-sol-1536x1152.jpg 1536w, https:\/\/katholm-gods.dk\/wp-content\/uploads\/2022\/04\/Mark-sol-2048x1536.jpg 2048w\"\n\t\t\t\t\t\t\t\t\t\t\t\talt=\"\"\n\t\t\t\t\t\t\/>\n\t\t\t\t\t<\/div>\n\t\t\n\t\t\t\t\t<\/div>\n\t\t\t\t<\/div>\n\t\t<div class=\"elementor-element elementor-element-0c86565 e-flex e-con-boxed e-con e-parent\" data-id=\"0c86565\" data-element_type=\"container\" data-e-type=\"container\" data-settings=\"{&quot;jet_parallax_layout_list&quot;:[]}\">\n\t\t\t\t\t<div class=\"e-con-inner\">\n\t\t\t\t\t\t\t<div class=\"elementor-element elementor-element-1jj2tm3 e-con e-atomic-element e-flexbox-base e-271ecde-a79207c billede_tekst\" data-id=\"1jj2tm3\" data-element_type=\"e-flexbox\" data-e-type=\"e-flexbox\" data-interaction-id=\"271ecde\" data-e-type=\"e-flexbox\" data-id=\"1jj2tm3\">\n\t\t\t\t\t\t\t\n\t\t<img class=\"e-image-base e-e6257dc-3a0ce7a\" \n\t\t\t\t\tdata-interaction-id=\"e6257dc\" \n\t\t \n\t\t data-e-type=\"widget\" data-id=\"0upvas0\"\n\t\t\t\t\t\t\t\t\tid=\"303\"\n\t\t\t\t\t\t\t\t\t\t\t\tsrc=\"https:\/\/katholm-gods.dk\/wp-content\/uploads\/2022\/03\/Hoest--scaled.jpg\"\n\t\t\t\t\t\t\t\t\t\t\t\twidth=\"2560\"\n\t\t\t\t\t\t\t\t\t\t\t\theight=\"1440\"\n\t\t\t\t\t\t\t\t\t\t\t\tsrcset=\"https:\/\/katholm-gods.dk\/wp-content\/uploads\/2022\/03\/Hoest--scaled.jpg 2560w, https:\/\/katholm-gods.dk\/wp-content\/uploads\/2022\/03\/Hoest--300x169.jpg 300w, https:\/\/katholm-gods.dk\/wp-content\/uploads\/2022\/03\/Hoest--1024x576.jpg 1024w, https:\/\/katholm-gods.dk\/wp-content\/uploads\/2022\/03\/Hoest--768x432.jpg 768w, https:\/\/katholm-gods.dk\/wp-content\/uploads\/2022\/03\/Hoest--1536x864.jpg 1536w, https:\/\/katholm-gods.dk\/wp-content\/uploads\/2022\/03\/Hoest--2048x1152.jpg 2048w\"\n\t\t\t\t\t\t\t\t\t\t\t\talt=\"\"\n\t\t\t\t\t\t\/>\n\t\t\t\t\t<div class=\"elementor-element elementor-element-0d6e8pf e-con e-atomic-element e-flexbox-base e-434424f-f01e00f\" data-id=\"0d6e8pf\" data-element_type=\"e-flexbox\" data-e-type=\"e-flexbox\" data-interaction-id=\"434424f\" data-e-type=\"e-flexbox\" data-id=\"0d6e8pf\">\n\t\t\t\t\t\t\t<h2 \n\t\tdata-interaction-id=\"9db6775\" \n\t\tclass=\"e-heading-base\" \n\t\t \n\t\tdata-e-type=\"widget\" data-id=\"1xr4svk\"\n\t>\n\t\n\t\t\tKontakt\n\t\t<\/h2>\n\t\t\t\t\t\t\t\t<p class=\"e-paragraph-base\" data-interaction-id=\"0082375\"  data-e-type=\"widget\" data-id=\"0li8pmf\">\n\t\t\t\t\t\t\t\tKontakt Marie Therese Collet Klein for yderlig information.\n\t\t\t\t\t<\/p>\n\t\t\t\t\t    \t            <a\n            href=\"https:\/\/katholm-gods.dk\/kontakt\/\" target=\"_self\"\n            class=\"g-dbf095a primary_btn e-button-base\"\n            data-interaction-id=\"6a885df\"\n             data-e-type=\"widget\" data-id=\"1bg8830\"\n        >\n            Kontakt os for at h\u00f8re mere\n        <\/a>\n    \t\t\t\t<\/div>\n\t\t\t\t<\/div>\n\t\t\n\t\t\t\t\t<\/div>\n\t\t\t\t<\/div>\n\t\t<div class=\"elementor-element elementor-element-77c8307 e-flex e-con-boxed e-con e-parent\" data-id=\"77c8307\" data-element_type=\"container\" data-e-type=\"container\" data-settings=\"{&quot;jet_parallax_layout_list&quot;:[],&quot;background_background&quot;:&quot;classic&quot;}\">\n\t\t\t\t\t<div class=\"e-con-inner\">\n\t\t<div class=\"elementor-element elementor-element-bf91960 e-con-full e-flex e-con e-child\" data-id=\"bf91960\" data-element_type=\"container\" data-e-type=\"container\" data-settings=\"{&quot;jet_parallax_layout_list&quot;:[]}\">\n\t\t\t\t<div class=\"elementor-element elementor-element-ab3d3f3 elementor-widget elementor-widget-heading\" data-id=\"ab3d3f3\" data-element_type=\"widget\" data-e-type=\"widget\" data-widget_type=\"heading.default\">\n\t\t\t\t\t<h2 class=\"elementor-heading-title elementor-size-default\">Kontaktieren Sie uns, um mehr \u00fcber die Landwirtschaft auf Katholm Estate zu erfahren<\/h2>\t\t\t\t<\/div>\n\t\t\t\t<div class=\"elementor-element elementor-element-8a64b55 elementor-widget elementor-widget-button\" data-id=\"8a64b55\" data-element_type=\"widget\" data-e-type=\"widget\" data-widget_type=\"button.default\">\n\t\t\t\t\t\t\t\t\t\t<a class=\"elementor-button elementor-button-link elementor-size-sm elementor-animation-bob\" href=\"https:\/\/katholm-gods.dk\/de\/kontakt\/\">\n\t\t\t\t\t\t<span class=\"elementor-button-content-wrapper\">\n\t\t\t\t\t\t\t\t\t<span class=\"elementor-button-text\">Kontakt<\/span>\n\t\t\t\t\t<\/span>\n\t\t\t\t\t<\/a>\n\t\t\t\t\t\t\t\t<\/div>\n\t\t\t\t<\/div>\n\t\t\t\t<div class=\"elementor-element elementor-element-ee14c82 elementor-widget__width-initial elementor-widget-mobile__width-inherit elementor-button-align-stretch elementor-widget elementor-widget-form\" data-id=\"ee14c82\" data-element_type=\"widget\" data-e-type=\"widget\" data-settings=\"{&quot;step_next_label&quot;:&quot;N\\u00e4chste&quot;,&quot;step_previous_label&quot;:&quot;Vorhin&quot;,&quot;button_width&quot;:&quot;100&quot;,&quot;step_type&quot;:&quot;number_text&quot;,&quot;step_icon_shape&quot;:&quot;circle&quot;}\" data-widget_type=\"form.default\">\n\t\t\t\t\t\t\t<form class=\"elementor-form\" method=\"post\" name=\"Landwirtschaft\" aria-label=\"Landwirtschaft\">\n\t\t\t<input type=\"hidden\" name=\"post_id\" value=\"1717\"\/>\n\t\t\t<input type=\"hidden\" name=\"form_id\" value=\"ee14c82\"\/>\n\t\t\t<input type=\"hidden\" name=\"referer_title\" value=\"Landwirtschaft\" \/>\n\n\t\t\t\t\t\t\t<input type=\"hidden\" name=\"queried_id\" value=\"1717\"\/>\n\t\t\t\n\t\t\t<div class=\"elementor-form-fields-wrapper elementor-labels-\">\n\t\t\t\t\t\t\t\t<div class=\"elementor-field-type-text elementor-field-group elementor-column elementor-field-group-name elementor-col-50\">\n\t\t\t\t\t\t\t\t\t\t\t\t<label for=\"form-field-name\" class=\"elementor-field-label elementor-screen-only\">\n\t\t\t\t\t\t\t\tName\t\t\t\t\t\t\t<\/label>\n\t\t\t\t\t\t\t\t\t\t\t\t\t\t<input size=\"1\" type=\"text\" name=\"form_fields[name]\" id=\"form-field-name\" class=\"elementor-field elementor-size-md  elementor-field-textual\" placeholder=\"Name\">\n\t\t\t\t\t\t\t\t\t\t\t<\/div>\n\t\t\t\t\t\t\t\t<div class=\"elementor-field-type-email elementor-field-group elementor-column elementor-field-group-email elementor-col-50 elementor-field-required\">\n\t\t\t\t\t\t\t\t\t\t\t\t<label for=\"form-field-email\" class=\"elementor-field-label elementor-screen-only\">\n\t\t\t\t\t\t\t\tEmail\t\t\t\t\t\t\t<\/label>\n\t\t\t\t\t\t\t\t\t\t\t\t\t\t<input size=\"1\" type=\"email\" name=\"form_fields[email]\" id=\"form-field-email\" class=\"elementor-field elementor-size-md  elementor-field-textual\" placeholder=\"Email\" required=\"required\">\n\t\t\t\t\t\t\t\t\t\t\t<\/div>\n\t\t\t\t\t\t\t\t<div class=\"elementor-field-type-textarea elementor-field-group elementor-column elementor-field-group-message elementor-col-100\">\n\t\t\t\t\t\t\t\t\t\t\t\t<label for=\"form-field-message\" class=\"elementor-field-label elementor-screen-only\">\n\t\t\t\t\t\t\t\tBekanntmachung\t\t\t\t\t\t\t<\/label>\n\t\t\t\t\t\t<textarea class=\"elementor-field-textual elementor-field  elementor-size-md\" name=\"form_fields[message]\" id=\"form-field-message\" rows=\"4\" placeholder=\"Bekanntmachung\"><\/textarea>\t\t\t\t<\/div>\n\t\t\t\t\t\t\t\t<div class=\"elementor-field-group elementor-column elementor-field-type-submit elementor-col-100 e-form__buttons\">\n\t\t\t\t\t<button class=\"elementor-button elementor-size-sm\" type=\"submit\">\n\t\t\t\t\t\t<span class=\"elementor-button-content-wrapper\">\n\t\t\t\t\t\t\t\t\t\t\t\t\t\t\t\t\t\t\t\t\t\t<span class=\"elementor-button-text\">Nachricht senden<\/span>\n\t\t\t\t\t\t\t\t\t\t\t\t\t<\/span>\n\t\t\t\t\t<\/button>\n\t\t\t\t<\/div>\n\t\t\t<\/div>\n\t\t<\/form>\n\t\t\t\t\t\t<\/div>\n\t\t\t\t\t<\/div>\n\t\t\t\t<\/div>\n\t\t\t\t<\/div>\n\t\t","protected":false},"excerpt":{"rendered":"<p>Landwirtschaft durch Gut Katholm M\u00f8delokalet Jagtstuen M\u00f8delokalet p\u00e5 Hovedbygningen ved Katholm, hvor der er mulighed for holde m\u00f8de t\u00e6t p\u00e5 naturen og i unikke omgivelser.&nbsp; Der er mulighed for m\u00f8debordsopstilling til 15 personer &#8211; eller konference opstilling med plads til 40 personer. Forplejning kan tilk\u00f8bes efter aftale. Book nu This is a title Type your [&hellip;]<\/p>\n","protected":false},"author":1,"featured_media":0,"parent":1739,"menu_order":0,"comment_status":"closed","ping_status":"closed","template":"","meta":{"footnotes":""},"class_list":["post-1717","page","type-page","status-publish","hentry"],"_links":{"self":[{"href":"https:\/\/katholm-gods.dk\/de\/wp-json\/wp\/v2\/pages\/1717","targetHints":{"allow":["GET"]}}],"collection":[{"href":"https:\/\/katholm-gods.dk\/de\/wp-json\/wp\/v2\/pages"}],"about":[{"href":"https:\/\/katholm-gods.dk\/de\/wp-json\/wp\/v2\/types\/page"}],"author":[{"embeddable":true,"href":"https:\/\/katholm-gods.dk\/de\/wp-json\/wp\/v2\/users\/1"}],"replies":[{"embeddable":true,"href":"https:\/\/katholm-gods.dk\/de\/wp-json\/wp\/v2\/comments?post=1717"}],"version-history":[{"count":5,"href":"https:\/\/katholm-gods.dk\/de\/wp-json\/wp\/v2\/pages\/1717\/revisions"}],"predecessor-version":[{"id":4073,"href":"https:\/\/katholm-gods.dk\/de\/wp-json\/wp\/v2\/pages\/1717\/revisions\/4073"}],"up":[{"embeddable":true,"href":"https:\/\/katholm-gods.dk\/de\/wp-json\/wp\/v2\/pages\/1739"}],"wp:attachment":[{"href":"https:\/\/katholm-gods.dk\/de\/wp-json\/wp\/v2\/media?parent=1717"}],"curies":[{"name":"wp","href":"https:\/\/api.w.org\/{rel}","templated":true}]}}