{"id":1731,"date":"2022-02-02T10:21:45","date_gmt":"2022-02-02T09:21:45","guid":{"rendered":"https:\/\/katholm-gods.dk\/vermietung\/lagervermietung\/"},"modified":"2026-04-23T15:24:40","modified_gmt":"2026-04-23T13:24:40","slug":"lagervermietung","status":"publish","type":"page","link":"https:\/\/katholm-gods.dk\/de\/vermietung\/lagervermietung\/","title":{"rendered":"Lagervermietung"},"content":{"rendered":"\t\t<div data-elementor-type=\"wp-page\" data-elementor-id=\"1731\" class=\"elementor elementor-1731 elementor-28\" data-elementor-post-type=\"page\">\n\t\t\t\t<div class=\"elementor-element elementor-element-3a5e4c8 e-flex e-con-boxed e-con e-parent\" data-id=\"3a5e4c8\" data-element_type=\"container\" data-e-type=\"container\" data-settings=\"{&quot;background_background&quot;:&quot;classic&quot;,&quot;jet_parallax_layout_list&quot;:[]}\">\n\t\t\t\t\t<div class=\"e-con-inner\">\n\t\t\t\t<div class=\"elementor-element elementor-element-cd76c94 elementor-widget elementor-widget-heading\" data-id=\"cd76c94\" data-element_type=\"widget\" data-e-type=\"widget\" data-widget_type=\"heading.default\">\n\t\t\t\t\t<h1 class=\"elementor-heading-title elementor-size-default\">Lagerraumvermietung<br> auf dem Gut Katholm<\/h1>\t\t\t\t<\/div>\n\t\t\t\t\t<\/div>\n\t\t\t\t<\/div>\n\t\t<div class=\"elementor-element elementor-element-cde840d e-flex e-con-boxed e-con e-parent\" data-id=\"cde840d\" data-element_type=\"container\" data-e-type=\"container\" data-settings=\"{&quot;jet_parallax_layout_list&quot;:[]}\">\n\t\t\t\t\t<div class=\"e-con-inner\">\n\t\t<div class=\"elementor-element elementor-element-060fc22 e-con-full e-flex e-con e-child\" data-id=\"060fc22\" data-element_type=\"container\" data-e-type=\"container\" data-settings=\"{&quot;jet_parallax_layout_list&quot;:[]}\">\n\t\t\t\t<div class=\"elementor-element elementor-element-f091e98 elementor-widget elementor-widget-heading\" data-id=\"f091e98\" data-element_type=\"widget\" data-e-type=\"widget\" data-widget_type=\"heading.default\">\n\t\t\t\t\t<h2 class=\"elementor-heading-title elementor-size-default\">Mietlager  \n<\/h2>\t\t\t\t<\/div>\n\t\t\t\t<div class=\"elementor-element elementor-element-bbe6a88 elementor-widget elementor-widget-text-editor\" data-id=\"bbe6a88\" data-element_type=\"widget\" data-e-type=\"widget\" data-widget_type=\"text-editor.default\">\n\t\t\t\t\t\t\t\t\t<p>Gro\u00dfe Lagerhalle &#8211; Packhalle &#8211; oder Werkstatt zu vermieten.  <\/p><p>Das Geb\u00e4ude verf\u00fcgt \u00fcber beheizte Lagerr\u00e4ume mit zugeh\u00f6rigem B\u00fcro, Toilette und Bad sowie eine Kantine f\u00fcr 20 Personen und bietet vielf\u00e4ltige Nutzungsm\u00f6glichkeiten.  <\/p><p><span style=\"color: var( --e-global-color-text ); font-family: var( --e-global-typography-text-font-family ), Sans-serif; font-size: var( --e-global-typography-text-font-size ); font-weight: var( --e-global-typography-text-font-weight ); background-color: var( --e-global-color-primary );\">In der N\u00e4he des Hafens von Grenaa<\/span><\/p><p>Gute Zugangsbedingungen<br> Gute Ladem\u00f6glichkeiten und automatische Tore.<\/p><p>Kontaktieren Sie uns f\u00fcr eine Besichtigung \u2013 auch wenn nur ein Teil des Mietvertrages von Interesse ist.<\/p><p>Die Geb\u00e4ude wurden 1992 errichtet <\/p>\t\t\t\t\t\t\t\t<\/div>\n\t\t\t\t<div class=\"elementor-element elementor-element-e2af4c4 elementor-widget elementor-widget-button\" data-id=\"e2af4c4\" data-element_type=\"widget\" data-e-type=\"widget\" data-widget_type=\"button.default\">\n\t\t\t\t\t\t\t\t\t\t<a class=\"elementor-button elementor-button-link elementor-size-sm elementor-animation-bob\" href=\"https:\/\/katholm-gods.dk\/de\/kontakt\/\">\n\t\t\t\t\t\t<span class=\"elementor-button-content-wrapper\">\n\t\t\t\t\t\t\t\t\t<span class=\"elementor-button-text\">Kontaktieren Sie uns, um mehr zu erfahren<\/span>\n\t\t\t\t\t<\/span>\n\t\t\t\t\t<\/a>\n\t\t\t\t\t\t\t\t<\/div>\n\t\t\t\t<\/div>\n\t\t\t\t<div class=\"elementor-element elementor-element-e1277ea elementor-widget elementor-widget-gallery\" data-id=\"e1277ea\" data-element_type=\"widget\" data-e-type=\"widget\" data-settings=\"{&quot;gallery_layout&quot;:&quot;masonry&quot;,&quot;columns_mobile&quot;:2,&quot;columns&quot;:3,&quot;lazyload&quot;:&quot;yes&quot;,&quot;columns_tablet&quot;:2,&quot;gap&quot;:{&quot;unit&quot;:&quot;px&quot;,&quot;size&quot;:10,&quot;sizes&quot;:[]},&quot;gap_tablet&quot;:{&quot;unit&quot;:&quot;px&quot;,&quot;size&quot;:10,&quot;sizes&quot;:[]},&quot;gap_mobile&quot;:{&quot;unit&quot;:&quot;px&quot;,&quot;size&quot;:10,&quot;sizes&quot;:[]},&quot;link_to&quot;:&quot;file&quot;,&quot;overlay_background&quot;:&quot;yes&quot;,&quot;content_hover_animation&quot;:&quot;fade-in&quot;}\" data-widget_type=\"gallery.default\">\n\t\t\t\t\t\t\t<div class=\"elementor-gallery__container\">\n\t\t\t\t\t\t\t<a class=\"e-gallery-item elementor-gallery-item elementor-animated-content\" href=\"https:\/\/katholm-gods.dk\/wp-content\/uploads\/2022\/04\/katholm-6-Udsigt.jpg\" data-elementor-open-lightbox=\"yes\" data-elementor-lightbox-slideshow=\"e1277ea\" data-elementor-lightbox-title=\"katholm 6 Udsigt\" data-e-action-hash=\"#elementor-action%3Aaction%3Dlightbox%26settings%3DeyJpZCI6MTAyOCwidXJsIjoiaHR0cHM6XC9cL2thdGhvbG0tZ29kcy5ka1wvd3AtY29udGVudFwvdXBsb2Fkc1wvMjAyMlwvMDRcL2thdGhvbG0tNi1VZHNpZ3QuanBnIiwic2xpZGVzaG93IjoiZTEyNzdlYSJ9\">\n\t\t\t\t\t<div class=\"e-gallery-image elementor-gallery-item__image\" data-thumbnail=\"https:\/\/katholm-gods.dk\/wp-content\/uploads\/2022\/04\/katholm-6-Udsigt.jpg\" data-width=\"1536\" data-height=\"2049\" aria-label=\"\" role=\"img\" ><\/div>\n\t\t\t\t\t\t\t\t\t\t\t<div class=\"elementor-gallery-item__overlay\"><\/div>\n\t\t\t\t\t\t\t\t\t\t\t\t\t\t<\/a>\n\t\t\t\t\t\t\t<a class=\"e-gallery-item elementor-gallery-item elementor-animated-content\" href=\"https:\/\/katholm-gods.dk\/wp-content\/uploads\/2022\/05\/IMG_5475-scaled.jpeg\" data-elementor-open-lightbox=\"yes\" data-elementor-lightbox-slideshow=\"e1277ea\" data-elementor-lightbox-title=\"IMG_5475\" data-e-action-hash=\"#elementor-action%3Aaction%3Dlightbox%26settings%3DeyJpZCI6MTQ5MiwidXJsIjoiaHR0cHM6XC9cL2thdGhvbG0tZ29kcy5ka1wvd3AtY29udGVudFwvdXBsb2Fkc1wvMjAyMlwvMDVcL0lNR181NDc1LXNjYWxlZC5qcGVnIiwic2xpZGVzaG93IjoiZTEyNzdlYSJ9\">\n\t\t\t\t\t<div class=\"e-gallery-image elementor-gallery-item__image\" data-thumbnail=\"https:\/\/katholm-gods.dk\/wp-content\/uploads\/2022\/05\/IMG_5475-scaled.jpeg\" data-width=\"2560\" data-height=\"1920\" aria-label=\"\" role=\"img\" ><\/div>\n\t\t\t\t\t\t\t\t\t\t\t<div class=\"elementor-gallery-item__overlay\"><\/div>\n\t\t\t\t\t\t\t\t\t\t\t\t\t\t<\/a>\n\t\t\t\t\t\t\t<a class=\"e-gallery-item elementor-gallery-item elementor-animated-content\" href=\"https:\/\/katholm-gods.dk\/wp-content\/uploads\/2022\/05\/IMG_5477-scaled.jpeg\" data-elementor-open-lightbox=\"yes\" data-elementor-lightbox-slideshow=\"e1277ea\" data-elementor-lightbox-title=\"IMG_5477\" data-e-action-hash=\"#elementor-action%3Aaction%3Dlightbox%26settings%3DeyJpZCI6MTQ4NiwidXJsIjoiaHR0cHM6XC9cL2thdGhvbG0tZ29kcy5ka1wvd3AtY29udGVudFwvdXBsb2Fkc1wvMjAyMlwvMDVcL0lNR181NDc3LXNjYWxlZC5qcGVnIiwic2xpZGVzaG93IjoiZTEyNzdlYSJ9\">\n\t\t\t\t\t<div class=\"e-gallery-image elementor-gallery-item__image\" data-thumbnail=\"https:\/\/katholm-gods.dk\/wp-content\/uploads\/2022\/05\/IMG_5477-scaled.jpeg\" data-width=\"2560\" data-height=\"1920\" aria-label=\"\" role=\"img\" ><\/div>\n\t\t\t\t\t\t\t\t\t\t\t<div class=\"elementor-gallery-item__overlay\"><\/div>\n\t\t\t\t\t\t\t\t\t\t\t\t\t\t<\/a>\n\t\t\t\t\t\t\t<a class=\"e-gallery-item elementor-gallery-item elementor-animated-content\" href=\"https:\/\/katholm-gods.dk\/wp-content\/uploads\/2022\/05\/IMG_5478-scaled.jpeg\" data-elementor-open-lightbox=\"yes\" data-elementor-lightbox-slideshow=\"e1277ea\" data-elementor-lightbox-title=\"IMG_5478\" data-e-action-hash=\"#elementor-action%3Aaction%3Dlightbox%26settings%3DeyJpZCI6MTQ4MywidXJsIjoiaHR0cHM6XC9cL2thdGhvbG0tZ29kcy5ka1wvd3AtY29udGVudFwvdXBsb2Fkc1wvMjAyMlwvMDVcL0lNR181NDc4LXNjYWxlZC5qcGVnIiwic2xpZGVzaG93IjoiZTEyNzdlYSJ9\">\n\t\t\t\t\t<div class=\"e-gallery-image elementor-gallery-item__image\" data-thumbnail=\"https:\/\/katholm-gods.dk\/wp-content\/uploads\/2022\/05\/IMG_5478-scaled.jpeg\" data-width=\"2560\" data-height=\"1920\" aria-label=\"\" role=\"img\" ><\/div>\n\t\t\t\t\t\t\t\t\t\t\t<div class=\"elementor-gallery-item__overlay\"><\/div>\n\t\t\t\t\t\t\t\t\t\t\t\t\t\t<\/a>\n\t\t\t\t\t\t\t<a class=\"e-gallery-item elementor-gallery-item elementor-animated-content\" href=\"https:\/\/katholm-gods.dk\/wp-content\/uploads\/2022\/05\/IMG_5484-scaled-e1652100537739.jpeg\" data-elementor-open-lightbox=\"yes\" data-elementor-lightbox-slideshow=\"e1277ea\" data-elementor-lightbox-title=\"IMG_5484\" data-e-action-hash=\"#elementor-action%3Aaction%3Dlightbox%26settings%3DeyJpZCI6MTQ2NSwidXJsIjoiaHR0cHM6XC9cL2thdGhvbG0tZ29kcy5ka1wvd3AtY29udGVudFwvdXBsb2Fkc1wvMjAyMlwvMDVcL0lNR181NDg0LXNjYWxlZC1lMTY1MjEwMDUzNzczOS5qcGVnIiwic2xpZGVzaG93IjoiZTEyNzdlYSJ9\">\n\t\t\t\t\t<div class=\"e-gallery-image elementor-gallery-item__image\" data-thumbnail=\"https:\/\/katholm-gods.dk\/wp-content\/uploads\/2022\/05\/IMG_5484-scaled-e1652100537739.jpeg\" data-width=\"2560\" data-height=\"1920\" aria-label=\"\" role=\"img\" ><\/div>\n\t\t\t\t\t\t\t\t\t\t\t<div class=\"elementor-gallery-item__overlay\"><\/div>\n\t\t\t\t\t\t\t\t\t\t\t\t\t\t<\/a>\n\t\t\t\t\t\t\t<a class=\"e-gallery-item elementor-gallery-item elementor-animated-content\" href=\"https:\/\/katholm-gods.dk\/wp-content\/uploads\/2022\/05\/IMG_5485-scaled-e1652100556475.jpeg\" data-elementor-open-lightbox=\"yes\" data-elementor-lightbox-slideshow=\"e1277ea\" data-elementor-lightbox-title=\"IMG_5485\" data-e-action-hash=\"#elementor-action%3Aaction%3Dlightbox%26settings%3DeyJpZCI6MTQ2MiwidXJsIjoiaHR0cHM6XC9cL2thdGhvbG0tZ29kcy5ka1wvd3AtY29udGVudFwvdXBsb2Fkc1wvMjAyMlwvMDVcL0lNR181NDg1LXNjYWxlZC1lMTY1MjEwMDU1NjQ3NS5qcGVnIiwic2xpZGVzaG93IjoiZTEyNzdlYSJ9\">\n\t\t\t\t\t<div class=\"e-gallery-image elementor-gallery-item__image\" data-thumbnail=\"https:\/\/katholm-gods.dk\/wp-content\/uploads\/2022\/05\/IMG_5485-scaled-e1652100556475.jpeg\" data-width=\"2560\" data-height=\"1920\" aria-label=\"\" role=\"img\" ><\/div>\n\t\t\t\t\t\t\t\t\t\t\t<div class=\"elementor-gallery-item__overlay\"><\/div>\n\t\t\t\t\t\t\t\t\t\t\t\t\t\t<\/a>\n\t\t\t\t\t<\/div>\n\t\t\t\t\t<\/div>\n\t\t\t\t\t<\/div>\n\t\t\t\t<\/div>\n\t\t<div class=\"elementor-element elementor-element-6d66379 e-con-full e-flex e-con e-parent\" data-id=\"6d66379\" data-element_type=\"container\" data-e-type=\"container\" data-settings=\"{&quot;jet_parallax_layout_list&quot;:[]}\">\n\t\t\t\t\t\t\t<div class=\"elementor-element elementor-element-16ca7wk e-con e-atomic-element e-flexbox-base e-c8f247a-d963309\" data-id=\"16ca7wk\" data-element_type=\"e-flexbox\" data-e-type=\"e-flexbox\" data-interaction-id=\"c8f247a\" data-e-type=\"e-flexbox\" data-id=\"16ca7wk\">\n\t\t\t\t\t\t\t\n\t\t<img class=\"e-image-base e-cd66a10-7fe1d33\" \n\t\t\t\t\tdata-interaction-id=\"cd66a10\" \n\t\t \n\t\t data-e-type=\"widget\" data-id=\"0f2vjng\"\n\t\t\t\t\t\t\t\t\tid=\"1484\"\n\t\t\t\t\t\t\t\t\t\t\t\tsrc=\"https:\/\/katholm-gods.dk\/wp-content\/uploads\/2022\/05\/IMG_5477-scaled.jpeg\"\n\t\t\t\t\t\t\t\t\t\t\t\twidth=\"2560\"\n\t\t\t\t\t\t\t\t\t\t\t\theight=\"1920\"\n\t\t\t\t\t\t\t\t\t\t\t\tsrcset=\"https:\/\/katholm-gods.dk\/wp-content\/uploads\/2022\/05\/IMG_5477-scaled.jpeg 2560w, https:\/\/katholm-gods.dk\/wp-content\/uploads\/2022\/05\/IMG_5477-300x225.jpeg 300w, https:\/\/katholm-gods.dk\/wp-content\/uploads\/2022\/05\/IMG_5477-1024x768.jpeg 1024w, https:\/\/katholm-gods.dk\/wp-content\/uploads\/2022\/05\/IMG_5477-768x576.jpeg 768w, https:\/\/katholm-gods.dk\/wp-content\/uploads\/2022\/05\/IMG_5477-1536x1152.jpeg 1536w, https:\/\/katholm-gods.dk\/wp-content\/uploads\/2022\/05\/IMG_5477-2048x1536.jpeg 2048w\"\n\t\t\t\t\t\t\t\t\t\t\t\talt=\"\"\n\t\t\t\t\t\t\/>\n\t\t\t\t\t<div class=\"elementor-element elementor-element-18balwg e-con e-atomic-element e-flexbox-base e-dd9ab89-ead58b1\" data-id=\"18balwg\" data-element_type=\"e-flexbox\" data-e-type=\"e-flexbox\" data-interaction-id=\"dd9ab89\" data-e-type=\"e-flexbox\" data-id=\"18balwg\">\n\t\t\t\t\t\t\t<h2 \n\t\tdata-interaction-id=\"68bc841\" \n\t\tclass=\"e-68bc841-4a9a022 e-heading-base\" \n\t\t \n\t\tdata-e-type=\"widget\" data-id=\"0sx0wwd\"\n\t>\n\t\n\t\t\tLagerbygninger 500-1200 m2\n\t\t<\/h2>\n\t\t\t\t\t\t\t\t<p class=\"e-edbcb0e-cd4aa85 e-paragraph-base\" data-interaction-id=\"edbcb0e\"  data-e-type=\"widget\" data-id=\"0nsxxs8\">\n\t\t\t\t\t\t\t\tDen store r\u00e5vare-l\u00e6nge er udlejet<br><br>Til leje er: Kontorl\u00e6ngen, Vest- og \u00d8stl\u00e6ngen.<br><br>Vestl\u00e6ngen i midten af bygningskomplekset p\u00e5 ca. 800 m2 er en isoleret og opvarmet hal. Hallen vil v\u00e6re velegnet som arbejdshal for personale.<br><br>\u00d8st-l\u00e6ngen p\u00e5 500 m2 er tidligere benyttet som f\u00e6rdigvarehal, hvorfra der er gode udk\u00f8rselsmuligheder.&nbsp;<br><br>Der er i forbindelse med lagerbygningerne personalefaciliteter, Kontor med plads til min. 4 skriveborde, kantine til min. 20 mand, toilet og badefaciliteter, mindre lokale, som tidligere har v\u00e6ret laboratorium samt en medarbejdergarderobe.<br><br>(Kontor og personale delen vil kunne lejes s\u00e6rskilt eller sammen med \u00e9n eller alle de \u00f8vrige l\u00e6nger.)\n\t\t\t\t\t<\/p>\n\t\t\t\t\t    \t            <a\n            href=\"https:\/\/katholm-gods.dk\/kontakt\/\" target=\"_self\"\n            class=\"primary_btn e-button-base\"\n            data-interaction-id=\"bed15b6\"\n             data-e-type=\"widget\" data-id=\"0qtypbg\"\n        >\n            Kontakt os for at h\u00f8re mere\n        <\/a>\n    \t\t\t\t<\/div>\n\t\t\t\t<\/div>\n\t\t\n\t\t\t\t<\/div>\n\t\t<div class=\"elementor-element elementor-element-759c33a e-flex e-con-boxed e-con e-parent\" data-id=\"759c33a\" data-element_type=\"container\" data-e-type=\"container\" data-settings=\"{&quot;jet_parallax_layout_list&quot;:[]}\">\n\t\t\t\t\t<div class=\"e-con-inner\">\n\t\t\t\t\t\t\t<div class=\"elementor-element elementor-element-1wqymxc e-con e-atomic-element e-flexbox-base e-cb2f69f-0de8f88 billede_tekst\" data-id=\"1wqymxc\" data-element_type=\"e-flexbox\" data-e-type=\"e-flexbox\" data-interaction-id=\"cb2f69f\" data-e-type=\"e-flexbox\" data-id=\"1wqymxc\">\n\t\t\t\t<div class=\"elementor-element elementor-element-1jbhovb e-con e-atomic-element e-flexbox-base e-dde0e9a-00cb34f\" data-id=\"1jbhovb\" data-element_type=\"e-flexbox\" data-e-type=\"e-flexbox\" data-interaction-id=\"dde0e9a\" data-e-type=\"e-flexbox\" data-id=\"1jbhovb\">\n\t\t\t\t\t\t\t<h2 \n\t\tdata-interaction-id=\"c03f34d\" \n\t\tclass=\"e-heading-base\" \n\t\t \n\t\tdata-e-type=\"widget\" data-id=\"1ckjf3x\"\n\t>\n\t\n\t\t\tUdlejning af tidligere driftsbygninger\n\t\t<\/h2>\n\t\t\t\t\t\t\t\t<p class=\"e-paragraph-base\" data-interaction-id=\"d4bacbd\"  data-e-type=\"widget\" data-id=\"1lodn7y\">\n\t\t\t\t\t\t\t\tP\u00e5 Katholm har vi ogs\u00e5 mindre lager lejem\u00e5l - i gamle ladebygninger.<br><br>P.t. er en del af den gamle stenlade ledig - her er der 500 m2 lagerplads, med adgang via elektrisk h\u00f8jport.\n\t\t\t\t\t<\/p>\n\t\t\t\t\t    \t            <a\n            href=\"https:\/\/katholm-gods.dk\/kontakt\/\" target=\"_self\"\n            class=\"g-dbf095a primary_btn e-button-base\"\n            data-interaction-id=\"73b1374\"\n             data-e-type=\"widget\" data-id=\"00ywtwf\"\n        >\n            Kontakt os for at h\u00f8re mere\n        <\/a>\n    \t\t\t\t<\/div>\n\t\t\t\t\t\t\t\n\t\t<img class=\"e-image-base e-10f3d19-3646ae9\" \n\t\t\t\t\tdata-interaction-id=\"10f3d19\" \n\t\t \n\t\t data-e-type=\"widget\" data-id=\"1tpolef\"\n\t\t\t\t\t\t\t\t\tid=\"563\"\n\t\t\t\t\t\t\t\t\t\t\t\tsrc=\"https:\/\/katholm-gods.dk\/wp-content\/uploads\/2022\/03\/kartoffel.png\"\n\t\t\t\t\t\t\t\t\t\t\t\twidth=\"270\"\n\t\t\t\t\t\t\t\t\t\t\t\theight=\"212\"\n\t\t\t\t\t\t\t\t\t\t\t\tsrcset=\"\"\n\t\t\t\t\t\t\t\t\t\t\t\talt=\"\"\n\t\t\t\t\t\t\/>\n\t\t\t\t\t<\/div>\n\t\t\n\t\t\t\t\t<\/div>\n\t\t\t\t<\/div>\n\t\t<div class=\"elementor-element elementor-element-da18400 e-flex e-con-boxed e-con e-parent\" data-id=\"da18400\" data-element_type=\"container\" data-e-type=\"container\" data-settings=\"{&quot;jet_parallax_layout_list&quot;:[],&quot;background_background&quot;:&quot;classic&quot;}\">\n\t\t\t\t\t<div class=\"e-con-inner\">\n\t\t<div class=\"elementor-element elementor-element-3d15ba4 e-con-full e-flex e-con e-child\" data-id=\"3d15ba4\" data-element_type=\"container\" data-e-type=\"container\" data-settings=\"{&quot;jet_parallax_layout_list&quot;:[]}\">\n\t\t\t\t<div class=\"elementor-element elementor-element-a8019c5 elementor-widget elementor-widget-heading\" data-id=\"a8019c5\" data-element_type=\"widget\" data-e-type=\"widget\" data-widget_type=\"heading.default\">\n\t\t\t\t\t<h2 class=\"elementor-heading-title elementor-size-default\">Kontaktieren Sie uns, um mehr \u00fcber Lagermieten zu erfahren<\/h2>\t\t\t\t<\/div>\n\t\t\t\t<div class=\"elementor-element elementor-element-e3ceae0 elementor-widget elementor-widget-text-editor\" data-id=\"e3ceae0\" data-element_type=\"widget\" data-e-type=\"widget\" data-widget_type=\"text-editor.default\">\n\t\t\t\t\t\t\t\t\t<p>Kontaktieren Sie Marie Therese Collet Klein unter <a href=\"mailto:katholm-gods@katholm-gods.dk\">katholm-gods@katholm-gods.dk<\/a><\/p>\t\t\t\t\t\t\t\t<\/div>\n\t\t\t\t<div class=\"elementor-element elementor-element-c65836a elementor-widget elementor-widget-button\" data-id=\"c65836a\" data-element_type=\"widget\" data-e-type=\"widget\" data-widget_type=\"button.default\">\n\t\t\t\t\t\t\t\t\t\t<a class=\"elementor-button elementor-button-link elementor-size-sm elementor-animation-bob\" href=\"https:\/\/katholm-gods.dk\/de\/kontakt\/\">\n\t\t\t\t\t\t<span class=\"elementor-button-content-wrapper\">\n\t\t\t\t\t\t\t\t\t<span class=\"elementor-button-text\">Kontakt<\/span>\n\t\t\t\t\t<\/span>\n\t\t\t\t\t<\/a>\n\t\t\t\t\t\t\t\t<\/div>\n\t\t\t\t<\/div>\n\t\t\t\t<div class=\"elementor-element elementor-element-2bb1460 elementor-widget__width-initial elementor-widget-mobile__width-inherit elementor-button-align-stretch elementor-widget elementor-widget-form\" data-id=\"2bb1460\" data-element_type=\"widget\" data-e-type=\"widget\" data-settings=\"{&quot;step_next_label&quot;:&quot;N\\u00e4chste&quot;,&quot;step_previous_label&quot;:&quot;Vorhin&quot;,&quot;button_width&quot;:&quot;100&quot;,&quot;step_type&quot;:&quot;number_text&quot;,&quot;step_icon_shape&quot;:&quot;circle&quot;}\" data-widget_type=\"form.default\">\n\t\t\t\t\t\t\t<form class=\"elementor-form\" method=\"post\" name=\"Lagervermietung\" aria-label=\"Lagervermietung\">\n\t\t\t<input type=\"hidden\" name=\"post_id\" value=\"1731\"\/>\n\t\t\t<input type=\"hidden\" name=\"form_id\" value=\"2bb1460\"\/>\n\t\t\t<input type=\"hidden\" name=\"referer_title\" value=\"Lagervermietung\" \/>\n\n\t\t\t\t\t\t\t<input type=\"hidden\" name=\"queried_id\" value=\"1731\"\/>\n\t\t\t\n\t\t\t<div class=\"elementor-form-fields-wrapper elementor-labels-\">\n\t\t\t\t\t\t\t\t<div class=\"elementor-field-type-text elementor-field-group elementor-column elementor-field-group-name elementor-col-50\">\n\t\t\t\t\t\t\t\t\t\t\t\t<label for=\"form-field-name\" class=\"elementor-field-label elementor-screen-only\">\n\t\t\t\t\t\t\t\tName\t\t\t\t\t\t\t<\/label>\n\t\t\t\t\t\t\t\t\t\t\t\t\t\t<input size=\"1\" type=\"text\" name=\"form_fields[name]\" id=\"form-field-name\" class=\"elementor-field elementor-size-md  elementor-field-textual\" placeholder=\"Name\">\n\t\t\t\t\t\t\t\t\t\t\t<\/div>\n\t\t\t\t\t\t\t\t<div class=\"elementor-field-type-email elementor-field-group elementor-column elementor-field-group-email elementor-col-50 elementor-field-required\">\n\t\t\t\t\t\t\t\t\t\t\t\t<label for=\"form-field-email\" class=\"elementor-field-label elementor-screen-only\">\n\t\t\t\t\t\t\t\tEmail\t\t\t\t\t\t\t<\/label>\n\t\t\t\t\t\t\t\t\t\t\t\t\t\t<input size=\"1\" type=\"email\" name=\"form_fields[email]\" id=\"form-field-email\" class=\"elementor-field elementor-size-md  elementor-field-textual\" placeholder=\"Email\" required=\"required\">\n\t\t\t\t\t\t\t\t\t\t\t<\/div>\n\t\t\t\t\t\t\t\t<div class=\"elementor-field-type-textarea elementor-field-group elementor-column elementor-field-group-message elementor-col-100\">\n\t\t\t\t\t\t\t\t\t\t\t\t<label for=\"form-field-message\" class=\"elementor-field-label elementor-screen-only\">\n\t\t\t\t\t\t\t\tBekanntmachung\t\t\t\t\t\t\t<\/label>\n\t\t\t\t\t\t<textarea class=\"elementor-field-textual elementor-field  elementor-size-md\" name=\"form_fields[message]\" id=\"form-field-message\" rows=\"4\" placeholder=\"Bekanntmachung\"><\/textarea>\t\t\t\t<\/div>\n\t\t\t\t\t\t\t\t<div class=\"elementor-field-group elementor-column elementor-field-type-submit elementor-col-100 e-form__buttons\">\n\t\t\t\t\t<button class=\"elementor-button elementor-size-sm\" type=\"submit\">\n\t\t\t\t\t\t<span class=\"elementor-button-content-wrapper\">\n\t\t\t\t\t\t\t\t\t\t\t\t\t\t\t\t\t\t\t\t\t\t<span class=\"elementor-button-text\">Nachricht senden<\/span>\n\t\t\t\t\t\t\t\t\t\t\t\t\t<\/span>\n\t\t\t\t\t<\/button>\n\t\t\t\t<\/div>\n\t\t\t<\/div>\n\t\t<\/form>\n\t\t\t\t\t\t<\/div>\n\t\t\t\t\t<\/div>\n\t\t\t\t<\/div>\n\t\t\t\t<\/div>\n\t\t","protected":false},"excerpt":{"rendered":"<p>Lagerraumvermietung auf dem Gut Katholm Mietlager Gro\u00dfe Lagerhalle &#8211; Packhalle &#8211; oder Werkstatt zu vermieten. Das Geb\u00e4ude verf\u00fcgt \u00fcber beheizte Lagerr\u00e4ume mit zugeh\u00f6rigem B\u00fcro, Toilette und Bad sowie eine Kantine f\u00fcr 20 Personen und bietet vielf\u00e4ltige Nutzungsm\u00f6glichkeiten. In der N\u00e4he des Hafens von Grenaa Gute Zugangsbedingungen Gute Ladem\u00f6glichkeiten und automatische Tore. Kontaktieren Sie uns f\u00fcr [&hellip;]<\/p>\n","protected":false},"author":1,"featured_media":0,"parent":1695,"menu_order":0,"comment_status":"closed","ping_status":"closed","template":"","meta":{"footnotes":""},"class_list":["post-1731","page","type-page","status-publish","hentry"],"_links":{"self":[{"href":"https:\/\/katholm-gods.dk\/de\/wp-json\/wp\/v2\/pages\/1731","targetHints":{"allow":["GET"]}}],"collection":[{"href":"https:\/\/katholm-gods.dk\/de\/wp-json\/wp\/v2\/pages"}],"about":[{"href":"https:\/\/katholm-gods.dk\/de\/wp-json\/wp\/v2\/types\/page"}],"author":[{"embeddable":true,"href":"https:\/\/katholm-gods.dk\/de\/wp-json\/wp\/v2\/users\/1"}],"replies":[{"embeddable":true,"href":"https:\/\/katholm-gods.dk\/de\/wp-json\/wp\/v2\/comments?post=1731"}],"version-history":[{"count":10,"href":"https:\/\/katholm-gods.dk\/de\/wp-json\/wp\/v2\/pages\/1731\/revisions"}],"predecessor-version":[{"id":4085,"href":"https:\/\/katholm-gods.dk\/de\/wp-json\/wp\/v2\/pages\/1731\/revisions\/4085"}],"up":[{"embeddable":true,"href":"https:\/\/katholm-gods.dk\/de\/wp-json\/wp\/v2\/pages\/1695"}],"wp:attachment":[{"href":"https:\/\/katholm-gods.dk\/de\/wp-json\/wp\/v2\/media?parent=1731"}],"curies":[{"name":"wp","href":"https:\/\/api.w.org\/{rel}","templated":true}]}}