{"id":1754,"date":"2022-03-14T13:19:16","date_gmt":"2022-03-14T12:19:16","guid":{"rendered":"https:\/\/katholm-gods.dk\/landwirtschaft-forstwirtschaft-jagd\/jagd\/"},"modified":"2026-04-28T15:13:14","modified_gmt":"2026-04-28T13:13:14","slug":"jagd","status":"publish","type":"page","link":"https:\/\/katholm-gods.dk\/de\/landwirtschaft-forstwirtschaft-jagd\/jagd\/","title":{"rendered":"Jagd"},"content":{"rendered":"\t\t<div data-elementor-type=\"wp-page\" data-elementor-id=\"1754\" class=\"elementor elementor-1754 elementor-177\" data-elementor-post-type=\"page\">\n\t\t\t\t<div class=\"elementor-element elementor-element-ffd8a3a e-flex e-con-boxed e-con e-parent\" data-id=\"ffd8a3a\" data-element_type=\"container\" data-e-type=\"container\" data-settings=\"{&quot;background_background&quot;:&quot;classic&quot;}\">\n\t\t\t\t\t<div class=\"e-con-inner\">\n\t\t\t\t<div class=\"elementor-element elementor-element-bfd0a24 elementor-widget elementor-widget-heading\" data-id=\"bfd0a24\" data-element_type=\"widget\" data-e-type=\"widget\" data-widget_type=\"heading.default\">\n\t\t\t\t\t<h1 class=\"elementor-heading-title elementor-size-default\">Jagd durch<br> Katholm Estate<\/h1>\t\t\t\t<\/div>\n\t\t\t\t\t<\/div>\n\t\t\t\t<\/div>\n\t\t<div class=\"elementor-element elementor-element-a9cd857 e-flex e-con-boxed e-con e-parent\" data-id=\"a9cd857\" data-element_type=\"container\" data-e-type=\"container\">\n\t\t\t\t\t<div class=\"e-con-inner\">\n\t\t\t\t\t\t\t<div class=\"elementor-element elementor-element-08fl3m3 e-con e-atomic-element e-flexbox-base e-cb2f69f-0de8f88 billede_tekst\" data-id=\"08fl3m3\" data-element_type=\"e-flexbox\" data-e-type=\"e-flexbox\" data-interaction-id=\"cb2f69f\" data-e-type=\"e-flexbox\" data-id=\"08fl3m3\">\n\t\t\t\t<div class=\"elementor-element elementor-element-05ryybg e-con e-atomic-element e-flexbox-base e-dde0e9a-00cb34f\" data-id=\"05ryybg\" data-element_type=\"e-flexbox\" data-e-type=\"e-flexbox\" data-interaction-id=\"dde0e9a\" data-e-type=\"e-flexbox\" data-id=\"05ryybg\">\n\t\t\t\t\t\t\t<h2 \n\t\tdata-interaction-id=\"c03f34d\" \n\t\tclass=\"e-heading-base\" \n\t\t \n\t\tdata-e-type=\"widget\" data-id=\"0gr6nfq\"\n\t>\n\t\n\t\t\tJagten\n\t\t<\/h2>\n\t\t\t\t\t\t\t\t<p class=\"e-paragraph-base\" data-interaction-id=\"d4bacbd\"  data-e-type=\"widget\" data-id=\"1ayopjp\">\n\t\t\t\t\t\t\t\tJagten er p.t. udlejet og opdelt i tre konsortier.&nbsp;<br><br><strong>Hvis der blive jagtomr\u00e5der ledige vil det blive annonceret her p\u00e5 siden.<\/strong><br><br>Ved interesse i Jagt p\u00e5 Katholm, kontakt da Nikolaj Klein pr. mail.\n\t\t\t\t\t<\/p>\n\t\t\t\t<\/div>\n\t\t\t\t\t\t\t\n\t\t\t<img class=\"e-image-base e-10f3d19-3646ae9\" \n\t\t\t\t\tdata-interaction-id=\"10f3d19\" \n\t\t \n\t\t data-e-type=\"widget\" data-id=\"0jkn6mk\"\n\t\t\t\t\t\t\t\t\tid=\"1061\"\n\t\t\t\t\t\t\t\t\t\t\t\tsrc=\"https:\/\/katholm-gods.dk\/wp-content\/uploads\/2022\/04\/Katholm-fasan.jpg\"\n\t\t\t\t\t\t\t\t\t\t\t\twidth=\"1512\"\n\t\t\t\t\t\t\t\t\t\t\t\theight=\"2016\"\n\t\t\t\t\t\t\t\t\t\t\t\tsrcset=\"https:\/\/katholm-gods.dk\/wp-content\/uploads\/2022\/04\/Katholm-fasan.jpg 1512w, https:\/\/katholm-gods.dk\/wp-content\/uploads\/2022\/04\/Katholm-fasan-225x300.jpg 225w, https:\/\/katholm-gods.dk\/wp-content\/uploads\/2022\/04\/Katholm-fasan-768x1024.jpg 768w, https:\/\/katholm-gods.dk\/wp-content\/uploads\/2022\/04\/Katholm-fasan-1152x1536.jpg 1152w\"\n\t\t\t\t\t\t\t\t\t\t\t\talt=\"\"\n\t\t\t\t\t\t\/>\n\t\t\t\t\t<\/div>\n\t\t\n\t\t\t\t\t<\/div>\n\t\t\t\t<\/div>\n\t\t<div class=\"elementor-element elementor-element-024cc2c e-con-full e-flex e-con e-parent\" data-id=\"024cc2c\" data-element_type=\"container\" data-e-type=\"container\">\n\t\t\t\t\t\t\t<div class=\"elementor-element elementor-element-05xqv6j e-con e-atomic-element e-flexbox-base e-c8f247a-d963309\" data-id=\"05xqv6j\" data-element_type=\"e-flexbox\" data-e-type=\"e-flexbox\" data-interaction-id=\"c8f247a\" data-e-type=\"e-flexbox\" data-id=\"05xqv6j\">\n\t\t\t\t\t\t\t\n\t\t\t<img class=\"e-image-base e-cd66a10-7fe1d33\" \n\t\t\t\t\tdata-interaction-id=\"cd66a10\" \n\t\t \n\t\t data-e-type=\"widget\" data-id=\"06bxco3\"\n\t\t\t\t\t\t\t\t\tid=\"539\"\n\t\t\t\t\t\t\t\t\t\t\t\tsrc=\"https:\/\/katholm-gods.dk\/wp-content\/uploads\/2022\/03\/benjamin-lecomte-wNKqC9YvG8A-unsplash-scaled.jpg\"\n\t\t\t\t\t\t\t\t\t\t\t\twidth=\"2560\"\n\t\t\t\t\t\t\t\t\t\t\t\theight=\"1922\"\n\t\t\t\t\t\t\t\t\t\t\t\tsrcset=\"https:\/\/katholm-gods.dk\/wp-content\/uploads\/2022\/03\/benjamin-lecomte-wNKqC9YvG8A-unsplash-scaled.jpg 2560w, https:\/\/katholm-gods.dk\/wp-content\/uploads\/2022\/03\/benjamin-lecomte-wNKqC9YvG8A-unsplash-300x225.jpg 300w, https:\/\/katholm-gods.dk\/wp-content\/uploads\/2022\/03\/benjamin-lecomte-wNKqC9YvG8A-unsplash-1024x769.jpg 1024w, https:\/\/katholm-gods.dk\/wp-content\/uploads\/2022\/03\/benjamin-lecomte-wNKqC9YvG8A-unsplash-768x577.jpg 768w, https:\/\/katholm-gods.dk\/wp-content\/uploads\/2022\/03\/benjamin-lecomte-wNKqC9YvG8A-unsplash-1536x1153.jpg 1536w, https:\/\/katholm-gods.dk\/wp-content\/uploads\/2022\/03\/benjamin-lecomte-wNKqC9YvG8A-unsplash-2048x1538.jpg 2048w\"\n\t\t\t\t\t\t\t\t\t\t\t\talt=\"\"\n\t\t\t\t\t\t\/>\n\t\t\t\t\t<div class=\"elementor-element elementor-element-011dbgf e-con e-atomic-element e-flexbox-base e-dd9ab89-ead58b1\" data-id=\"011dbgf\" data-element_type=\"e-flexbox\" data-e-type=\"e-flexbox\" data-interaction-id=\"dd9ab89\" data-e-type=\"e-flexbox\" data-id=\"011dbgf\">\n\t\t\t\t\t\t\t<h2 \n\t\tdata-interaction-id=\"68bc841\" \n\t\tclass=\"e-68bc841-4a9a022 e-heading-base\" \n\t\t \n\t\tdata-e-type=\"widget\" data-id=\"11eotsi\"\n\t>\n\t\n\t\t\tSikavildt\n\t\t<\/h2>\n\t\t\t\t\t\t\t\t<p class=\"e-edbcb0e-cd4aa85 e-paragraph-base\" data-interaction-id=\"edbcb0e\"  data-e-type=\"widget\" data-id=\"092qx07\">\n\t\t\t\t\t\t\t\tKatholm er kendt for sin bestand af Sikavildt som har st\u00e5et fast p\u00e5 ejendommen uden hegn siden 1920\u2019erne.<br><br>Hertil kommer en p\u00e6n bestand af r\u00e5vildt, samt gode andehuller, samt mulighed for uds\u00e6tning af fasaner.\n\t\t\t\t\t<\/p>\n\t\t\t\t\t    \t            <a\n            href=\"https:\/\/katholm-gods.dk\/kontakt\/\" target=\"_self\"\n            class=\"primary_btn e-button-base\"\n            data-interaction-id=\"bed15b6\"\n             data-e-type=\"widget\" data-id=\"1u7zyer\"\n        >\n            Kontakt os for at h\u00f8re mere\n        <\/a>\n    \t\t\t\t<\/div>\n\t\t\t\t<\/div>\n\t\t\n\t\t\t\t<\/div>\n\t\t<div class=\"elementor-element elementor-element-18c5dec e-flex e-con-boxed e-con e-parent\" data-id=\"18c5dec\" data-element_type=\"container\" data-e-type=\"container\">\n\t\t\t\t\t<div class=\"e-con-inner\">\n\t\t\t\t\t\t\t<div class=\"elementor-element elementor-element-01g0nwq e-con e-atomic-element e-flexbox-base e-cb2f69f-0de8f88 billede_tekst\" data-id=\"01g0nwq\" data-element_type=\"e-flexbox\" data-e-type=\"e-flexbox\" data-interaction-id=\"cb2f69f\" data-e-type=\"e-flexbox\" data-id=\"01g0nwq\">\n\t\t\t\t<div class=\"elementor-element elementor-element-02hw3i5 e-con e-atomic-element e-flexbox-base e-dde0e9a-00cb34f\" data-id=\"02hw3i5\" data-element_type=\"e-flexbox\" data-e-type=\"e-flexbox\" data-interaction-id=\"dde0e9a\" data-e-type=\"e-flexbox\" data-id=\"02hw3i5\">\n\t\t\t\t\t\t\t<h2 \n\t\tdata-interaction-id=\"c03f34d\" \n\t\tclass=\"e-heading-base\" \n\t\t \n\t\tdata-e-type=\"widget\" data-id=\"0nvkazr\"\n\t>\n\t\n\t\t\tJagten p\u00e5 Katholm Gods\n\t\t<\/h2>\n\t\t\t\t<\/div>\n\t\t\t\t\t\t\t\n\t\t\t<img class=\"e-image-base e-10f3d19-3646ae9\" \n\t\t\t\t\tdata-interaction-id=\"10f3d19\" \n\t\t \n\t\t data-e-type=\"widget\" data-id=\"0drfwi5\"\n\t\t\t\t\t\t\t\t\tid=\"2848\"\n\t\t\t\t\t\t\t\t\t\t\t\tsrc=\"https:\/\/katholm-gods.dk\/wp-content\/uploads\/2026\/01\/Nikolaj-Katholm-scaled.jpg\"\n\t\t\t\t\t\t\t\t\t\t\t\twidth=\"1920\"\n\t\t\t\t\t\t\t\t\t\t\t\theight=\"2560\"\n\t\t\t\t\t\t\t\t\t\t\t\tsrcset=\"https:\/\/katholm-gods.dk\/wp-content\/uploads\/2026\/01\/Nikolaj-Katholm-scaled.jpg 1920w, https:\/\/katholm-gods.dk\/wp-content\/uploads\/2026\/01\/Nikolaj-Katholm-225x300.jpg 225w, https:\/\/katholm-gods.dk\/wp-content\/uploads\/2026\/01\/Nikolaj-Katholm-768x1024.jpg 768w, https:\/\/katholm-gods.dk\/wp-content\/uploads\/2026\/01\/Nikolaj-Katholm-1152x1536.jpg 1152w, https:\/\/katholm-gods.dk\/wp-content\/uploads\/2026\/01\/Nikolaj-Katholm-1536x2048.jpg 1536w\"\n\t\t\t\t\t\t\t\t\t\t\t\talt=\"\"\n\t\t\t\t\t\t\/>\n\t\t\t\t\t<\/div>\n\t\t\n\t\t\t\t\t<\/div>\n\t\t\t\t<\/div>\n\t\t<div class=\"elementor-element elementor-element-decdd3b e-flex e-con-boxed e-con e-parent\" data-id=\"decdd3b\" data-element_type=\"container\" data-e-type=\"container\" data-settings=\"{&quot;background_background&quot;:&quot;classic&quot;}\">\n\t\t\t\t\t<div class=\"e-con-inner\">\n\t\t<div class=\"elementor-element elementor-element-ac00b31 e-con-full e-flex e-con e-child\" data-id=\"ac00b31\" data-element_type=\"container\" data-e-type=\"container\">\n\t\t\t\t<div class=\"elementor-element elementor-element-bab4bfb elementor-widget elementor-widget-heading\" data-id=\"bab4bfb\" data-element_type=\"widget\" data-e-type=\"widget\" data-widget_type=\"heading.default\">\n\t\t\t\t\t<h2 class=\"elementor-heading-title elementor-size-default\">Kontaktieren Sie uns, um mehr \u00fcber die Jagd auf Katholm Estate zu erfahren<\/h2>\t\t\t\t<\/div>\n\t\t\t\t<div class=\"elementor-element elementor-element-72132b3 elementor-widget elementor-widget-text-editor\" data-id=\"72132b3\" data-element_type=\"widget\" data-e-type=\"widget\" data-widget_type=\"text-editor.default\">\n\t\t\t\t\t\t\t\t\t<p>Kontaktieren Sie Nikolaj Klein<br> nikolaj@katholm-gods.dk<br> +45 30 29 00 39<\/p>\t\t\t\t\t\t\t\t<\/div>\n\t\t\t\t<div class=\"elementor-element elementor-element-e6c4a3a elementor-widget elementor-widget-button\" data-id=\"e6c4a3a\" data-element_type=\"widget\" data-e-type=\"widget\" data-widget_type=\"button.default\">\n\t\t\t\t\t\t\t\t\t\t<a class=\"elementor-button elementor-button-link elementor-size-sm elementor-animation-bob\" href=\"https:\/\/katholm-gods.dk\/de\/kontakt\/\">\n\t\t\t\t\t\t<span class=\"elementor-button-content-wrapper\">\n\t\t\t\t\t\t\t\t\t<span class=\"elementor-button-text\">Kontakt<\/span>\n\t\t\t\t\t<\/span>\n\t\t\t\t\t<\/a>\n\t\t\t\t\t\t\t\t<\/div>\n\t\t\t\t<\/div>\n\t\t\t\t<div class=\"elementor-element elementor-element-4528f1d elementor-widget__width-initial elementor-widget-mobile__width-inherit elementor-button-align-stretch elementor-widget elementor-widget-form\" data-id=\"4528f1d\" data-element_type=\"widget\" data-e-type=\"widget\" data-settings=\"{&quot;step_next_label&quot;:&quot;N\\u00e4chste&quot;,&quot;step_previous_label&quot;:&quot;Vorhin&quot;,&quot;button_width&quot;:&quot;100&quot;,&quot;step_type&quot;:&quot;number_text&quot;,&quot;step_icon_shape&quot;:&quot;circle&quot;}\" data-widget_type=\"form.default\">\n\t\t\t\t\t\t\t<form class=\"elementor-form\" method=\"post\" name=\"Jagd\" aria-label=\"Jagd\">\n\t\t\t<input type=\"hidden\" name=\"post_id\" value=\"1754\"\/>\n\t\t\t<input type=\"hidden\" name=\"form_id\" value=\"4528f1d\"\/>\n\t\t\t<input type=\"hidden\" name=\"referer_title\" value=\"Jagd - Katholm Gods\" \/>\n\n\t\t\t\t\t\t\t<input type=\"hidden\" name=\"queried_id\" value=\"1754\"\/>\n\t\t\t\n\t\t\t<div class=\"elementor-form-fields-wrapper elementor-labels-\">\n\t\t\t\t\t\t\t\t<div class=\"elementor-field-type-text elementor-field-group elementor-column elementor-field-group-name elementor-col-50\">\n\t\t\t\t\t\t\t\t\t\t\t\t<label for=\"form-field-name\" class=\"elementor-field-label elementor-screen-only\">\n\t\t\t\t\t\t\t\tName\t\t\t\t\t\t\t<\/label>\n\t\t\t\t\t\t\t\t\t\t\t\t\t\t<input size=\"1\" type=\"text\" name=\"form_fields[name]\" id=\"form-field-name\" class=\"elementor-field elementor-size-md  elementor-field-textual\" placeholder=\"Name\">\n\t\t\t\t\t\t\t\t\t\t\t<\/div>\n\t\t\t\t\t\t\t\t<div class=\"elementor-field-type-email elementor-field-group elementor-column elementor-field-group-email elementor-col-50 elementor-field-required\">\n\t\t\t\t\t\t\t\t\t\t\t\t<label for=\"form-field-email\" class=\"elementor-field-label elementor-screen-only\">\n\t\t\t\t\t\t\t\tEmail\t\t\t\t\t\t\t<\/label>\n\t\t\t\t\t\t\t\t\t\t\t\t\t\t<input size=\"1\" type=\"email\" name=\"form_fields[email]\" id=\"form-field-email\" class=\"elementor-field elementor-size-md  elementor-field-textual\" placeholder=\"Email\" required=\"required\">\n\t\t\t\t\t\t\t\t\t\t\t<\/div>\n\t\t\t\t\t\t\t\t<div class=\"elementor-field-type-textarea elementor-field-group elementor-column elementor-field-group-message elementor-col-100\">\n\t\t\t\t\t\t\t\t\t\t\t\t<label for=\"form-field-message\" class=\"elementor-field-label elementor-screen-only\">\n\t\t\t\t\t\t\t\tBekanntmachung\t\t\t\t\t\t\t<\/label>\n\t\t\t\t\t\t<textarea class=\"elementor-field-textual elementor-field  elementor-size-md\" name=\"form_fields[message]\" id=\"form-field-message\" rows=\"4\" placeholder=\"Bekanntmachung\"><\/textarea>\t\t\t\t<\/div>\n\t\t\t\t\t\t\t\t<div class=\"elementor-field-group elementor-column elementor-field-type-submit elementor-col-100 e-form__buttons\">\n\t\t\t\t\t<button class=\"elementor-button elementor-size-sm\" type=\"submit\">\n\t\t\t\t\t\t<span class=\"elementor-button-content-wrapper\">\n\t\t\t\t\t\t\t\t\t\t\t\t\t\t\t\t\t\t\t\t\t\t<span class=\"elementor-button-text\">Nachricht senden<\/span>\n\t\t\t\t\t\t\t\t\t\t\t\t\t<\/span>\n\t\t\t\t\t<\/button>\n\t\t\t\t<\/div>\n\t\t\t<\/div>\n\t\t<\/form>\n\t\t\t\t\t\t<\/div>\n\t\t\t\t\t<\/div>\n\t\t\t\t<\/div>\n\t\t\t\t<\/div>\n\t\t","protected":false},"excerpt":{"rendered":"<p>Jagd durch Katholm Estate M\u00f8delokalet Jagtstuen M\u00f8delokalet p\u00e5 Hovedbygningen ved Katholm, hvor der er mulighed for holde m\u00f8de t\u00e6t p\u00e5 naturen og i unikke omgivelser.&nbsp; Der er mulighed for m\u00f8debordsopstilling til 15 personer &#8211; eller konference opstilling med plads til 40 personer. Forplejning kan tilk\u00f8bes efter aftale. Book nu Type your paragraph here This is [&hellip;]<\/p>\n","protected":false},"author":1,"featured_media":0,"parent":1739,"menu_order":0,"comment_status":"closed","ping_status":"closed","template":"","meta":{"footnotes":""},"class_list":["post-1754","page","type-page","status-publish","hentry"],"_links":{"self":[{"href":"https:\/\/katholm-gods.dk\/de\/wp-json\/wp\/v2\/pages\/1754","targetHints":{"allow":["GET"]}}],"collection":[{"href":"https:\/\/katholm-gods.dk\/de\/wp-json\/wp\/v2\/pages"}],"about":[{"href":"https:\/\/katholm-gods.dk\/de\/wp-json\/wp\/v2\/types\/page"}],"author":[{"embeddable":true,"href":"https:\/\/katholm-gods.dk\/de\/wp-json\/wp\/v2\/users\/1"}],"replies":[{"embeddable":true,"href":"https:\/\/katholm-gods.dk\/de\/wp-json\/wp\/v2\/comments?post=1754"}],"version-history":[{"count":12,"href":"https:\/\/katholm-gods.dk\/de\/wp-json\/wp\/v2\/pages\/1754\/revisions"}],"predecessor-version":[{"id":4152,"href":"https:\/\/katholm-gods.dk\/de\/wp-json\/wp\/v2\/pages\/1754\/revisions\/4152"}],"up":[{"embeddable":true,"href":"https:\/\/katholm-gods.dk\/de\/wp-json\/wp\/v2\/pages\/1739"}],"wp:attachment":[{"href":"https:\/\/katholm-gods.dk\/de\/wp-json\/wp\/v2\/media?parent=1754"}],"curies":[{"name":"wp","href":"https:\/\/api.w.org\/{rel}","templated":true}]}}