{"id":1789,"date":"2022-04-13T08:54:59","date_gmt":"2022-04-13T06:54:59","guid":{"rendered":"https:\/\/katholm-gods.dk\/landwirtschaft-forstwirtschaft-jagd\/forstwirtschaft\/"},"modified":"2026-04-23T14:52:11","modified_gmt":"2026-04-23T12:52:11","slug":"forstwirtschaft","status":"publish","type":"page","link":"https:\/\/katholm-gods.dk\/de\/landwirtschaft-forstwirtschaft-jagd\/forstwirtschaft\/","title":{"rendered":"Forstwirtschaft"},"content":{"rendered":"\t\t<div data-elementor-type=\"wp-page\" data-elementor-id=\"1789\" class=\"elementor elementor-1789 elementor-734\" data-elementor-post-type=\"page\">\n\t\t\t\t<div class=\"elementor-element elementor-element-a9ace0d e-flex e-con-boxed e-con e-parent\" data-id=\"a9ace0d\" data-element_type=\"container\" data-e-type=\"container\" data-settings=\"{&quot;background_background&quot;:&quot;classic&quot;,&quot;jet_parallax_layout_list&quot;:[]}\">\n\t\t\t\t\t<div class=\"e-con-inner\">\n\t\t\t\t<div class=\"elementor-element elementor-element-a486c72 elementor-widget elementor-widget-heading\" data-id=\"a486c72\" data-element_type=\"widget\" data-e-type=\"widget\" data-widget_type=\"heading.default\">\n\t\t\t\t\t<h1 class=\"elementor-heading-title elementor-size-default\">Forstwirtschaft bei<br> Katholm Estate<\/h1>\t\t\t\t<\/div>\n\t\t\t\t\t<\/div>\n\t\t\t\t<\/div>\n\t\t<div class=\"elementor-element elementor-element-03a33c6 e-flex e-con-boxed e-con e-parent\" data-id=\"03a33c6\" data-element_type=\"container\" data-e-type=\"container\" data-settings=\"{&quot;jet_parallax_layout_list&quot;:[]}\">\n\t\t\t\t\t<div class=\"e-con-inner\">\n\t\t\t\t<div class=\"elementor-element elementor-element-c9689fd elementor-widget__width-initial elementor-widget-tablet__width-inherit elementor-widget elementor-widget-heading\" data-id=\"c9689fd\" data-element_type=\"widget\" data-e-type=\"widget\" data-widget_type=\"heading.default\">\n\t\t\t\t\t<h2 class=\"elementor-heading-title elementor-size-default\">Traditionelle Forstwirtschaft. Koniferen, Laub, Weihnachtsb\u00e4ume und Ziergr\u00fcn.<\/h2>\t\t\t\t<\/div>\n\t\t\t\t<div class=\"elementor-element elementor-element-909016b elementor-widget elementor-widget-gallery\" data-id=\"909016b\" data-element_type=\"widget\" data-e-type=\"widget\" data-settings=\"{&quot;gallery_layout&quot;:&quot;masonry&quot;,&quot;columns_mobile&quot;:2,&quot;columns&quot;:2,&quot;overlay_title&quot;:&quot;title&quot;,&quot;lazyload&quot;:&quot;yes&quot;,&quot;columns_tablet&quot;:2,&quot;gap&quot;:{&quot;unit&quot;:&quot;px&quot;,&quot;size&quot;:10,&quot;sizes&quot;:[]},&quot;gap_tablet&quot;:{&quot;unit&quot;:&quot;px&quot;,&quot;size&quot;:10,&quot;sizes&quot;:[]},&quot;gap_mobile&quot;:{&quot;unit&quot;:&quot;px&quot;,&quot;size&quot;:10,&quot;sizes&quot;:[]},&quot;link_to&quot;:&quot;file&quot;,&quot;overlay_background&quot;:&quot;yes&quot;,&quot;content_hover_animation&quot;:&quot;fade-in&quot;}\" data-widget_type=\"gallery.default\">\n\t\t\t\t\t\t\t<div class=\"elementor-gallery__container\">\n\t\t\t\t\t\t\t<a class=\"e-gallery-item elementor-gallery-item elementor-animated-content\" href=\"https:\/\/katholm-gods.dk\/wp-content\/uploads\/2022\/05\/IMG_54951-1-scaled-e1652100575424.jpeg\" data-elementor-open-lightbox=\"yes\" data-elementor-lightbox-slideshow=\"909016b\" data-elementor-lightbox-title=\"IMG_5495(1)\" data-e-action-hash=\"#elementor-action%3Aaction%3Dlightbox%26settings%3DeyJpZCI6MTQ1OSwidXJsIjoiaHR0cHM6XC9cL2thdGhvbG0tZ29kcy5ka1wvd3AtY29udGVudFwvdXBsb2Fkc1wvMjAyMlwvMDVcL0lNR181NDk1MS0xLXNjYWxlZC1lMTY1MjEwMDU3NTQyNC5qcGVnIiwic2xpZGVzaG93IjoiOTA5MDE2YiJ9\">\n\t\t\t\t\t<div class=\"e-gallery-image elementor-gallery-item__image\" data-thumbnail=\"https:\/\/katholm-gods.dk\/wp-content\/uploads\/2022\/05\/IMG_54951-1-scaled-e1652100575424.jpeg\" data-width=\"2560\" data-height=\"1920\" aria-label=\"\" role=\"img\" ><\/div>\n\t\t\t\t\t\t\t\t\t\t\t<div class=\"elementor-gallery-item__overlay\"><\/div>\n\t\t\t\t\t\t\t\t\t\t\t\t\t\t\t<div class=\"elementor-gallery-item__content\">\n\t\t\t\t\t\t\t\t\t\t\t\t\t\t<div class=\"elementor-gallery-item__title\">\n\t\t\t\t\t\t\t\t\t\t\t\t\t\t\t\t\t\tIMG_5495(1)\t\t\t\t\t\t\t\t<\/div>\n\t\t\t\t\t\t\t\t\t\t\t\t<\/div>\n\t\t\t\t\t\t\t\t\t<\/a>\n\t\t\t\t\t\t\t<a class=\"e-gallery-item elementor-gallery-item elementor-animated-content\" href=\"https:\/\/katholm-gods.dk\/wp-content\/uploads\/2022\/04\/Katholm-sika.jpg\" data-elementor-open-lightbox=\"yes\" data-elementor-lightbox-slideshow=\"909016b\" data-elementor-lightbox-title=\"Katholm sika\" data-e-action-hash=\"#elementor-action%3Aaction%3Dlightbox%26settings%3DeyJpZCI6MTA2OSwidXJsIjoiaHR0cHM6XC9cL2thdGhvbG0tZ29kcy5ka1wvd3AtY29udGVudFwvdXBsb2Fkc1wvMjAyMlwvMDRcL0thdGhvbG0tc2lrYS5qcGciLCJzbGlkZXNob3ciOiI5MDkwMTZiIn0%3D\">\n\t\t\t\t\t<div class=\"e-gallery-image elementor-gallery-item__image\" data-thumbnail=\"https:\/\/katholm-gods.dk\/wp-content\/uploads\/2022\/04\/Katholm-sika.jpg\" data-width=\"1632\" data-height=\"1224\" aria-label=\"\" role=\"img\" ><\/div>\n\t\t\t\t\t\t\t\t\t\t\t<div class=\"elementor-gallery-item__overlay\"><\/div>\n\t\t\t\t\t\t\t\t\t\t\t\t\t\t\t<div class=\"elementor-gallery-item__content\">\n\t\t\t\t\t\t\t\t\t\t\t\t\t\t<div class=\"elementor-gallery-item__title\">\n\t\t\t\t\t\t\t\t\t\t\t\t\t\t\t\t\t\tKatholm sika\t\t\t\t\t\t\t\t<\/div>\n\t\t\t\t\t\t\t\t\t\t\t\t<\/div>\n\t\t\t\t\t\t\t\t\t<\/a>\n\t\t\t\t\t\t\t<a class=\"e-gallery-item elementor-gallery-item elementor-animated-content\" href=\"https:\/\/katholm-gods.dk\/wp-content\/uploads\/2022\/05\/015d50f02dfde9121beb656f976f73c8738f7761c8.jpg\" data-elementor-open-lightbox=\"yes\" data-elementor-lightbox-slideshow=\"909016b\" data-elementor-lightbox-title=\"015d50f02dfde9121beb656f976f73c8738f7761c8\" data-e-action-hash=\"#elementor-action%3Aaction%3Dlightbox%26settings%3DeyJpZCI6MTU3NSwidXJsIjoiaHR0cHM6XC9cL2thdGhvbG0tZ29kcy5ka1wvd3AtY29udGVudFwvdXBsb2Fkc1wvMjAyMlwvMDVcLzAxNWQ1MGYwMmRmZGU5MTIxYmViNjU2Zjk3NmY3M2M4NzM4Zjc3NjFjOC5qcGciLCJzbGlkZXNob3ciOiI5MDkwMTZiIn0%3D\">\n\t\t\t\t\t<div class=\"e-gallery-image elementor-gallery-item__image\" data-thumbnail=\"https:\/\/katholm-gods.dk\/wp-content\/uploads\/2022\/05\/015d50f02dfde9121beb656f976f73c8738f7761c8.jpg\" data-width=\"2049\" data-height=\"1536\" aria-label=\"\" role=\"img\" ><\/div>\n\t\t\t\t\t\t\t\t\t\t\t<div class=\"elementor-gallery-item__overlay\"><\/div>\n\t\t\t\t\t\t\t\t\t\t\t\t\t\t\t<div class=\"elementor-gallery-item__content\">\n\t\t\t\t\t\t\t\t\t\t\t\t\t\t<div class=\"elementor-gallery-item__title\">\n\t\t\t\t\t\t\t\t\t\t\t\t\t\t\t\t\t\t015d50f02dfde9121beb656f976f73c8738f7761c8\t\t\t\t\t\t\t\t<\/div>\n\t\t\t\t\t\t\t\t\t\t\t\t<\/div>\n\t\t\t\t\t\t\t\t\t<\/a>\n\t\t\t\t\t<\/div>\n\t\t\t\t\t<\/div>\n\t\t\t\t\t<\/div>\n\t\t\t\t<\/div>\n\t\t<div class=\"elementor-element elementor-element-c39c8a0 e-con-full e-flex e-con e-parent\" data-id=\"c39c8a0\" data-element_type=\"container\" data-e-type=\"container\" data-settings=\"{&quot;jet_parallax_layout_list&quot;:[]}\">\n\t\t\t\t\t\t\t<div class=\"elementor-element elementor-element-1fdqtvv e-con e-atomic-element e-flexbox-base e-c8f247a-d963309\" data-id=\"1fdqtvv\" data-element_type=\"e-flexbox\" data-e-type=\"e-flexbox\" data-interaction-id=\"c8f247a\" data-e-type=\"e-flexbox\" data-id=\"1fdqtvv\">\n\t\t\t\t\t\t\t\n\t\t<img class=\"e-image-base e-cd66a10-7fe1d33\" \n\t\t\t\t\tdata-interaction-id=\"cd66a10\" \n\t\t \n\t\t data-e-type=\"widget\" data-id=\"015xgc3\"\n\t\t\t\t\t\t\t\t\tid=\"546\"\n\t\t\t\t\t\t\t\t\t\t\t\tsrc=\"https:\/\/katholm-gods.dk\/wp-content\/uploads\/2022\/03\/florian-glawogger-prWr3Iqc5W0-unsplash-scaled.jpg\"\n\t\t\t\t\t\t\t\t\t\t\t\twidth=\"1707\"\n\t\t\t\t\t\t\t\t\t\t\t\theight=\"2560\"\n\t\t\t\t\t\t\t\t\t\t\t\tsrcset=\"https:\/\/katholm-gods.dk\/wp-content\/uploads\/2022\/03\/florian-glawogger-prWr3Iqc5W0-unsplash-scaled.jpg 1707w, https:\/\/katholm-gods.dk\/wp-content\/uploads\/2022\/03\/florian-glawogger-prWr3Iqc5W0-unsplash-200x300.jpg 200w, https:\/\/katholm-gods.dk\/wp-content\/uploads\/2022\/03\/florian-glawogger-prWr3Iqc5W0-unsplash-683x1024.jpg 683w, https:\/\/katholm-gods.dk\/wp-content\/uploads\/2022\/03\/florian-glawogger-prWr3Iqc5W0-unsplash-768x1152.jpg 768w, https:\/\/katholm-gods.dk\/wp-content\/uploads\/2022\/03\/florian-glawogger-prWr3Iqc5W0-unsplash-1024x1536.jpg 1024w, https:\/\/katholm-gods.dk\/wp-content\/uploads\/2022\/03\/florian-glawogger-prWr3Iqc5W0-unsplash-1365x2048.jpg 1365w\"\n\t\t\t\t\t\t\t\t\t\t\t\talt=\"\"\n\t\t\t\t\t\t\/>\n\t\t\t\t\t<div class=\"elementor-element elementor-element-1m844kv e-con e-atomic-element e-flexbox-base e-dd9ab89-ead58b1\" data-id=\"1m844kv\" data-element_type=\"e-flexbox\" data-e-type=\"e-flexbox\" data-interaction-id=\"dd9ab89\" data-e-type=\"e-flexbox\" data-id=\"1m844kv\">\n\t\t\t\t\t\t\t<h2 \n\t\tdata-interaction-id=\"68bc841\" \n\t\tclass=\"e-68bc841-4a9a022 e-heading-base\" \n\t\t \n\t\tdata-e-type=\"widget\" data-id=\"038qn2a\"\n\t>\n\t\n\t\t\tJuletr\u00e6er og pyntegr\u00f8nt\n\t\t<\/h2>\n\t\t\t\t\t\t\t\t<p class=\"e-edbcb0e-cd4aa85 e-paragraph-base\" data-interaction-id=\"edbcb0e\"  data-e-type=\"widget\" data-id=\"1qalm6f\">\n\t\t\t\t\t\t\t\tJuletr\u00e6sproduktionen udg\u00f8r ca. 25.000 stk. p\u00e5 \u00e5rsbasis \u2013 alle af sorten Nordmannsgran.<br><br>Pyntegr\u00f8ntproduktionen best\u00e5r af en \u00e5rlig produktion p\u00e5 af Nobilis og Normaniana (Nordmannsgran).<br><br>Der s\u00e6lges udelukkende til grossister.\n\t\t\t\t\t<\/p>\n\t\t\t\t\t    \t            <a\n            href=\"https:\/\/katholm-gods.dk\/kontakt\/\" target=\"_self\"\n            class=\"primary_btn e-button-base\"\n            data-interaction-id=\"bed15b6\"\n             data-e-type=\"widget\" data-id=\"1og3bdv\"\n        >\n            Kontakt os for at h\u00f8re mere\n        <\/a>\n    \t\t\t\t<\/div>\n\t\t\t\t<\/div>\n\t\t\n\t\t\t\t<\/div>\n\t\t<div class=\"elementor-element elementor-element-e632999 e-flex e-con-boxed e-con e-parent\" data-id=\"e632999\" data-element_type=\"container\" data-e-type=\"container\" data-settings=\"{&quot;jet_parallax_layout_list&quot;:[]}\">\n\t\t\t\t\t<div class=\"e-con-inner\">\n\t\t\t\t\t\t\t<div class=\"elementor-element elementor-element-1gcx1is e-con e-atomic-element e-flexbox-base e-cb2f69f-0de8f88 billede_tekst\" data-id=\"1gcx1is\" data-element_type=\"e-flexbox\" data-e-type=\"e-flexbox\" data-interaction-id=\"cb2f69f\" data-e-type=\"e-flexbox\" data-id=\"1gcx1is\">\n\t\t\t\t<div class=\"elementor-element elementor-element-1yqc2mb e-con e-atomic-element e-flexbox-base e-dde0e9a-00cb34f\" data-id=\"1yqc2mb\" data-element_type=\"e-flexbox\" data-e-type=\"e-flexbox\" data-interaction-id=\"dde0e9a\" data-e-type=\"e-flexbox\" data-id=\"1yqc2mb\">\n\t\t\t\t\t\t\t<h2 \n\t\tdata-interaction-id=\"c03f34d\" \n\t\tclass=\"e-heading-base\" \n\t\t \n\t\tdata-e-type=\"widget\" data-id=\"1ibbk2h\"\n\t>\n\t\n\t\t\tSelvskovning\n\t\t<\/h2>\n\t\t\t\t\t\t\t\t<p class=\"e-paragraph-base\" data-interaction-id=\"d4bacbd\"  data-e-type=\"widget\" data-id=\"0f1jsq2\">\n\t\t\t\t\t\t\t\tDer er lejlighedsvis mulighed for selvskovning mod betaling.<br><br>Kontakt Peter Collet&nbsp;<br>p-collet@katholm-gods.dk<br>+45 22 30 25 41\n\t\t\t\t\t<\/p>\n\t\t\t\t\t    \t            <a\n            href=\"https:\/\/katholm-gods.dk\/kontakt\/\" target=\"_self\"\n            class=\"g-dbf095a primary_btn e-button-base\"\n            data-interaction-id=\"73b1374\"\n             data-e-type=\"widget\" data-id=\"06mya9n\"\n        >\n            Kontakt\n        <\/a>\n    \t\t\t\t<\/div>\n\t\t\t\t\t\t\t\n\t\t<img class=\"e-image-base e-10f3d19-3646ae9\" \n\t\t\t\t\tdata-interaction-id=\"10f3d19\" \n\t\t \n\t\t data-e-type=\"widget\" data-id=\"1p0xi7n\"\n\t\t\t\t\t\t\t\t\tid=\"1152\"\n\t\t\t\t\t\t\t\t\t\t\t\tsrc=\"https:\/\/katholm-gods.dk\/wp-content\/uploads\/2022\/04\/Skov-anemode-scaled.jpg\"\n\t\t\t\t\t\t\t\t\t\t\t\twidth=\"1920\"\n\t\t\t\t\t\t\t\t\t\t\t\theight=\"2560\"\n\t\t\t\t\t\t\t\t\t\t\t\tsrcset=\"https:\/\/katholm-gods.dk\/wp-content\/uploads\/2022\/04\/Skov-anemode-scaled.jpg 1920w, https:\/\/katholm-gods.dk\/wp-content\/uploads\/2022\/04\/Skov-anemode-225x300.jpg 225w, https:\/\/katholm-gods.dk\/wp-content\/uploads\/2022\/04\/Skov-anemode-768x1024.jpg 768w, https:\/\/katholm-gods.dk\/wp-content\/uploads\/2022\/04\/Skov-anemode-1152x1536.jpg 1152w, https:\/\/katholm-gods.dk\/wp-content\/uploads\/2022\/04\/Skov-anemode-1536x2048.jpg 1536w\"\n\t\t\t\t\t\t\t\t\t\t\t\talt=\"\"\n\t\t\t\t\t\t\/>\n\t\t\t\t\t<\/div>\n\t\t\n\t\t\t\t\t<\/div>\n\t\t\t\t<\/div>\n\t\t<div class=\"elementor-element elementor-element-0613143 e-flex e-con-boxed e-con e-parent\" data-id=\"0613143\" data-element_type=\"container\" data-e-type=\"container\" data-settings=\"{&quot;jet_parallax_layout_list&quot;:[],&quot;background_background&quot;:&quot;classic&quot;}\">\n\t\t\t\t\t<div class=\"e-con-inner\">\n\t\t<div class=\"elementor-element elementor-element-cd948f1 e-con-full e-flex e-con e-child\" data-id=\"cd948f1\" data-element_type=\"container\" data-e-type=\"container\" data-settings=\"{&quot;jet_parallax_layout_list&quot;:[]}\">\n\t\t\t\t<div class=\"elementor-element elementor-element-af08ef4 elementor-widget elementor-widget-heading\" data-id=\"af08ef4\" data-element_type=\"widget\" data-e-type=\"widget\" data-widget_type=\"heading.default\">\n\t\t\t\t\t<h2 class=\"elementor-heading-title elementor-size-default\">Kontaktieren Sie uns, um mehr \u00fcber die Forstwirtschaft auf Katholm Estate zu erfahren<\/h2>\t\t\t\t<\/div>\n\t\t\t\t<div class=\"elementor-element elementor-element-6492ccf elementor-widget elementor-widget-button\" data-id=\"6492ccf\" data-element_type=\"widget\" data-e-type=\"widget\" data-widget_type=\"button.default\">\n\t\t\t\t\t\t\t\t\t\t<a class=\"elementor-button elementor-button-link elementor-size-sm elementor-animation-bob\" href=\"https:\/\/katholm-gods.dk\/de\/kontakt\/\">\n\t\t\t\t\t\t<span class=\"elementor-button-content-wrapper\">\n\t\t\t\t\t\t\t\t\t<span class=\"elementor-button-text\">Kontakt<\/span>\n\t\t\t\t\t<\/span>\n\t\t\t\t\t<\/a>\n\t\t\t\t\t\t\t\t<\/div>\n\t\t\t\t<\/div>\n\t\t\t\t<div class=\"elementor-element elementor-element-cbb609d elementor-widget__width-initial elementor-widget-mobile__width-inherit elementor-button-align-stretch elementor-widget elementor-widget-form\" data-id=\"cbb609d\" data-element_type=\"widget\" data-e-type=\"widget\" data-settings=\"{&quot;step_next_label&quot;:&quot;N\\u00e4chste&quot;,&quot;step_previous_label&quot;:&quot;Vorhin&quot;,&quot;button_width&quot;:&quot;100&quot;,&quot;step_type&quot;:&quot;number_text&quot;,&quot;step_icon_shape&quot;:&quot;circle&quot;}\" data-widget_type=\"form.default\">\n\t\t\t\t\t\t\t<form class=\"elementor-form\" method=\"post\" name=\"Forstwirtschaft\" aria-label=\"Forstwirtschaft\">\n\t\t\t<input type=\"hidden\" name=\"post_id\" value=\"1789\"\/>\n\t\t\t<input type=\"hidden\" name=\"form_id\" value=\"cbb609d\"\/>\n\t\t\t<input type=\"hidden\" name=\"referer_title\" value=\"Forstwirtschaft\" \/>\n\n\t\t\t\t\t\t\t<input type=\"hidden\" name=\"queried_id\" value=\"1789\"\/>\n\t\t\t\n\t\t\t<div class=\"elementor-form-fields-wrapper elementor-labels-\">\n\t\t\t\t\t\t\t\t<div class=\"elementor-field-type-text elementor-field-group elementor-column elementor-field-group-name elementor-col-50\">\n\t\t\t\t\t\t\t\t\t\t\t\t<label for=\"form-field-name\" class=\"elementor-field-label elementor-screen-only\">\n\t\t\t\t\t\t\t\tName\t\t\t\t\t\t\t<\/label>\n\t\t\t\t\t\t\t\t\t\t\t\t\t\t<input size=\"1\" type=\"text\" name=\"form_fields[name]\" id=\"form-field-name\" class=\"elementor-field elementor-size-md  elementor-field-textual\" placeholder=\"Name\">\n\t\t\t\t\t\t\t\t\t\t\t<\/div>\n\t\t\t\t\t\t\t\t<div class=\"elementor-field-type-email elementor-field-group elementor-column elementor-field-group-email elementor-col-50 elementor-field-required\">\n\t\t\t\t\t\t\t\t\t\t\t\t<label for=\"form-field-email\" class=\"elementor-field-label elementor-screen-only\">\n\t\t\t\t\t\t\t\tEmail\t\t\t\t\t\t\t<\/label>\n\t\t\t\t\t\t\t\t\t\t\t\t\t\t<input size=\"1\" type=\"email\" name=\"form_fields[email]\" id=\"form-field-email\" class=\"elementor-field elementor-size-md  elementor-field-textual\" placeholder=\"Email\" required=\"required\">\n\t\t\t\t\t\t\t\t\t\t\t<\/div>\n\t\t\t\t\t\t\t\t<div class=\"elementor-field-type-textarea elementor-field-group elementor-column elementor-field-group-message elementor-col-100\">\n\t\t\t\t\t\t\t\t\t\t\t\t<label for=\"form-field-message\" class=\"elementor-field-label elementor-screen-only\">\n\t\t\t\t\t\t\t\tBekanntmachung\t\t\t\t\t\t\t<\/label>\n\t\t\t\t\t\t<textarea class=\"elementor-field-textual elementor-field  elementor-size-md\" name=\"form_fields[message]\" id=\"form-field-message\" rows=\"4\" placeholder=\"Bekanntmachung\"><\/textarea>\t\t\t\t<\/div>\n\t\t\t\t\t\t\t\t<div class=\"elementor-field-group elementor-column elementor-field-type-submit elementor-col-100 e-form__buttons\">\n\t\t\t\t\t<button class=\"elementor-button elementor-size-sm\" type=\"submit\">\n\t\t\t\t\t\t<span class=\"elementor-button-content-wrapper\">\n\t\t\t\t\t\t\t\t\t\t\t\t\t\t\t\t\t\t\t\t\t\t<span class=\"elementor-button-text\">Nachricht senden<\/span>\n\t\t\t\t\t\t\t\t\t\t\t\t\t<\/span>\n\t\t\t\t\t<\/button>\n\t\t\t\t<\/div>\n\t\t\t<\/div>\n\t\t<\/form>\n\t\t\t\t\t\t<\/div>\n\t\t\t\t\t<\/div>\n\t\t\t\t<\/div>\n\t\t\t\t<\/div>\n\t\t","protected":false},"excerpt":{"rendered":"<p>Forstwirtschaft bei Katholm Estate Traditionelle Forstwirtschaft. Koniferen, Laub, Weihnachtsb\u00e4ume und Ziergr\u00fcn. Hist hvor vejen&#8230; Katholm sika Hulvejen ved Katholm Type your paragraph here This is a title Type your paragraph here Klik her M\u00f8delokalet Jagtstuen M\u00f8delokalet p\u00e5 Hovedbygningen ved Katholm, hvor der er mulighed for holde m\u00f8de t\u00e6t p\u00e5 naturen og i unikke omgivelser.&nbsp; Der [&hellip;]<\/p>\n","protected":false},"author":1,"featured_media":0,"parent":1739,"menu_order":0,"comment_status":"closed","ping_status":"closed","template":"","meta":{"footnotes":""},"class_list":["post-1789","page","type-page","status-publish","hentry"],"_links":{"self":[{"href":"https:\/\/katholm-gods.dk\/de\/wp-json\/wp\/v2\/pages\/1789","targetHints":{"allow":["GET"]}}],"collection":[{"href":"https:\/\/katholm-gods.dk\/de\/wp-json\/wp\/v2\/pages"}],"about":[{"href":"https:\/\/katholm-gods.dk\/de\/wp-json\/wp\/v2\/types\/page"}],"author":[{"embeddable":true,"href":"https:\/\/katholm-gods.dk\/de\/wp-json\/wp\/v2\/users\/1"}],"replies":[{"embeddable":true,"href":"https:\/\/katholm-gods.dk\/de\/wp-json\/wp\/v2\/comments?post=1789"}],"version-history":[{"count":7,"href":"https:\/\/katholm-gods.dk\/de\/wp-json\/wp\/v2\/pages\/1789\/revisions"}],"predecessor-version":[{"id":4064,"href":"https:\/\/katholm-gods.dk\/de\/wp-json\/wp\/v2\/pages\/1789\/revisions\/4064"}],"up":[{"embeddable":true,"href":"https:\/\/katholm-gods.dk\/de\/wp-json\/wp\/v2\/pages\/1739"}],"wp:attachment":[{"href":"https:\/\/katholm-gods.dk\/de\/wp-json\/wp\/v2\/media?parent=1789"}],"curies":[{"name":"wp","href":"https:\/\/api.w.org\/{rel}","templated":true}]}}