{"id":1687,"date":"2022-02-02T10:22:04","date_gmt":"2022-02-02T09:22:04","guid":{"rendered":"https:\/\/katholm-gods.dk\/contact\/"},"modified":"2026-04-22T10:11:56","modified_gmt":"2026-04-22T08:11:56","slug":"contact","status":"publish","type":"page","link":"https:\/\/katholm-gods.dk\/en\/contact\/","title":{"rendered":"Contact"},"content":{"rendered":"\t\t<div data-elementor-type=\"wp-page\" data-elementor-id=\"1687\" class=\"elementor elementor-1687 elementor-32\" data-elementor-post-type=\"page\">\n\t\t\t\t<div class=\"elementor-element elementor-element-4c55801 e-flex e-con-boxed e-con e-parent\" data-id=\"4c55801\" data-element_type=\"container\" data-e-type=\"container\" data-settings=\"{&quot;background_background&quot;:&quot;classic&quot;,&quot;jet_parallax_layout_list&quot;:[]}\">\n\t\t\t\t\t<div class=\"e-con-inner\">\n\t\t\t\t\t\t\t<h1 \n\t\tdata-interaction-id=\"67956c4\" \n\t\tclass=\"e-67956c4-cdf1c32 hvid_tekst e-heading-base\" \n\t\t \n\t\tdata-e-type=\"widget\" data-id=\"67956c4\"\n\t>\n\t\n\t\t\tContact\n\t\t<\/h1>\n\t\t\t\t\t<\/div>\n\t\t\t\t<\/div>\n\t\t<div class=\"elementor-element elementor-element-e619ccb e-flex e-con-boxed e-con e-parent\" data-id=\"e619ccb\" data-element_type=\"container\" data-e-type=\"container\" data-settings=\"{&quot;jet_parallax_layout_list&quot;:[]}\">\n\t\t\t\t\t<div class=\"e-con-inner\">\n\t\t<div class=\"elementor-element elementor-element-073f384 e-con-full e-flex e-con e-child\" data-id=\"073f384\" data-element_type=\"container\" data-e-type=\"container\" data-settings=\"{&quot;jet_parallax_layout_list&quot;:[]}\">\n\t\t\t\t<div class=\"elementor-element elementor-element-f37537d elementor-widget elementor-widget-heading\" data-id=\"f37537d\" data-element_type=\"widget\" data-e-type=\"widget\" data-widget_type=\"heading.default\">\n\t\t\t\t\t<h2 class=\"elementor-heading-title elementor-size-default\">Contact info\n\n<\/h2>\t\t\t\t<\/div>\n\t\t\t\t<div class=\"elementor-element elementor-element-ddcfd04 elementor-widget elementor-widget-text-editor\" data-id=\"ddcfd04\" data-element_type=\"widget\" data-e-type=\"widget\" data-widget_type=\"text-editor.default\">\n\t\t\t\t\t\t\t\t\t<p>Katholm Gods is located a little south of Gren\u00e5<br> in \u00c5ls\u00f8 Parish in Norddjurs Municipality on Djursland.<\/p><p><b>Marie Therese Collet Klein<\/b><br> <a href=\"tel:+4520788252\">+45 20 78 82 52<\/a><br> <a href=\"mailto:mt-collet@katholm-gods.dk\">mt-collet@katholm-gods.dk<\/a><\/p><p><b>Nikolaj Klein<br><\/b> <a href=\"tel:+4530290039\">+45 30 29 00 39<\/a><br> <a href=\"mailto:nikolaj@katholm-gods.dk\">nikolaj@katholm-gods.dk<\/a><\/p><p><b>Peter Collet<\/b><br> <a href=\"tel:+4522302541\">+45 22 30 25 41<\/a><br> <a href=\"mailto:p-collet@katholm-gods.dk\">p-collet@katholm-gods.dk<\/a><\/p>\t\t\t\t\t\t\t\t<\/div>\n\t\t\t\t<div class=\"elementor-element elementor-element-e3bea16 elementor-align-start elementor-icon-list--layout-traditional elementor-list-item-link-full_width elementor-widget elementor-widget-icon-list\" data-id=\"e3bea16\" data-element_type=\"widget\" data-e-type=\"widget\" data-widget_type=\"icon-list.default\">\n\t\t\t\t\t\t\t<ul class=\"elementor-icon-list-items\">\n\t\t\t\t\t\t\t<li class=\"elementor-icon-list-item\">\n\t\t\t\t\t\t\t\t\t\t<span class=\"elementor-icon-list-text\">Katholm Estate<br> Katholm 1<br> 8500 Grenaa<\/span>\n\t\t\t\t\t\t\t\t\t<\/li>\n\t\t\t\t\t\t\t\t<li class=\"elementor-icon-list-item\">\n\t\t\t\t\t\t\t\t\t\t\t<a href=\"tel:+4520788252\">\n\n\t\t\t\t\t\t\t\t\t\t\t<span class=\"elementor-icon-list-text\">+45 20 78 82 52<\/span>\n\t\t\t\t\t\t\t\t\t\t\t<\/a>\n\t\t\t\t\t\t\t\t\t<\/li>\n\t\t\t\t\t\t\t\t<li class=\"elementor-icon-list-item\">\n\t\t\t\t\t\t\t\t\t\t\t<a href=\"mailto:katholm-gods@katholm-gods.dk\">\n\n\t\t\t\t\t\t\t\t\t\t\t<span class=\"elementor-icon-list-text\">katholm-gods@katholm-gods.dk<\/span>\n\t\t\t\t\t\t\t\t\t\t\t<\/a>\n\t\t\t\t\t\t\t\t\t<\/li>\n\t\t\t\t\t\t<\/ul>\n\t\t\t\t\t\t<\/div>\n\t\t\t\t<\/div>\n\t\t\t\t<div class=\"elementor-element elementor-element-07dbfe2 elementor-widget__width-initial elementor-widget-tablet__width-inherit elementor-widget elementor-widget-google_maps\" data-id=\"07dbfe2\" data-element_type=\"widget\" data-e-type=\"widget\" data-widget_type=\"google_maps.default\">\n\t\t\t\t\t\t\t<div class=\"elementor-custom-embed\">\n\t\t\t<iframe loading=\"lazy\"\n\t\t\t\t\tsrc=\"https:\/\/maps.google.com\/maps?q=Katholm%20Gods%20Katholm%201%208500%20Grenaa&#038;t=m&#038;z=8&#038;output=embed&#038;iwloc=near\"\n\t\t\t\t\ttitle=\"Katholm Gods Katholm 1 8500 Grenaa\"\n\t\t\t\t\taria-label=\"Katholm Gods Katholm 1 8500 Grenaa\"\n\t\t\t><\/iframe>\n\t\t<\/div>\n\t\t\t\t\t\t<\/div>\n\t\t\t\t\t<\/div>\n\t\t\t\t<\/div>\n\t\t\t\t<\/div>\n\t\t","protected":false},"excerpt":{"rendered":"<p>Contact Contact info Katholm Gods is located a little south of Gren\u00e5 in \u00c5ls\u00f8 Parish in Norddjurs Municipality on Djursland. Marie Therese Collet Klein +45 20 78 82 52 mt-collet@katholm-gods.dk Nikolaj Klein +45 30 29 00 39 nikolaj@katholm-gods.dk Peter Collet +45 22 30 25 41 p-collet@katholm-gods.dk Katholm Estate Katholm 1 8500 Grenaa +45 20 78 [&hellip;]<\/p>\n","protected":false},"author":1,"featured_media":0,"parent":0,"menu_order":0,"comment_status":"closed","ping_status":"closed","template":"","meta":{"footnotes":""},"class_list":["post-1687","page","type-page","status-publish","hentry"],"_links":{"self":[{"href":"https:\/\/katholm-gods.dk\/en\/wp-json\/wp\/v2\/pages\/1687","targetHints":{"allow":["GET"]}}],"collection":[{"href":"https:\/\/katholm-gods.dk\/en\/wp-json\/wp\/v2\/pages"}],"about":[{"href":"https:\/\/katholm-gods.dk\/en\/wp-json\/wp\/v2\/types\/page"}],"author":[{"embeddable":true,"href":"https:\/\/katholm-gods.dk\/en\/wp-json\/wp\/v2\/users\/1"}],"replies":[{"embeddable":true,"href":"https:\/\/katholm-gods.dk\/en\/wp-json\/wp\/v2\/comments?post=1687"}],"version-history":[{"count":6,"href":"https:\/\/katholm-gods.dk\/en\/wp-json\/wp\/v2\/pages\/1687\/revisions"}],"predecessor-version":[{"id":3560,"href":"https:\/\/katholm-gods.dk\/en\/wp-json\/wp\/v2\/pages\/1687\/revisions\/3560"}],"wp:attachment":[{"href":"https:\/\/katholm-gods.dk\/en\/wp-json\/wp\/v2\/media?parent=1687"}],"curies":[{"name":"wp","href":"https:\/\/api.w.org\/{rel}","templated":true}]}}