{"id":1721,"date":"2022-02-02T10:21:02","date_gmt":"2022-02-02T09:21:02","guid":{"rendered":"https:\/\/katholm-gods.dk\/agriculture-forestry-hunting\/"},"modified":"2026-04-23T14:34:04","modified_gmt":"2026-04-23T12:34:04","slug":"agriculture-forestry-hunting","status":"publish","type":"page","link":"https:\/\/katholm-gods.dk\/en\/agriculture-forestry-hunting\/","title":{"rendered":"Agriculture, Forestry &amp; Hunting"},"content":{"rendered":"\t\t<div data-elementor-type=\"wp-page\" data-elementor-id=\"1721\" class=\"elementor elementor-1721 elementor-26\" data-elementor-post-type=\"page\">\n\t\t\t\t<div class=\"elementor-element elementor-element-2306df1 e-con-full e-flex e-con e-parent\" data-id=\"2306df1\" data-element_type=\"container\" data-e-type=\"container\" data-settings=\"{&quot;background_background&quot;:&quot;video&quot;,&quot;background_play_on_mobile&quot;:&quot;yes&quot;,&quot;background_video_link&quot;:&quot;https:\\\/\\\/katholm-gods.dk\\\/wp-content\\\/uploads\\\/2022\\\/04\\\/Katholm-Drone-26-03-22.mp4&quot;,&quot;jet_parallax_layout_list&quot;:[]}\">\n\t\t<div class=\"elementor-background-video-container\">\n\t\t\t\t\t\t\t<video class=\"elementor-background-video-hosted\" role=\"presentation\" autoplay muted playsinline loop><\/video>\n\t\t\t\t\t<\/div>\t\t<div class=\"elementor-element elementor-element-3329e3b elementor-widget-tablet__width-inherit elementor-widget elementor-widget-heading\" data-id=\"3329e3b\" data-element_type=\"widget\" data-e-type=\"widget\" data-widget_type=\"heading.default\">\n\t\t\t\t\t<h1 class=\"elementor-heading-title elementor-size-default\">Forestry &amp; agriculture at<br> Katholm Estate<\/h1>\t\t\t\t<\/div>\n\t\t\t\t<div class=\"elementor-element elementor-element-7ececa4 e-con e-atomic-element e-flexbox-base e-7ececa4-6dee718\" data-id=\"7ececa4\" data-element_type=\"e-flexbox\" data-e-type=\"e-flexbox\" data-interaction-id=\"7ececa4\" data-e-type=\"e-flexbox\" data-id=\"7ececa4\">\n\t\t\t\t<a class=\"elementor-element elementor-element-f1a7ae2 e-con e-atomic-element e-flexbox-base e-f1a7ae2-2d2d0a9 Blur_box\" data-id=\"f1a7ae2\" data-element_type=\"e-flexbox\" data-e-type=\"e-flexbox\" data-interaction-id=\"f1a7ae2\" data-e-type=\"e-flexbox\" data-id=\"f1a7ae2\" href=\"https:\/\/katholm-gods.dk\/landbrug-skovbrug-jagt\/landbrug\/\" target=\"_self\">\n\t\t\t\t<div class=\"elementor-element elementor-element-eebf119 elementor-view-default elementor-widget elementor-widget-icon\" data-id=\"eebf119\" data-element_type=\"widget\" data-e-type=\"widget\" data-widget_type=\"icon.default\">\n\t\t\t\t\t\t\t<div class=\"elementor-icon-wrapper\">\n\t\t\t<div class=\"elementor-icon\">\n\t\t\t<svg aria-hidden=\"true\" class=\"e-font-icon-svg e-fas-tractor\" viewBox=\"0 0 640 512\" xmlns=\"http:\/\/www.w3.org\/2000\/svg\"><path d=\"M528 336c-48.6 0-88 39.4-88 88s39.4 88 88 88 88-39.4 88-88-39.4-88-88-88zm0 112c-13.23 0-24-10.77-24-24s10.77-24 24-24 24 10.77 24 24-10.77 24-24 24zm80-288h-64v-40.2c0-14.12 4.7-27.76 13.15-38.84 4.42-5.8 3.55-14.06-1.32-19.49L534.2 37.3c-6.66-7.45-18.32-6.92-24.7.78C490.58 60.9 480 89.81 480 119.8V160H377.67L321.58 29.14A47.914 47.914 0 0 0 277.45 0H144c-26.47 0-48 21.53-48 48v146.52c-8.63-6.73-20.96-6.46-28.89 1.47L36 227.1c-8.59 8.59-8.59 22.52 0 31.11l5.06 5.06c-4.99 9.26-8.96 18.82-11.91 28.72H22c-12.15 0-22 9.85-22 22v44c0 12.15 9.85 22 22 22h7.14c2.96 9.91 6.92 19.46 11.91 28.73l-5.06 5.06c-8.59 8.59-8.59 22.52 0 31.11L67.1 476c8.59 8.59 22.52 8.59 31.11 0l5.06-5.06c9.26 4.99 18.82 8.96 28.72 11.91V490c0 12.15 9.85 22 22 22h44c12.15 0 22-9.85 22-22v-7.14c9.9-2.95 19.46-6.92 28.72-11.91l5.06 5.06c8.59 8.59 22.52 8.59 31.11 0l31.11-31.11c8.59-8.59 8.59-22.52 0-31.11l-5.06-5.06c4.99-9.26 8.96-18.82 11.91-28.72H330c12.15 0 22-9.85 22-22v-6h80.54c21.91-28.99 56.32-48 95.46-48 18.64 0 36.07 4.61 51.8 12.2l50.82-50.82c6-6 9.37-14.14 9.37-22.63V192c.01-17.67-14.32-32-31.99-32zM176 416c-44.18 0-80-35.82-80-80s35.82-80 80-80 80 35.82 80 80-35.82 80-80 80zm22-256h-38V64h106.89l41.15 96H198z\"><\/path><\/svg>\t\t\t<\/div>\n\t\t<\/div>\n\t\t\t\t\t\t<\/div>\n\t\t\t\t\t\t\t<h2 \n\t\tdata-interaction-id=\"71b774c\" \n\t\tclass=\"hvid_tekst e-71b774c-fda3216 e-heading-base\" \n\t\t \n\t\tdata-e-type=\"widget\" data-id=\"71b774c\"\n\t>\n\t\n\t\t\tAgriculture\n\t\t<\/h2>\n\t\t\t\t<\/a>\n\t\t\t\t<a class=\"elementor-element elementor-element-d67ed2e e-con e-atomic-element e-flexbox-base Blur_box e-d67ed2e-6f6aff4\" data-id=\"d67ed2e\" data-element_type=\"e-flexbox\" data-e-type=\"e-flexbox\" data-interaction-id=\"d67ed2e\" data-e-type=\"e-flexbox\" data-id=\"d67ed2e\" href=\"https:\/\/katholm-gods.dk\/landbrug-skovbrug-jagt\/skovbrug\/\" target=\"_self\">\n\t\t\t\t<div class=\"elementor-element elementor-element-abeb778 elementor-view-default elementor-widget elementor-widget-icon\" data-id=\"abeb778\" data-element_type=\"widget\" data-e-type=\"widget\" data-widget_type=\"icon.default\">\n\t\t\t\t\t\t\t<div class=\"elementor-icon-wrapper\">\n\t\t\t<div class=\"elementor-icon\">\n\t\t\t<svg aria-hidden=\"true\" class=\"e-font-icon-svg e-fas-tree\" viewBox=\"0 0 384 512\" xmlns=\"http:\/\/www.w3.org\/2000\/svg\"><path d=\"M378.31 378.49L298.42 288h30.63c9.01 0 16.98-5 20.78-13.06 3.8-8.04 2.55-17.26-3.28-24.05L268.42 160h28.89c9.1 0 17.3-5.35 20.86-13.61 3.52-8.13 1.86-17.59-4.24-24.08L203.66 4.83c-6.03-6.45-17.28-6.45-23.32 0L70.06 122.31c-6.1 6.49-7.75 15.95-4.24 24.08C69.38 154.65 77.59 160 86.69 160h28.89l-78.14 90.91c-5.81 6.78-7.06 15.99-3.27 24.04C37.97 283 45.93 288 54.95 288h30.63L5.69 378.49c-6 6.79-7.36 16.09-3.56 24.26 3.75 8.05 12 13.25 21.01 13.25H160v24.45l-30.29 48.4c-5.32 10.64 2.42 23.16 14.31 23.16h95.96c11.89 0 19.63-12.52 14.31-23.16L224 440.45V416h136.86c9.01 0 17.26-5.2 21.01-13.25 3.8-8.17 2.44-17.47-3.56-24.26z\"><\/path><\/svg>\t\t\t<\/div>\n\t\t<\/div>\n\t\t\t\t\t\t<\/div>\n\t\t\t\t\t\t\t<h2 \n\t\tdata-interaction-id=\"22b0e45\" \n\t\tclass=\"hvid_tekst e-22b0e45-332e6c5 e-heading-base\" \n\t\t \n\t\tdata-e-type=\"widget\" data-id=\"22b0e45\"\n\t>\n\t\n\t\t\tForestry\n\t\t<\/h2>\n\t\t\t\t<\/a>\n\t\t\t\t<a class=\"elementor-element elementor-element-e15aa96 e-con e-atomic-element e-flexbox-base Blur_box e-e15aa96-f5ae717\" data-id=\"e15aa96\" data-element_type=\"e-flexbox\" data-e-type=\"e-flexbox\" data-interaction-id=\"e15aa96\" data-e-type=\"e-flexbox\" data-id=\"e15aa96\" href=\"https:\/\/katholm-gods.dk\/landbrug-skovbrug-jagt\/jagt\/\" target=\"_self\">\n\t\t\t\t<div class=\"elementor-element elementor-element-a7cd11e elementor-view-default elementor-widget elementor-widget-icon\" data-id=\"a7cd11e\" data-element_type=\"widget\" data-e-type=\"widget\" data-widget_type=\"icon.default\">\n\t\t\t\t\t\t\t<div class=\"elementor-icon-wrapper\">\n\t\t\t<div class=\"elementor-icon\">\n\t\t\t<svg aria-hidden=\"true\" class=\"e-font-icon-svg e-fas-bullseye\" viewBox=\"0 0 496 512\" xmlns=\"http:\/\/www.w3.org\/2000\/svg\"><path d=\"M248 8C111.03 8 0 119.03 0 256s111.03 248 248 248 248-111.03 248-248S384.97 8 248 8zm0 432c-101.69 0-184-82.29-184-184 0-101.69 82.29-184 184-184 101.69 0 184 82.29 184 184 0 101.69-82.29 184-184 184zm0-312c-70.69 0-128 57.31-128 128s57.31 128 128 128 128-57.31 128-128-57.31-128-128-128zm0 192c-35.29 0-64-28.71-64-64s28.71-64 64-64 64 28.71 64 64-28.71 64-64 64z\"><\/path><\/svg>\t\t\t<\/div>\n\t\t<\/div>\n\t\t\t\t\t\t<\/div>\n\t\t\t\t\t\t\t<h2 \n\t\tdata-interaction-id=\"34f775a\" \n\t\tclass=\"hvid_tekst e-34f775a-883ab57 e-heading-base\" \n\t\t \n\t\tdata-e-type=\"widget\" data-id=\"34f775a\"\n\t>\n\t\n\t\t\tHunting\n\t\t<\/h2>\n\t\t\t\t<\/a>\n\t\t\t\t<\/div>\n\t\t\t\t<\/div>\n\t\t<div class=\"elementor-element elementor-element-dc1595b e-flex e-con-boxed e-con e-parent\" data-id=\"dc1595b\" data-element_type=\"container\" data-e-type=\"container\" data-settings=\"{&quot;jet_parallax_layout_list&quot;:[]}\">\n\t\t\t\t\t<div class=\"e-con-inner\">\n\t\t\t\t<div class=\"elementor-element elementor-element-551eaa5 elementor-widget__width-initial elementor-widget-tablet__width-inherit elementor-widget elementor-widget-heading\" data-id=\"551eaa5\" data-element_type=\"widget\" data-e-type=\"widget\" data-widget_type=\"heading.default\">\n\t\t\t\t\t<h2 class=\"elementor-heading-title elementor-size-default\">Katholm Estate is located in scenic areas, and extends over 1170 hectares<\/h2>\t\t\t\t<\/div>\n\t\t\t\t\t<\/div>\n\t\t\t\t<\/div>\n\t\t<div class=\"elementor-element elementor-element-124f439 e-flex e-con-boxed e-con e-parent\" data-id=\"124f439\" data-element_type=\"container\" data-e-type=\"container\" data-settings=\"{&quot;jet_parallax_layout_list&quot;:[]}\">\n\t\t\t\t\t<div class=\"e-con-inner\">\n\t\t\t\t<div class=\"elementor-element elementor-element-238b2fc elementor-widget__width-initial elementor-widget-mobile__width-inherit elementor-widget elementor-widget-image\" data-id=\"238b2fc\" data-element_type=\"widget\" data-e-type=\"widget\" data-settings=\"{&quot;motion_fx_motion_fx_scrolling&quot;:&quot;yes&quot;,&quot;motion_fx_translateY_effect&quot;:&quot;yes&quot;,&quot;motion_fx_translateY_speed&quot;:{&quot;unit&quot;:&quot;px&quot;,&quot;size&quot;:3,&quot;sizes&quot;:[]},&quot;motion_fx_range&quot;:&quot;viewport&quot;,&quot;motion_fx_translateY_affectedRange&quot;:{&quot;unit&quot;:&quot;%&quot;,&quot;size&quot;:&quot;&quot;,&quot;sizes&quot;:{&quot;start&quot;:0,&quot;end&quot;:100}},&quot;motion_fx_devices&quot;:[&quot;desktop&quot;,&quot;tablet&quot;,&quot;mobile&quot;]}\" data-widget_type=\"image.default\">\n\t\t\t\t\t\t\t\t\t\t\t\t\t\t\t<img fetchpriority=\"high\" decoding=\"async\" width=\"1920\" height=\"2560\" src=\"https:\/\/katholm-gods.dk\/wp-content\/uploads\/2022\/04\/Skov-anemode-scaled.jpg\" class=\"attachment-full size-full wp-image-1153\" alt=\"\" srcset=\"https:\/\/katholm-gods.dk\/wp-content\/uploads\/2022\/04\/Skov-anemode-scaled.jpg 1920w, https:\/\/katholm-gods.dk\/wp-content\/uploads\/2022\/04\/Skov-anemode-225x300.jpg 225w, https:\/\/katholm-gods.dk\/wp-content\/uploads\/2022\/04\/Skov-anemode-768x1024.jpg 768w, https:\/\/katholm-gods.dk\/wp-content\/uploads\/2022\/04\/Skov-anemode-1152x1536.jpg 1152w, https:\/\/katholm-gods.dk\/wp-content\/uploads\/2022\/04\/Skov-anemode-1536x2048.jpg 1536w\" sizes=\"(max-width: 1920px) 100vw, 1920px\" \/>\t\t\t\t\t\t\t\t\t\t\t\t\t\t\t<\/div>\n\t\t<div class=\"elementor-element elementor-element-0cac902 e-con-full e-flex e-con e-child\" data-id=\"0cac902\" data-element_type=\"container\" data-e-type=\"container\" data-settings=\"{&quot;jet_parallax_layout_list&quot;:[]}\">\n\t\t\t\t<div class=\"elementor-element elementor-element-cf7a174 elementor-widget elementor-widget-heading\" data-id=\"cf7a174\" data-element_type=\"widget\" data-e-type=\"widget\" data-widget_type=\"heading.default\">\n\t\t\t\t\t<h2 class=\"elementor-heading-title elementor-size-default\">Forestry at Katholm Estate<\/h2>\t\t\t\t<\/div>\n\t\t\t\t<div class=\"elementor-element elementor-element-d86aa9d elementor-widget elementor-widget-text-editor\" data-id=\"d86aa9d\" data-element_type=\"widget\" data-e-type=\"widget\" data-widget_type=\"text-editor.default\">\n\t\t\t\t\t\t\t\t\t<p>Traditional forestry &#8211; in certified forest.<\/p>\t\t\t\t\t\t\t\t<\/div>\n\t\t\t\t<div class=\"elementor-element elementor-element-5f957dd elementor-widget elementor-widget-button\" data-id=\"5f957dd\" data-element_type=\"widget\" data-e-type=\"widget\" data-widget_type=\"button.default\">\n\t\t\t\t\t\t\t\t\t\t<a class=\"elementor-button elementor-button-link elementor-size-sm elementor-animation-bob\" href=\"https:\/\/katholm-gods.dk\/en\/agriculture-forestry-hunting\/forestry\/\">\n\t\t\t\t\t\t<span class=\"elementor-button-content-wrapper\">\n\t\t\t\t\t\t\t\t\t<span class=\"elementor-button-text\">Read more<\/span>\n\t\t\t\t\t<\/span>\n\t\t\t\t\t<\/a>\n\t\t\t\t\t\t\t\t<\/div>\n\t\t\t\t<div class=\"elementor-element elementor-element-a11381c elementor-widget elementor-widget-image\" data-id=\"a11381c\" data-element_type=\"widget\" data-e-type=\"widget\" data-widget_type=\"image.default\">\n\t\t\t\t\t\t\t\t\t\t\t\t\t\t\t<img decoding=\"async\" width=\"800\" height=\"450\" src=\"https:\/\/katholm-gods.dk\/wp-content\/uploads\/2022\/03\/IMG_0102-1024x576.jpg\" class=\"attachment-large size-large wp-image-945\" alt=\"\" srcset=\"https:\/\/katholm-gods.dk\/wp-content\/uploads\/2022\/03\/IMG_0102-1024x576.jpg 1024w, https:\/\/katholm-gods.dk\/wp-content\/uploads\/2022\/03\/IMG_0102-300x169.jpg 300w, https:\/\/katholm-gods.dk\/wp-content\/uploads\/2022\/03\/IMG_0102-768x432.jpg 768w, https:\/\/katholm-gods.dk\/wp-content\/uploads\/2022\/03\/IMG_0102-1536x864.jpg 1536w, https:\/\/katholm-gods.dk\/wp-content\/uploads\/2022\/03\/IMG_0102-2048x1152.jpg 2048w\" sizes=\"(max-width: 800px) 100vw, 800px\" \/>\t\t\t\t\t\t\t\t\t\t\t\t\t\t\t<\/div>\n\t\t\t\t<\/div>\n\t\t\t\t\t<\/div>\n\t\t\t\t<\/div>\n\t\t<div class=\"elementor-element elementor-element-fab9199 e-con-full e-flex e-con e-parent\" data-id=\"fab9199\" data-element_type=\"container\" data-e-type=\"container\" data-settings=\"{&quot;jet_parallax_layout_list&quot;:[]}\">\n\t\t\t\t\t\t\t<div class=\"elementor-element elementor-element-1lgir9z e-con e-atomic-element e-flexbox-base e-c8f247a-d963309\" data-id=\"1lgir9z\" data-element_type=\"e-flexbox\" data-e-type=\"e-flexbox\" data-interaction-id=\"c8f247a\" data-e-type=\"e-flexbox\" data-id=\"1lgir9z\">\n\t\t\t\t\t\t\t\n\t\t<img class=\"e-image-base e-cd66a10-7fe1d33\" \n\t\t\t\t\tdata-interaction-id=\"cd66a10\" \n\t\t \n\t\t data-e-type=\"widget\" data-id=\"1ub1g33\"\n\t\t\t\t\t\t\t\t\tid=\"539\"\n\t\t\t\t\t\t\t\t\t\t\t\tsrc=\"https:\/\/katholm-gods.dk\/wp-content\/uploads\/2022\/03\/benjamin-lecomte-wNKqC9YvG8A-unsplash-scaled.jpg\"\n\t\t\t\t\t\t\t\t\t\t\t\twidth=\"2560\"\n\t\t\t\t\t\t\t\t\t\t\t\theight=\"1922\"\n\t\t\t\t\t\t\t\t\t\t\t\tsrcset=\"https:\/\/katholm-gods.dk\/wp-content\/uploads\/2022\/03\/benjamin-lecomte-wNKqC9YvG8A-unsplash-scaled.jpg 2560w, https:\/\/katholm-gods.dk\/wp-content\/uploads\/2022\/03\/benjamin-lecomte-wNKqC9YvG8A-unsplash-300x225.jpg 300w, https:\/\/katholm-gods.dk\/wp-content\/uploads\/2022\/03\/benjamin-lecomte-wNKqC9YvG8A-unsplash-1024x769.jpg 1024w, https:\/\/katholm-gods.dk\/wp-content\/uploads\/2022\/03\/benjamin-lecomte-wNKqC9YvG8A-unsplash-768x577.jpg 768w, https:\/\/katholm-gods.dk\/wp-content\/uploads\/2022\/03\/benjamin-lecomte-wNKqC9YvG8A-unsplash-1536x1153.jpg 1536w, https:\/\/katholm-gods.dk\/wp-content\/uploads\/2022\/03\/benjamin-lecomte-wNKqC9YvG8A-unsplash-2048x1538.jpg 2048w\"\n\t\t\t\t\t\t\t\t\t\t\t\talt=\"\"\n\t\t\t\t\t\t\/>\n\t\t\t\t\t<div class=\"elementor-element elementor-element-0nu0y9f e-con e-atomic-element e-flexbox-base e-dd9ab89-ead58b1\" data-id=\"0nu0y9f\" data-element_type=\"e-flexbox\" data-e-type=\"e-flexbox\" data-interaction-id=\"dd9ab89\" data-e-type=\"e-flexbox\" data-id=\"0nu0y9f\">\n\t\t\t\t\t\t\t<h2 \n\t\tdata-interaction-id=\"68bc841\" \n\t\tclass=\"e-68bc841-4a9a022 e-heading-base\" \n\t\t \n\t\tdata-e-type=\"widget\" data-id=\"0pqs0im\"\n\t>\n\t\n\t\t\tJagt\n\t\t<\/h2>\n\t\t\t\t\t\t\t\t<p class=\"e-edbcb0e-cd4aa85 e-paragraph-base\" data-interaction-id=\"edbcb0e\"  data-e-type=\"widget\" data-id=\"13ptzob\">\n\t\t\t\t\t\t\t\tJagten er p.t. udlejet og opdelt i tre konsortier.<br><br>Der vil lejlighedsvis - og p\u00e5 foresp\u00f8rgsel - v\u00e6re mulighed for dagsjagter.&nbsp;<br><br>P\u00e5 Katholm findes der hjortevildt, samt en en p\u00e6n bestand af r\u00e5vildt, samt gode andehuller, samt mulighed for uds\u00e6tning af fasaner.<br><br>P\u00e5 Katholm er der fritg\u00e5ende Sikavildt, som har g\u00e5et p\u00e5 ejendommen siden 1920'erne.&nbsp;<br><br>Hvis der blive jagtomr\u00e5der ledige vil det blive annonceret her p\u00e5 siden.<br><br>Kontakt Nikolaj Klein vedr. jagt p\u00e5 Katholm.\n\t\t\t\t\t<\/p>\n\t\t\t\t\t    \t            <a\n            href=\"https:\/\/katholm-gods.dk\/landbrug-skovbrug-jagt\/jagt\/\" target=\"_self\"\n            class=\"primary_btn e-button-base\"\n            data-interaction-id=\"bed15b6\"\n             data-e-type=\"widget\" data-id=\"1ik38e7\"\n        >\n            L\u00e6s mere\n        <\/a>\n    \t\t\t\t<\/div>\n\t\t\t\t<\/div>\n\t\t\n\t\t\t\t<\/div>\n\t\t<div class=\"elementor-element elementor-element-9748cff e-flex e-con-boxed e-con e-parent\" data-id=\"9748cff\" data-element_type=\"container\" data-e-type=\"container\" data-settings=\"{&quot;jet_parallax_layout_list&quot;:[]}\">\n\t\t\t\t\t<div class=\"e-con-inner\">\n\t\t\t\t\t\t\t<div class=\"elementor-element elementor-element-0c0vigv e-con e-atomic-element e-flexbox-base e-cb2f69f-0de8f88 billede_tekst\" data-id=\"0c0vigv\" data-element_type=\"e-flexbox\" data-e-type=\"e-flexbox\" data-interaction-id=\"cb2f69f\" data-e-type=\"e-flexbox\" data-id=\"0c0vigv\">\n\t\t\t\t<div class=\"elementor-element elementor-element-014wphk e-con e-atomic-element e-flexbox-base e-dde0e9a-00cb34f\" data-id=\"014wphk\" data-element_type=\"e-flexbox\" data-e-type=\"e-flexbox\" data-interaction-id=\"dde0e9a\" data-e-type=\"e-flexbox\" data-id=\"014wphk\">\n\t\t\t\t\t\t\t<h2 \n\t\tdata-interaction-id=\"c03f34d\" \n\t\tclass=\"e-heading-base\" \n\t\t \n\t\tdata-e-type=\"widget\" data-id=\"0j2rbf6\"\n\t>\n\t\n\t\t\tLandbrug\n\t\t<\/h2>\n\t\t\t\t\t\t\t\t<p class=\"e-paragraph-base\" data-interaction-id=\"d4bacbd\"  data-e-type=\"widget\" data-id=\"1jauyn5\">\n\t\t\t\t\t\t\t\tGodset best\u00e5r af i alt 1170 hektar. Heraf 520 ha landbrug.<br><br>Landbruget er bortforpagtet til Gl. Estrup Gartneri - og drives som \u00f8kologisk landbrug.\n\t\t\t\t\t<\/p>\n\t\t\t\t\t    \t            <a\n            href=\"https:\/\/katholm-gods.dk\/landbrug-skovbrug-jagt\/landbrug\/\" target=\"_self\"\n            class=\"g-dbf095a primary_btn e-button-base\"\n            data-interaction-id=\"73b1374\"\n             data-e-type=\"widget\" data-id=\"1fnp54g\"\n        >\n            L\u00e6s mere\n        <\/a>\n    \t\t\t\t<\/div>\n\t\t\t\t\t\t\t\n\t\t<img class=\"e-image-base e-10f3d19-3646ae9\" \n\t\t\t\t\tdata-interaction-id=\"10f3d19\" \n\t\t \n\t\t data-e-type=\"widget\" data-id=\"0z0kojc\"\n\t\t\t\t\t\t\t\t\tid=\"1155\"\n\t\t\t\t\t\t\t\t\t\t\t\tsrc=\"https:\/\/katholm-gods.dk\/wp-content\/uploads\/2022\/04\/Mark-sol-scaled.jpg\"\n\t\t\t\t\t\t\t\t\t\t\t\twidth=\"2560\"\n\t\t\t\t\t\t\t\t\t\t\t\theight=\"1920\"\n\t\t\t\t\t\t\t\t\t\t\t\tsrcset=\"https:\/\/katholm-gods.dk\/wp-content\/uploads\/2022\/04\/Mark-sol-scaled.jpg 2560w, https:\/\/katholm-gods.dk\/wp-content\/uploads\/2022\/04\/Mark-sol-300x225.jpg 300w, https:\/\/katholm-gods.dk\/wp-content\/uploads\/2022\/04\/Mark-sol-1024x768.jpg 1024w, https:\/\/katholm-gods.dk\/wp-content\/uploads\/2022\/04\/Mark-sol-768x576.jpg 768w, https:\/\/katholm-gods.dk\/wp-content\/uploads\/2022\/04\/Mark-sol-1536x1152.jpg 1536w, https:\/\/katholm-gods.dk\/wp-content\/uploads\/2022\/04\/Mark-sol-2048x1536.jpg 2048w\"\n\t\t\t\t\t\t\t\t\t\t\t\talt=\"\"\n\t\t\t\t\t\t\/>\n\t\t\t\t\t<\/div>\n\t\t\n\t\t\t\t\t<\/div>\n\t\t\t\t<\/div>\n\t\t<div class=\"elementor-element elementor-element-4d10226 e-flex e-con-boxed e-con e-parent\" data-id=\"4d10226\" data-element_type=\"container\" data-e-type=\"container\" data-settings=\"{&quot;jet_parallax_layout_list&quot;:[],&quot;background_background&quot;:&quot;classic&quot;}\">\n\t\t\t\t\t<div class=\"e-con-inner\">\n\t\t<div class=\"elementor-element elementor-element-350c6b5 e-con-full e-flex e-con e-child\" data-id=\"350c6b5\" data-element_type=\"container\" data-e-type=\"container\" data-settings=\"{&quot;jet_parallax_layout_list&quot;:[]}\">\n\t\t\t\t<div class=\"elementor-element elementor-element-b437a61 elementor-widget elementor-widget-heading\" data-id=\"b437a61\" data-element_type=\"widget\" data-e-type=\"widget\" data-widget_type=\"heading.default\">\n\t\t\t\t\t<h2 class=\"elementor-heading-title elementor-size-default\">Contact us to hear more<\/h2>\t\t\t\t<\/div>\n\t\t\t\t<div class=\"elementor-element elementor-element-b8ac056 elementor-widget elementor-widget-button\" data-id=\"b8ac056\" data-element_type=\"widget\" data-e-type=\"widget\" data-widget_type=\"button.default\">\n\t\t\t\t\t\t\t\t\t\t<a class=\"elementor-button elementor-button-link elementor-size-sm elementor-animation-bob\" href=\"https:\/\/katholm-gods.dk\/en\/contact\/\">\n\t\t\t\t\t\t<span class=\"elementor-button-content-wrapper\">\n\t\t\t\t\t\t\t\t\t<span class=\"elementor-button-text\">Contact<\/span>\n\t\t\t\t\t<\/span>\n\t\t\t\t\t<\/a>\n\t\t\t\t\t\t\t\t<\/div>\n\t\t\t\t<\/div>\n\t\t\t\t<div class=\"elementor-element elementor-element-709a81e elementor-widget__width-initial elementor-widget-mobile__width-inherit elementor-button-align-stretch elementor-widget elementor-widget-form\" data-id=\"709a81e\" data-element_type=\"widget\" data-e-type=\"widget\" data-settings=\"{&quot;step_next_label&quot;:&quot;Next&quot;,&quot;step_previous_label&quot;:&quot;Earlier&quot;,&quot;button_width&quot;:&quot;100&quot;,&quot;step_type&quot;:&quot;number_text&quot;,&quot;step_icon_shape&quot;:&quot;circle&quot;}\" data-widget_type=\"form.default\">\n\t\t\t\t\t\t\t<form class=\"elementor-form\" method=\"post\" name=\"&#039;agriculture, forestry &amp; hunting&#039;\" aria-label=\"&#039;agriculture, forestry &amp; hunting&#039;\">\n\t\t\t<input type=\"hidden\" name=\"post_id\" value=\"1721\"\/>\n\t\t\t<input type=\"hidden\" name=\"form_id\" value=\"709a81e\"\/>\n\t\t\t<input type=\"hidden\" name=\"referer_title\" value=\"Agriculture, Forestry &amp; Hunting\" \/>\n\n\t\t\t\t\t\t\t<input type=\"hidden\" name=\"queried_id\" value=\"1721\"\/>\n\t\t\t\n\t\t\t<div class=\"elementor-form-fields-wrapper elementor-labels-\">\n\t\t\t\t\t\t\t\t<div class=\"elementor-field-type-text elementor-field-group elementor-column elementor-field-group-name elementor-col-50\">\n\t\t\t\t\t\t\t\t\t\t\t\t<label for=\"form-field-name\" class=\"elementor-field-label elementor-screen-only\">\n\t\t\t\t\t\t\t\tName\t\t\t\t\t\t\t<\/label>\n\t\t\t\t\t\t\t\t\t\t\t\t\t\t<input size=\"1\" type=\"text\" name=\"form_fields[name]\" id=\"form-field-name\" class=\"elementor-field elementor-size-md  elementor-field-textual\" placeholder=\"Name\">\n\t\t\t\t\t\t\t\t\t\t\t<\/div>\n\t\t\t\t\t\t\t\t<div class=\"elementor-field-type-email elementor-field-group elementor-column elementor-field-group-email elementor-col-50 elementor-field-required\">\n\t\t\t\t\t\t\t\t\t\t\t\t<label for=\"form-field-email\" class=\"elementor-field-label elementor-screen-only\">\n\t\t\t\t\t\t\t\tEmail\t\t\t\t\t\t\t<\/label>\n\t\t\t\t\t\t\t\t\t\t\t\t\t\t<input size=\"1\" type=\"email\" name=\"form_fields[email]\" id=\"form-field-email\" class=\"elementor-field elementor-size-md  elementor-field-textual\" placeholder=\"Email\" required=\"required\">\n\t\t\t\t\t\t\t\t\t\t\t<\/div>\n\t\t\t\t\t\t\t\t<div class=\"elementor-field-type-textarea elementor-field-group elementor-column elementor-field-group-message elementor-col-100\">\n\t\t\t\t\t\t\t\t\t\t\t\t<label for=\"form-field-message\" class=\"elementor-field-label elementor-screen-only\">\n\t\t\t\t\t\t\t\tAnnouncement\t\t\t\t\t\t\t<\/label>\n\t\t\t\t\t\t<textarea class=\"elementor-field-textual elementor-field  elementor-size-md\" name=\"form_fields[message]\" id=\"form-field-message\" rows=\"4\" placeholder=\"Announcement\"><\/textarea>\t\t\t\t<\/div>\n\t\t\t\t\t\t\t\t<div class=\"elementor-field-group elementor-column elementor-field-type-submit elementor-col-100 e-form__buttons\">\n\t\t\t\t\t<button class=\"elementor-button elementor-size-sm\" type=\"submit\">\n\t\t\t\t\t\t<span class=\"elementor-button-content-wrapper\">\n\t\t\t\t\t\t\t\t\t\t\t\t\t\t\t\t\t\t\t\t\t\t<span class=\"elementor-button-text\">send Message<\/span>\n\t\t\t\t\t\t\t\t\t\t\t\t\t<\/span>\n\t\t\t\t\t<\/button>\n\t\t\t\t<\/div>\n\t\t\t<\/div>\n\t\t<\/form>\n\t\t\t\t\t\t<\/div>\n\t\t\t\t\t<\/div>\n\t\t\t\t<\/div>\n\t\t\t\t<\/div>\n\t\t","protected":false},"excerpt":{"rendered":"<p>Forestry &amp; agriculture at Katholm Estate Agriculture Forestry Hunting Katholm Estate is located in scenic areas, and extends over 1170 hectares Forestry at Katholm Estate Traditional forestry &#8211; in certified forest. Read more Type your paragraph here This is a title Type your paragraph here Klik her M\u00f8delokalet Jagtstuen M\u00f8delokalet p\u00e5 Hovedbygningen ved Katholm, hvor [&hellip;]<\/p>\n","protected":false},"author":1,"featured_media":0,"parent":0,"menu_order":0,"comment_status":"closed","ping_status":"closed","template":"","meta":{"footnotes":""},"class_list":["post-1721","page","type-page","status-publish","hentry"],"_links":{"self":[{"href":"https:\/\/katholm-gods.dk\/en\/wp-json\/wp\/v2\/pages\/1721","targetHints":{"allow":["GET"]}}],"collection":[{"href":"https:\/\/katholm-gods.dk\/en\/wp-json\/wp\/v2\/pages"}],"about":[{"href":"https:\/\/katholm-gods.dk\/en\/wp-json\/wp\/v2\/types\/page"}],"author":[{"embeddable":true,"href":"https:\/\/katholm-gods.dk\/en\/wp-json\/wp\/v2\/users\/1"}],"replies":[{"embeddable":true,"href":"https:\/\/katholm-gods.dk\/en\/wp-json\/wp\/v2\/comments?post=1721"}],"version-history":[{"count":9,"href":"https:\/\/katholm-gods.dk\/en\/wp-json\/wp\/v2\/pages\/1721\/revisions"}],"predecessor-version":[{"id":4052,"href":"https:\/\/katholm-gods.dk\/en\/wp-json\/wp\/v2\/pages\/1721\/revisions\/4052"}],"wp:attachment":[{"href":"https:\/\/katholm-gods.dk\/en\/wp-json\/wp\/v2\/media?parent=1721"}],"curies":[{"name":"wp","href":"https:\/\/api.w.org\/{rel}","templated":true}]}}