{"id":2573,"date":"2025-12-08T15:07:38","date_gmt":"2025-12-08T14:07:38","guid":{"rendered":"https:\/\/katholm-gods.dk\/conference-and-meeting-facilities\/"},"modified":"2026-04-22T13:38:36","modified_gmt":"2026-04-22T11:38:36","slug":"conference-and-meeting-facilities","status":"publish","type":"page","link":"https:\/\/katholm-gods.dk\/en\/conference-and-meeting-facilities\/","title":{"rendered":"Conference and meeting facilities"},"content":{"rendered":"\t\t<div data-elementor-type=\"wp-page\" data-elementor-id=\"2573\" class=\"elementor elementor-2573 elementor-2569\" data-elementor-post-type=\"page\">\n\t\t\t\t<div class=\"elementor-element elementor-element-6e6623b e-flex e-con-boxed e-con e-parent\" data-id=\"6e6623b\" data-element_type=\"container\" data-e-type=\"container\" data-settings=\"{&quot;background_background&quot;:&quot;classic&quot;,&quot;jet_parallax_layout_list&quot;:[]}\">\n\t\t\t\t\t<div class=\"e-con-inner\">\n\t\t\t\t<div class=\"elementor-element elementor-element-0002e50 elementor-widget elementor-widget-heading\" data-id=\"0002e50\" data-element_type=\"widget\" data-e-type=\"widget\" data-widget_type=\"heading.default\">\n\t\t\t\t\t<h1 class=\"elementor-heading-title elementor-size-default\">Conference &amp; Meeting Room at<br> Katholm Estate<\/h1>\t\t\t\t<\/div>\n\t\t\t\t\t<\/div>\n\t\t\t\t<\/div>\n\t\t<div class=\"elementor-element elementor-element-41609f7 e-flex e-con-boxed e-con e-parent\" data-id=\"41609f7\" data-element_type=\"container\" data-e-type=\"container\" data-settings=\"{&quot;jet_parallax_layout_list&quot;:[]}\">\n\t\t\t\t\t<div class=\"e-con-inner\">\n\t\t\t\t\t\t\t<div class=\"elementor-element elementor-element-0phjk4i e-con e-atomic-element e-flexbox-base e-271ecde-a79207c billede_tekst\" data-id=\"0phjk4i\" data-element_type=\"e-flexbox\" data-e-type=\"e-flexbox\" data-interaction-id=\"271ecde\" data-e-type=\"e-flexbox\" data-id=\"0phjk4i\">\n\t\t\t\t\t\t\t\n\t\t<img class=\"e-image-base e-e6257dc-3a0ce7a\" \n\t\t\t\t\tdata-interaction-id=\"e6257dc\" \n\t\t \n\t\t data-e-type=\"widget\" data-id=\"1oue0wp\"\n\t\t\t\t\t\t\t\t\tid=\"2546\"\n\t\t\t\t\t\t\t\t\t\t\t\tsrc=\"https:\/\/katholm-gods.dk\/wp-content\/uploads\/2025\/12\/Jagtstue-1-scaled.jpg\"\n\t\t\t\t\t\t\t\t\t\t\t\twidth=\"2560\"\n\t\t\t\t\t\t\t\t\t\t\t\theight=\"1920\"\n\t\t\t\t\t\t\t\t\t\t\t\tsrcset=\"https:\/\/katholm-gods.dk\/wp-content\/uploads\/2025\/12\/Jagtstue-1-scaled.jpg 2560w, https:\/\/katholm-gods.dk\/wp-content\/uploads\/2025\/12\/Jagtstue-1-300x225.jpg 300w, https:\/\/katholm-gods.dk\/wp-content\/uploads\/2025\/12\/Jagtstue-1-1024x768.jpg 1024w, https:\/\/katholm-gods.dk\/wp-content\/uploads\/2025\/12\/Jagtstue-1-768x576.jpg 768w, https:\/\/katholm-gods.dk\/wp-content\/uploads\/2025\/12\/Jagtstue-1-1536x1152.jpg 1536w, https:\/\/katholm-gods.dk\/wp-content\/uploads\/2025\/12\/Jagtstue-1-2048x1536.jpg 2048w\"\n\t\t\t\t\t\t\t\t\t\t\t\talt=\"\"\n\t\t\t\t\t\t\/>\n\t\t\t\t\t<div class=\"elementor-element elementor-element-0rn7lga e-con e-atomic-element e-flexbox-base e-434424f-f01e00f\" data-id=\"0rn7lga\" data-element_type=\"e-flexbox\" data-e-type=\"e-flexbox\" data-interaction-id=\"434424f\" data-e-type=\"e-flexbox\" data-id=\"0rn7lga\">\n\t\t\t\t\t\t\t<h2 \n\t\tdata-interaction-id=\"9db6775\" \n\t\tclass=\"e-heading-base\" \n\t\t \n\t\tdata-e-type=\"widget\" data-id=\"0va9c3d\"\n\t>\n\t\n\t\t\tM\u00f8delokalet Jagtstuen\n\t\t<\/h2>\n\t\t\t\t\t\t\t\t<p class=\"e-paragraph-base\" data-interaction-id=\"0082375\"  data-e-type=\"widget\" data-id=\"12k0ida\">\n\t\t\t\t\t\t\t\tM\u00f8delokalet p\u00e5 Hovedbygningen ved Katholm, hvor der er mulighed for holde m\u00f8de t\u00e6t p\u00e5 naturen og i unikke omgivelser.&nbsp;<br><br>Der er mulighed for m\u00f8debordsopstilling til 15 personer - eller konference opstilling med plads til 40 personer.<br><br>Forplejning kan tilk\u00f8bes efter aftale.\n\t\t\t\t\t<\/p>\n\t\t\t\t\t    \t            <a\n            href=\"https:\/\/katholm-gods.dk\/booking-konference-og-moedefaciliteter\/\" target=\"_self\"\n            class=\"g-dbf095a primary_btn e-button-base\"\n            data-interaction-id=\"6a885df\"\n             data-e-type=\"widget\" data-id=\"0wwo6qt\"\n        >\n            Book nu\n        <\/a>\n    \t\t\t\t<\/div>\n\t\t\t\t<\/div>\n\t\t\n\t\t\t\t\t<\/div>\n\t\t\t\t<\/div>\n\t\t<div class=\"elementor-element elementor-element-4539e15 e-flex e-con-boxed e-con e-parent\" data-id=\"4539e15\" data-element_type=\"container\" data-e-type=\"container\" data-settings=\"{&quot;jet_parallax_layout_list&quot;:[]}\">\n\t\t\t\t\t<div class=\"e-con-inner\">\n\t\t\t\t\t\t\t<div class=\"elementor-element elementor-element-0l84tvr e-con e-atomic-element e-flexbox-base e-cb2f69f-0de8f88 billede_tekst\" data-id=\"0l84tvr\" data-element_type=\"e-flexbox\" data-e-type=\"e-flexbox\" data-interaction-id=\"cb2f69f\" data-e-type=\"e-flexbox\" data-id=\"0l84tvr\">\n\t\t\t\t<div class=\"elementor-element elementor-element-15uhzhs e-con e-atomic-element e-flexbox-base e-dde0e9a-00cb34f\" data-id=\"15uhzhs\" data-element_type=\"e-flexbox\" data-e-type=\"e-flexbox\" data-interaction-id=\"dde0e9a\" data-e-type=\"e-flexbox\" data-id=\"15uhzhs\">\n\t\t\t\t\t\t\t<h2 \n\t\tdata-interaction-id=\"c03f34d\" \n\t\tclass=\"e-heading-base\" \n\t\t \n\t\tdata-e-type=\"widget\" data-id=\"1n3mfze\"\n\t>\n\t\n\t\t\tForplejning \n\t\t<\/h2>\n\t\t\t\t\t\t\t\t<p class=\"e-paragraph-base\" data-interaction-id=\"d4bacbd\"  data-e-type=\"widget\" data-id=\"12yyeft\">\n\t\t\t\t\t\t\t\tDer mulighed for at tilk\u00f8be forplejning - vi im\u00f8dekommer jeres \u00f8nsker.<br><br>Kontakt os for et opl\u00e6g der passer til jeres arrangement.\n\t\t\t\t\t<\/p>\n\t\t\t\t\t    \t            <a\n            href=\"https:\/\/katholm-gods.dk\/kontakt\/\" target=\"_self\"\n            class=\"g-dbf095a primary_btn e-button-base\"\n            data-interaction-id=\"73b1374\"\n             data-e-type=\"widget\" data-id=\"0kt0k94\"\n        >\n            Kontakt os for at h\u00f8re mere\n        <\/a>\n    \t\t\t\t<\/div>\n\t\t\t\t\t\t\t\n\t\t<img class=\"e-image-base e-10f3d19-3646ae9\" \n\t\t\t\t\tdata-interaction-id=\"10f3d19\" \n\t\t \n\t\t data-e-type=\"widget\" data-id=\"045vq80\"\n\t\t\t\t\t\t\t\t\tid=\"2549\"\n\t\t\t\t\t\t\t\t\t\t\t\tsrc=\"https:\/\/katholm-gods.dk\/wp-content\/uploads\/2025\/12\/Jagtstue-Jagtfrokost.jpg\"\n\t\t\t\t\t\t\t\t\t\t\t\twidth=\"2016\"\n\t\t\t\t\t\t\t\t\t\t\t\theight=\"1512\"\n\t\t\t\t\t\t\t\t\t\t\t\tsrcset=\"https:\/\/katholm-gods.dk\/wp-content\/uploads\/2025\/12\/Jagtstue-Jagtfrokost.jpg 2016w, https:\/\/katholm-gods.dk\/wp-content\/uploads\/2025\/12\/Jagtstue-Jagtfrokost-300x225.jpg 300w, https:\/\/katholm-gods.dk\/wp-content\/uploads\/2025\/12\/Jagtstue-Jagtfrokost-1024x768.jpg 1024w, https:\/\/katholm-gods.dk\/wp-content\/uploads\/2025\/12\/Jagtstue-Jagtfrokost-768x576.jpg 768w, https:\/\/katholm-gods.dk\/wp-content\/uploads\/2025\/12\/Jagtstue-Jagtfrokost-1536x1152.jpg 1536w\"\n\t\t\t\t\t\t\t\t\t\t\t\talt=\"\"\n\t\t\t\t\t\t\/>\n\t\t\t\t\t<\/div>\n\t\t\n\t\t\t\t\t<\/div>\n\t\t\t\t<\/div>\n\t\t<div class=\"elementor-element elementor-element-e7106bb e-flex e-con-boxed e-con e-parent\" data-id=\"e7106bb\" data-element_type=\"container\" data-e-type=\"container\" data-settings=\"{&quot;jet_parallax_layout_list&quot;:[],&quot;background_background&quot;:&quot;classic&quot;}\">\n\t\t\t\t\t<div class=\"e-con-inner\">\n\t\t<div class=\"elementor-element elementor-element-6b2ec12 e-con-full e-flex e-con e-child\" data-id=\"6b2ec12\" data-element_type=\"container\" data-e-type=\"container\" data-settings=\"{&quot;jet_parallax_layout_list&quot;:[]}\">\n\t\t\t\t<div class=\"elementor-element elementor-element-543a1fd elementor-widget elementor-widget-heading\" data-id=\"543a1fd\" data-element_type=\"widget\" data-e-type=\"widget\" data-widget_type=\"heading.default\">\n\t\t\t\t\t<h2 class=\"elementor-heading-title elementor-size-default\">Contact us to hear more about the meeting facilities at Katholm Gods.<\/h2>\t\t\t\t<\/div>\n\t\t\t\t<div class=\"elementor-element elementor-element-ff51181 elementor-widget elementor-widget-text-editor\" data-id=\"ff51181\" data-element_type=\"widget\" data-e-type=\"widget\" data-widget_type=\"text-editor.default\">\n\t\t\t\t\t\t\t\t\t<p>Contact Marie Therese Collet Klein<\/p>\t\t\t\t\t\t\t\t<\/div>\n\t\t\t\t<div class=\"elementor-element elementor-element-f329677 elementor-widget elementor-widget-button\" data-id=\"f329677\" data-element_type=\"widget\" data-e-type=\"widget\" data-widget_type=\"button.default\">\n\t\t\t\t\t\t\t\t\t\t<a class=\"elementor-button elementor-button-link elementor-size-sm elementor-animation-bob\" href=\"https:\/\/katholm-gods.dk\/en\/contact\/\">\n\t\t\t\t\t\t<span class=\"elementor-button-content-wrapper\">\n\t\t\t\t\t\t\t\t\t<span class=\"elementor-button-text\">Contact<\/span>\n\t\t\t\t\t<\/span>\n\t\t\t\t\t<\/a>\n\t\t\t\t\t\t\t\t<\/div>\n\t\t\t\t<\/div>\n\t\t\t\t<div class=\"elementor-element elementor-element-72fff4f elementor-widget__width-initial elementor-widget-mobile__width-inherit elementor-button-align-stretch elementor-widget elementor-widget-form\" data-id=\"72fff4f\" data-element_type=\"widget\" data-e-type=\"widget\" data-settings=\"{&quot;step_next_label&quot;:&quot;Next&quot;,&quot;step_previous_label&quot;:&quot;Earlier&quot;,&quot;button_width&quot;:&quot;100&quot;,&quot;step_type&quot;:&quot;number_text&quot;,&quot;step_icon_shape&quot;:&quot;circle&quot;}\" data-widget_type=\"form.default\">\n\t\t\t\t\t\t\t<form class=\"elementor-form\" method=\"post\" name=\"Meeting facilities\" aria-label=\"Meeting facilities\">\n\t\t\t<input type=\"hidden\" name=\"post_id\" value=\"2573\"\/>\n\t\t\t<input type=\"hidden\" name=\"form_id\" value=\"72fff4f\"\/>\n\t\t\t<input type=\"hidden\" name=\"referer_title\" value=\"Conference and meeting facilities\" \/>\n\n\t\t\t\t\t\t\t<input type=\"hidden\" name=\"queried_id\" value=\"2573\"\/>\n\t\t\t\n\t\t\t<div class=\"elementor-form-fields-wrapper elementor-labels-\">\n\t\t\t\t\t\t\t\t<div class=\"elementor-field-type-text elementor-field-group elementor-column elementor-field-group-name elementor-col-50\">\n\t\t\t\t\t\t\t\t\t\t\t\t<label for=\"form-field-name\" class=\"elementor-field-label elementor-screen-only\">\n\t\t\t\t\t\t\t\tName\t\t\t\t\t\t\t<\/label>\n\t\t\t\t\t\t\t\t\t\t\t\t\t\t<input size=\"1\" type=\"text\" name=\"form_fields[name]\" id=\"form-field-name\" class=\"elementor-field elementor-size-md  elementor-field-textual\" placeholder=\"Name\">\n\t\t\t\t\t\t\t\t\t\t\t<\/div>\n\t\t\t\t\t\t\t\t<div class=\"elementor-field-type-email elementor-field-group elementor-column elementor-field-group-email elementor-col-50 elementor-field-required\">\n\t\t\t\t\t\t\t\t\t\t\t\t<label for=\"form-field-email\" class=\"elementor-field-label elementor-screen-only\">\n\t\t\t\t\t\t\t\tEmail\t\t\t\t\t\t\t<\/label>\n\t\t\t\t\t\t\t\t\t\t\t\t\t\t<input size=\"1\" type=\"email\" name=\"form_fields[email]\" id=\"form-field-email\" class=\"elementor-field elementor-size-md  elementor-field-textual\" placeholder=\"Email\" required=\"required\">\n\t\t\t\t\t\t\t\t\t\t\t<\/div>\n\t\t\t\t\t\t\t\t<div class=\"elementor-field-type-textarea elementor-field-group elementor-column elementor-field-group-message elementor-col-100\">\n\t\t\t\t\t\t\t\t\t\t\t\t<label for=\"form-field-message\" class=\"elementor-field-label elementor-screen-only\">\n\t\t\t\t\t\t\t\tAnnouncement\t\t\t\t\t\t\t<\/label>\n\t\t\t\t\t\t<textarea class=\"elementor-field-textual elementor-field  elementor-size-md\" name=\"form_fields[message]\" id=\"form-field-message\" rows=\"4\" placeholder=\"Announcement\"><\/textarea>\t\t\t\t<\/div>\n\t\t\t\t\t\t\t\t<div class=\"elementor-field-group elementor-column elementor-field-type-submit elementor-col-100 e-form__buttons\">\n\t\t\t\t\t<button class=\"elementor-button elementor-size-sm\" type=\"submit\">\n\t\t\t\t\t\t<span class=\"elementor-button-content-wrapper\">\n\t\t\t\t\t\t\t\t\t\t\t\t\t\t\t\t\t\t\t\t\t\t<span class=\"elementor-button-text\">send Message<\/span>\n\t\t\t\t\t\t\t\t\t\t\t\t\t<\/span>\n\t\t\t\t\t<\/button>\n\t\t\t\t<\/div>\n\t\t\t<\/div>\n\t\t<\/form>\n\t\t\t\t\t\t<\/div>\n\t\t\t\t\t<\/div>\n\t\t\t\t<\/div>\n\t\t\t\t<\/div>\n\t\t","protected":false},"excerpt":{"rendered":"<p>Conference &amp; Meeting Room at Katholm Estate This is a title Type your paragraph here Klik her M\u00f8delokalet Jagtstuen M\u00f8delokalet p\u00e5 Hovedbygningen ved Katholm, hvor der er mulighed for holde m\u00f8de t\u00e6t p\u00e5 naturen og i unikke omgivelser.&nbsp; Der er mulighed for m\u00f8debordsopstilling til 15 personer &#8211; eller konference opstilling med plads til 40 personer. [&hellip;]<\/p>\n","protected":false},"author":2,"featured_media":0,"parent":0,"menu_order":0,"comment_status":"closed","ping_status":"closed","template":"","meta":{"footnotes":""},"class_list":["post-2573","page","type-page","status-publish","hentry"],"_links":{"self":[{"href":"https:\/\/katholm-gods.dk\/en\/wp-json\/wp\/v2\/pages\/2573","targetHints":{"allow":["GET"]}}],"collection":[{"href":"https:\/\/katholm-gods.dk\/en\/wp-json\/wp\/v2\/pages"}],"about":[{"href":"https:\/\/katholm-gods.dk\/en\/wp-json\/wp\/v2\/types\/page"}],"author":[{"embeddable":true,"href":"https:\/\/katholm-gods.dk\/en\/wp-json\/wp\/v2\/users\/2"}],"replies":[{"embeddable":true,"href":"https:\/\/katholm-gods.dk\/en\/wp-json\/wp\/v2\/comments?post=2573"}],"version-history":[{"count":12,"href":"https:\/\/katholm-gods.dk\/en\/wp-json\/wp\/v2\/pages\/2573\/revisions"}],"predecessor-version":[{"id":3790,"href":"https:\/\/katholm-gods.dk\/en\/wp-json\/wp\/v2\/pages\/2573\/revisions\/3790"}],"wp:attachment":[{"href":"https:\/\/katholm-gods.dk\/en\/wp-json\/wp\/v2\/media?parent=2573"}],"curies":[{"name":"wp","href":"https:\/\/api.w.org\/{rel}","templated":true}]}}